{"id":106,"date":"2019-03-26T14:24:41","date_gmt":"2019-03-26T13:24:41","guid":{"rendered":"http:\/\/moroccoroads.com\/?page_id=106"},"modified":"2019-05-26T17:53:49","modified_gmt":"2019-05-26T16:53:49","slug":"como-es-marruecos","status":"publish","type":"page","link":"https:\/\/moroccoroads.com\/?page_id=106","title":{"rendered":"\u00bfC\u00f3mo es Marruecos?"},"content":{"rendered":"\n<p><strong>Marruecos<\/strong> es el <strong>reino de los sentidos<\/strong> del que te enamorar\u00e1s. <\/p>\n\n\n\n<p>Es un <strong>pa\u00eds milenario<\/strong>, heredero de <strong>siglos de tradici\u00f3n<\/strong>. Sin embargo, su <strong>cultura <\/strong>est\u00e1 <strong>viva <\/strong>y la encarnan d\u00eda tras d\u00eda los peque\u00f1os gestos cotidianos, las fiestas, los rituales y las costumbres. Al\u00f3jate un tiempo all\u00ed e <strong>impr\u00e9gnate de su paz y su arte de vivir<\/strong>.<\/p>\n\n\n\n<p>Lo mejor es que te pasees por las ciudades y los pueblos, entre las callejuelas estrechas de sus <strong>cascos antiguos.<\/strong> Descubrir\u00e1s el contraste de sus pueblecitos &#8211; con sus calles cuajadas de peque\u00f1as tiendas, sus<strong> zocos<\/strong>, sus puestos callejeros, donde parece que el tiempo se ha detenido \u2013 y las grandes ciudades como <strong>Casablanca, Rabat <\/strong>o<strong> Marrakech<\/strong>, donde una poblaci\u00f3n occidentalizada ofrece al viajero una visi\u00f3n diferente. <\/p>\n\n\n\n<ul class=\"wp-block-gallery columns-2 is-cropped wp-block-gallery-1 is-layout-flex wp-block-gallery-is-layout-flex\"><li class=\"blocks-gallery-item\"><figure><img loading=\"lazy\" decoding=\"async\" width=\"738\" height=\"1024\" src=\"https:\/\/moroccoroads.com\/wp-content\/uploads\/2019\/03\/17-bis-738x1024.jpg\" alt=\"\" data-id=\"107\" data-link=\"https:\/\/moroccoroads.com\/?attachment_id=107\" class=\"wp-image-107\" srcset=\"https:\/\/moroccoroads.com\/wp-content\/uploads\/2019\/03\/17-bis-738x1024.jpg 738w, https:\/\/moroccoroads.com\/wp-content\/uploads\/2019\/03\/17-bis-216x300.jpg 216w, https:\/\/moroccoroads.com\/wp-content\/uploads\/2019\/03\/17-bis-768x1065.jpg 768w, https:\/\/moroccoroads.com\/wp-content\/uploads\/2019\/03\/17-bis.jpg 923w\" sizes=\"auto, (max-width: 738px) 100vw, 738px\" \/><\/figure><\/li><li class=\"blocks-gallery-item\"><figure><img loading=\"lazy\" decoding=\"async\" width=\"902\" height=\"1024\" src=\"https:\/\/moroccoroads.com\/wp-content\/uploads\/2019\/03\/17-902x1024.jpg\" alt=\"\" data-id=\"108\" data-link=\"https:\/\/moroccoroads.com\/?attachment_id=108\" class=\"wp-image-108\" srcset=\"https:\/\/moroccoroads.com\/wp-content\/uploads\/2019\/03\/17-902x1024.jpg 902w, https:\/\/moroccoroads.com\/wp-content\/uploads\/2019\/03\/17-264x300.jpg 264w, https:\/\/moroccoroads.com\/wp-content\/uploads\/2019\/03\/17-768x872.jpg 768w, https:\/\/moroccoroads.com\/wp-content\/uploads\/2019\/03\/17-1080x1226.jpg 1080w, https:\/\/moroccoroads.com\/wp-content\/uploads\/2019\/03\/17.jpg 1409w\" sizes=\"auto, (max-width: 902px) 100vw, 902px\" \/><\/figure><\/li><\/ul>\n\n\n\n<p>Sin embargo, en ellas en sus <strong>antiguas\nMedinas<\/strong> se esconden mezquitas, zocos, palacios y jardines, que nos\nrecordar\u00e1n que <strong>Marruecos es un pa\u00eds de\ncontrastes.<\/strong><\/p>\n\n\n\n<p>Marruecos es <strong>la puerta al desierto<\/strong> y ofrece al viajero unas esplendidas <strong>dunas, oasis<\/strong> escondidos y <strong>amaneceres m\u00e1gicos <\/strong>en lugares como <strong>Merzouga, un<\/strong> pueblecito perdido en mitad de la arena que es la puerta este del Sahara. Es el territorio del <strong>Erg Chebbi,<\/strong> un mundo de <strong>dunas, palmerales, pistas y rutas de senderismo<\/strong>. Enormes extensiones de arena ba\u00f1adas por el sol y el silencio. Y en mitad de esta \u00e1rida inmensidad, de pronto, detr\u00e1s de una duna avistar\u00e1s un lago: el <strong>Dayet Srji.&nbsp;<\/strong><\/p>\n\n\n\n<ul class=\"wp-block-gallery columns-3 is-cropped wp-block-gallery-2 is-layout-flex wp-block-gallery-is-layout-flex\"><li class=\"blocks-gallery-item\"><figure><img loading=\"lazy\" decoding=\"async\" width=\"960\" height=\"720\" src=\"https:\/\/moroccoroads.com\/wp-content\/uploads\/2019\/03\/18.jpg\" alt=\"\" data-id=\"109\" data-link=\"https:\/\/moroccoroads.com\/?attachment_id=109\" class=\"wp-image-109\" srcset=\"https:\/\/moroccoroads.com\/wp-content\/uploads\/2019\/03\/18.jpg 960w, https:\/\/moroccoroads.com\/wp-content\/uploads\/2019\/03\/18-300x225.jpg 300w, https:\/\/moroccoroads.com\/wp-content\/uploads\/2019\/03\/18-768x576.jpg 768w, https:\/\/moroccoroads.com\/wp-content\/uploads\/2019\/03\/18-510x382.jpg 510w\" sizes=\"auto, (max-width: 960px) 100vw, 960px\" \/><\/figure><\/li><li class=\"blocks-gallery-item\"><figure><img loading=\"lazy\" decoding=\"async\" width=\"297\" height=\"297\" src=\"https:\/\/moroccoroads.com\/wp-content\/uploads\/2019\/05\/04795450-da46-4f8e-834a-ab1995c01114.jpg\" alt=\"\" data-id=\"761\" data-link=\"https:\/\/moroccoroads.com\/?attachment_id=761\" class=\"wp-image-761\" srcset=\"https:\/\/moroccoroads.com\/wp-content\/uploads\/2019\/05\/04795450-da46-4f8e-834a-ab1995c01114.jpg 297w, https:\/\/moroccoroads.com\/wp-content\/uploads\/2019\/05\/04795450-da46-4f8e-834a-ab1995c01114-150x150.jpg 150w\" sizes=\"auto, (max-width: 297px) 100vw, 297px\" \/><\/figure><\/li><li class=\"blocks-gallery-item\"><figure><img loading=\"lazy\" decoding=\"async\" width=\"960\" height=\"641\" src=\"https:\/\/moroccoroads.com\/wp-content\/uploads\/2019\/03\/15.jpg\" alt=\"\" data-id=\"100\" data-link=\"https:\/\/moroccoroads.com\/?attachment_id=100\" class=\"wp-image-100\" srcset=\"https:\/\/moroccoroads.com\/wp-content\/uploads\/2019\/03\/15.jpg 960w, https:\/\/moroccoroads.com\/wp-content\/uploads\/2019\/03\/15-300x200.jpg 300w, https:\/\/moroccoroads.com\/wp-content\/uploads\/2019\/03\/15-768x513.jpg 768w\" sizes=\"auto, (max-width: 960px) 100vw, 960px\" \/><\/figure><\/li><\/ul>\n\n\n\n<p>Es el sue\u00f1o de los amantes del<strong> surf, windsurf y kitesurf, <\/strong>que dominan las olas de <strong>Sidi Kaouki <\/strong>o<strong> Essaouira, <\/strong>la antigua Mogador, que, con sus muros almenados, la caricia de los vientos alisios y sus fachadas blancas y azules, se ha ganado a pulso el sobrenombre de<strong> \u201cla novia del Atl\u00e1ntico\u201d<\/strong><\/p>\n\n\n\n<ul class=\"wp-block-gallery columns-2 is-cropped wp-block-gallery-3 is-layout-flex wp-block-gallery-is-layout-flex\"><li class=\"blocks-gallery-item\"><figure><img loading=\"lazy\" decoding=\"async\" width=\"871\" height=\"474\" src=\"https:\/\/moroccoroads.com\/wp-content\/uploads\/2019\/03\/70.jpg\" alt=\"\" data-id=\"218\" data-link=\"https:\/\/moroccoroads.com\/?attachment_id=218\" class=\"wp-image-218\" srcset=\"https:\/\/moroccoroads.com\/wp-content\/uploads\/2019\/03\/70.jpg 871w, https:\/\/moroccoroads.com\/wp-content\/uploads\/2019\/03\/70-300x163.jpg 300w, https:\/\/moroccoroads.com\/wp-content\/uploads\/2019\/03\/70-768x418.jpg 768w\" sizes=\"auto, (max-width: 871px) 100vw, 871px\" \/><\/figure><\/li><li class=\"blocks-gallery-item\"><figure><img loading=\"lazy\" decoding=\"async\" width=\"1024\" height=\"768\" src=\"https:\/\/moroccoroads.com\/wp-content\/uploads\/2019\/05\/11-1024x768.jpg\" alt=\"\" data-id=\"691\" data-link=\"https:\/\/moroccoroads.com\/?attachment_id=691\" class=\"wp-image-691\" srcset=\"https:\/\/moroccoroads.com\/wp-content\/uploads\/2019\/05\/11.jpg 1024w, https:\/\/moroccoroads.com\/wp-content\/uploads\/2019\/05\/11-300x225.jpg 300w, https:\/\/moroccoroads.com\/wp-content\/uploads\/2019\/05\/11-768x576.jpg 768w\" sizes=\"auto, (max-width: 1024px) 100vw, 1024px\" \/><\/figure><\/li><\/ul>\n\n\n\n<p>Pero tambi\u00e9n es el pa\u00eds del majestuoso <strong>Atlas<\/strong>\ny sus innumerables maravillas. En \u00e9l podr\u00e1s contemplar las espl\u00e9ndidas <strong>cascadas de Ouzoud<\/strong>, dejarte sorprender\npor el impresionante <strong>puente natural de\nImi N\u2019Ifri <\/strong>o admirar el agua de un profundo azul turquesa del <strong>lago de Bin El Ouidane,<\/strong><\/p>\n\n\n\n<figure class=\"wp-block-image\"><img loading=\"lazy\" decoding=\"async\" width=\"1020\" height=\"1024\" src=\"https:\/\/moroccoroads.com\/wp-content\/uploads\/2019\/03\/20-1020x1024.jpg\" alt=\"\" class=\"wp-image-111\" srcset=\"https:\/\/moroccoroads.com\/wp-content\/uploads\/2019\/03\/20-1020x1024.jpg 1020w, https:\/\/moroccoroads.com\/wp-content\/uploads\/2019\/03\/20-150x150.jpg 150w, https:\/\/moroccoroads.com\/wp-content\/uploads\/2019\/03\/20-300x300.jpg 300w, https:\/\/moroccoroads.com\/wp-content\/uploads\/2019\/03\/20-768x771.jpg 768w, https:\/\/moroccoroads.com\/wp-content\/uploads\/2019\/03\/20-1080x1085.jpg 1080w, https:\/\/moroccoroads.com\/wp-content\/uploads\/2019\/03\/20.jpg 1420w\" sizes=\"auto, (max-width: 1020px) 100vw, 1020px\" \/><\/figure>\n\n\n\n<p>Y poner rumbo al \u00faltimo destino ineludible, el <strong>valle de A\u00eft Bouguemez<\/strong> \u2013 el valle feliz como se le conoce &#8211;\ndominado por la majestuosa monta\u00f1a de<strong>\nM&#8217;goun<\/strong> de m\u00e1s de 4.071 metros de altura. <\/p>\n\n\n\n<p><strong>Cada viajero<\/strong> que pisa Marruecos<strong> descubre algo diferente,<\/strong> sus gentes, su cultura, sus paisajes, su gastronom\u00eda\u2026Descubrir\u00e1 la tradici\u00f3n de la vida bereber en medio de un pa\u00eds moderno que se ha transformando completamente en el \u00faltimo siglo.<\/p>\n\n\n\n<ul class=\"wp-block-gallery columns-2 is-cropped wp-block-gallery-4 is-layout-flex wp-block-gallery-is-layout-flex\"><li class=\"blocks-gallery-item\"><figure><img loading=\"lazy\" decoding=\"async\" width=\"337\" height=\"450\" src=\"https:\/\/moroccoroads.com\/wp-content\/uploads\/2019\/03\/21.jpg\" alt=\"\" data-id=\"112\" data-link=\"https:\/\/moroccoroads.com\/?attachment_id=112\" class=\"wp-image-112\" srcset=\"https:\/\/moroccoroads.com\/wp-content\/uploads\/2019\/03\/21.jpg 337w, https:\/\/moroccoroads.com\/wp-content\/uploads\/2019\/03\/21-225x300.jpg 225w\" sizes=\"auto, (max-width: 337px) 100vw, 337px\" \/><\/figure><\/li><li class=\"blocks-gallery-item\"><figure><img loading=\"lazy\" decoding=\"async\" width=\"760\" height=\"480\" src=\"https:\/\/moroccoroads.com\/wp-content\/uploads\/2019\/03\/22.jpg\" alt=\"\" data-id=\"113\" data-link=\"https:\/\/moroccoroads.com\/?attachment_id=113\" class=\"wp-image-113\" srcset=\"https:\/\/moroccoroads.com\/wp-content\/uploads\/2019\/03\/22.jpg 760w, https:\/\/moroccoroads.com\/wp-content\/uploads\/2019\/03\/22-300x189.jpg 300w\" sizes=\"auto, (max-width: 760px) 100vw, 760px\" \/><\/figure><\/li><\/ul>\n\n\n\n<figure class=\"wp-block-image\"><img loading=\"lazy\" decoding=\"async\" width=\"960\" height=\"540\" src=\"https:\/\/moroccoroads.com\/wp-content\/uploads\/2019\/03\/23.jpg\" alt=\"\" class=\"wp-image-114\" srcset=\"https:\/\/moroccoroads.com\/wp-content\/uploads\/2019\/03\/23.jpg 960w, https:\/\/moroccoroads.com\/wp-content\/uploads\/2019\/03\/23-300x169.jpg 300w, https:\/\/moroccoroads.com\/wp-content\/uploads\/2019\/03\/23-768x432.jpg 768w\" sizes=\"auto, (max-width: 960px) 100vw, 960px\" \/><\/figure>\n","protected":false},"excerpt":{"rendered":"<p>Marruecos es el reino de los sentidos del que te enamorar\u00e1s. Es un pa\u00eds milenario, heredero de siglos de tradici\u00f3n. Sin embargo, su cultura est\u00e1 viva y la encarnan d\u00eda tras d\u00eda los peque\u00f1os gestos cotidianos, las fiestas, los rituales y las costumbres. Al\u00f3jate un tiempo all\u00ed e impr\u00e9gnate de su paz y su arte [&hellip;]<\/p>\n","protected":false},"author":1,"featured_media":0,"parent":94,"menu_order":0,"comment_status":"closed","ping_status":"closed","template":"","meta":{"footnotes":""},"class_list":["post-106","page","type-page","status-publish","hentry"],"_links":{"self":[{"href":"https:\/\/moroccoroads.com\/index.php?rest_route=\/wp\/v2\/pages\/106","targetHints":{"allow":["GET"]}}],"collection":[{"href":"https:\/\/moroccoroads.com\/index.php?rest_route=\/wp\/v2\/pages"}],"about":[{"href":"https:\/\/moroccoroads.com\/index.php?rest_route=\/wp\/v2\/types\/page"}],"author":[{"embeddable":true,"href":"https:\/\/moroccoroads.com\/index.php?rest_route=\/wp\/v2\/users\/1"}],"replies":[{"embeddable":true,"href":"https:\/\/moroccoroads.com\/index.php?rest_route=%2Fwp%2Fv2%2Fcomments&post=106"}],"version-history":[{"count":8,"href":"https:\/\/moroccoroads.com\/index.php?rest_route=\/wp\/v2\/pages\/106\/revisions"}],"predecessor-version":[{"id":768,"href":"https:\/\/moroccoroads.com\/index.php?rest_route=\/wp\/v2\/pages\/106\/revisions\/768"}],"up":[{"embeddable":true,"href":"https:\/\/moroccoroads.com\/index.php?rest_route=\/wp\/v2\/pages\/94"}],"wp:attachment":[{"href":"https:\/\/moroccoroads.com\/index.php?rest_route=%2Fwp%2Fv2%2Fmedia&parent=106"}],"curies":[{"name":"wp","href":"https:\/\/api.w.org\/{rel}","templated":true}]}}