{"id":119,"date":"2019-03-26T20:33:55","date_gmt":"2019-03-26T19:33:55","guid":{"rendered":"http:\/\/moroccoroads.com\/?page_id=119"},"modified":"2019-06-11T22:33:34","modified_gmt":"2019-06-11T21:33:34","slug":"por-que-marruecos","status":"publish","type":"page","link":"https:\/\/moroccoroads.com\/?page_id=119","title":{"rendered":"\u00bfPor qu\u00e9 Marruecos?"},"content":{"rendered":"\n<p>No deber\u00edamos tener ning\u00fan motivo en concreto para viajar a Marruecos, ya que el solo nombre deber\u00eda ser suficiente como para que, al pronunciarlo, nos entrasen ganas de recorrer uno de los lugares m\u00e1s incre\u00edbles del mundo. Pero por si eso no es suficiente aqu\u00ed tienes<strong> 10 razones para viajar a Marruecos.<\/strong><\/p>\n\n\n\n<p><\/p>\n\n\n\n<p class=\"has-medium-font-size\"><strong>1. Por su cultura y\npor proximidad con Espa\u00f1a.<\/strong><\/p>\n\n\n\n<ul class=\"wp-block-gallery columns-3 is-cropped wp-block-gallery-1 is-layout-flex wp-block-gallery-is-layout-flex\"><li class=\"blocks-gallery-item\"><figure><img loading=\"lazy\" decoding=\"async\" width=\"980\" height=\"560\" src=\"https:\/\/moroccoroads.com\/wp-content\/uploads\/2019\/03\/27.jpeg\" alt=\"\" data-id=\"123\" data-link=\"https:\/\/moroccoroads.com\/?attachment_id=123\" class=\"wp-image-123\" srcset=\"https:\/\/moroccoroads.com\/wp-content\/uploads\/2019\/03\/27.jpeg 980w, https:\/\/moroccoroads.com\/wp-content\/uploads\/2019\/03\/27-300x171.jpeg 300w, https:\/\/moroccoroads.com\/wp-content\/uploads\/2019\/03\/27-768x439.jpeg 768w\" sizes=\"auto, (max-width: 980px) 100vw, 980px\" \/><\/figure><\/li><li class=\"blocks-gallery-item\"><figure><img loading=\"lazy\" decoding=\"async\" width=\"828\" height=\"1024\" src=\"https:\/\/moroccoroads.com\/wp-content\/uploads\/2019\/03\/26-828x1024.jpg\" alt=\"\" data-id=\"122\" data-link=\"https:\/\/moroccoroads.com\/?attachment_id=122\" class=\"wp-image-122\" srcset=\"https:\/\/moroccoroads.com\/wp-content\/uploads\/2019\/03\/26-828x1024.jpg 828w, https:\/\/moroccoroads.com\/wp-content\/uploads\/2019\/03\/26-243x300.jpg 243w, https:\/\/moroccoroads.com\/wp-content\/uploads\/2019\/03\/26-768x950.jpg 768w, https:\/\/moroccoroads.com\/wp-content\/uploads\/2019\/03\/26-1080x1335.jpg 1080w, https:\/\/moroccoroads.com\/wp-content\/uploads\/2019\/03\/26.jpg 1294w\" sizes=\"auto, (max-width: 828px) 100vw, 828px\" \/><\/figure><\/li><li class=\"blocks-gallery-item\"><figure><img loading=\"lazy\" decoding=\"async\" width=\"699\" height=\"410\" src=\"https:\/\/moroccoroads.com\/wp-content\/uploads\/2019\/03\/24.jpg\" alt=\"\" data-id=\"120\" data-link=\"https:\/\/moroccoroads.com\/?attachment_id=120\" class=\"wp-image-120\" srcset=\"https:\/\/moroccoroads.com\/wp-content\/uploads\/2019\/03\/24.jpg 699w, https:\/\/moroccoroads.com\/wp-content\/uploads\/2019\/03\/24-300x176.jpg 300w\" sizes=\"auto, (max-width: 699px) 100vw, 699px\" \/><\/figure><\/li><li class=\"blocks-gallery-item\"><figure><img loading=\"lazy\" decoding=\"async\" width=\"980\" height=\"560\" src=\"https:\/\/moroccoroads.com\/wp-content\/uploads\/2019\/03\/29.jpeg\" alt=\"\" data-id=\"125\" data-link=\"https:\/\/moroccoroads.com\/?attachment_id=125\" class=\"wp-image-125\" srcset=\"https:\/\/moroccoroads.com\/wp-content\/uploads\/2019\/03\/29.jpeg 980w, https:\/\/moroccoroads.com\/wp-content\/uploads\/2019\/03\/29-300x171.jpeg 300w, https:\/\/moroccoroads.com\/wp-content\/uploads\/2019\/03\/29-768x439.jpeg 768w\" sizes=\"auto, (max-width: 980px) 100vw, 980px\" \/><\/figure><\/li><\/ul>\n\n\n\n<p>A simple vista puede no parecerlo, pero <strong>su proximidad con Espa\u00f1a <\/strong>hace de Marruecos un destino id\u00f3neo para disfrutar de una cultura muy diferente a la espa\u00f1ola. Su <strong>cercan\u00eda <\/strong>te da la posibilidad de estar en el destino en pocas horas (1:30 \/2 horas) y as\u00ed, poder disfrutar incluso de una escapada de fin de semana. Si tu destino es<strong> Marrakech,<\/strong> te maravillar\u00e1 su<strong> aeropuerto \u201cel m\u00e1s bello del mundo\u201d<\/strong> seg\u00fan Skyteam, una plataforma que re\u00fane a las mejores aerol\u00edneas del mundo y con capacidad para atender a 9 millones de viajeros.<\/p>\n\n\n\n<p class=\"has-medium-font-size\"><strong>2. Por su gastronom\u00eda.<\/strong><\/p>\n\n\n\n<ul class=\"wp-block-gallery columns-3 is-cropped wp-block-gallery-2 is-layout-flex wp-block-gallery-is-layout-flex\"><li class=\"blocks-gallery-item\"><figure><img loading=\"lazy\" decoding=\"async\" width=\"1024\" height=\"467\" src=\"https:\/\/moroccoroads.com\/wp-content\/uploads\/2019\/03\/30-1024x467.jpg\" alt=\"\" data-id=\"126\" data-link=\"https:\/\/moroccoroads.com\/?attachment_id=126\" class=\"wp-image-126\" srcset=\"https:\/\/moroccoroads.com\/wp-content\/uploads\/2019\/03\/30-1024x467.jpg 1024w, https:\/\/moroccoroads.com\/wp-content\/uploads\/2019\/03\/30-300x137.jpg 300w, https:\/\/moroccoroads.com\/wp-content\/uploads\/2019\/03\/30-768x350.jpg 768w, https:\/\/moroccoroads.com\/wp-content\/uploads\/2019\/03\/30-1080x493.jpg 1080w, https:\/\/moroccoroads.com\/wp-content\/uploads\/2019\/03\/30.jpg 1600w\" sizes=\"auto, (max-width: 1024px) 100vw, 1024px\" \/><\/figure><\/li><li class=\"blocks-gallery-item\"><figure><img loading=\"lazy\" decoding=\"async\" width=\"760\" height=\"415\" src=\"https:\/\/moroccoroads.com\/wp-content\/uploads\/2019\/03\/31.jpg\" alt=\"\" data-id=\"127\" data-link=\"https:\/\/moroccoroads.com\/?attachment_id=127\" class=\"wp-image-127\" srcset=\"https:\/\/moroccoroads.com\/wp-content\/uploads\/2019\/03\/31.jpg 760w, https:\/\/moroccoroads.com\/wp-content\/uploads\/2019\/03\/31-300x164.jpg 300w\" sizes=\"auto, (max-width: 760px) 100vw, 760px\" \/><\/figure><\/li><li class=\"blocks-gallery-item\"><figure><img loading=\"lazy\" decoding=\"async\" width=\"950\" height=\"508\" src=\"https:\/\/moroccoroads.com\/wp-content\/uploads\/2019\/03\/32.jpg\" alt=\"\" data-id=\"128\" data-link=\"https:\/\/moroccoroads.com\/?attachment_id=128\" class=\"wp-image-128\" srcset=\"https:\/\/moroccoroads.com\/wp-content\/uploads\/2019\/03\/32.jpg 950w, https:\/\/moroccoroads.com\/wp-content\/uploads\/2019\/03\/32-300x160.jpg 300w, https:\/\/moroccoroads.com\/wp-content\/uploads\/2019\/03\/32-768x411.jpg 768w\" sizes=\"auto, (max-width: 950px) 100vw, 950px\" \/><\/figure><\/li><li class=\"blocks-gallery-item\"><figure><img loading=\"lazy\" decoding=\"async\" width=\"600\" height=\"560\" src=\"https:\/\/moroccoroads.com\/wp-content\/uploads\/2019\/03\/33.jpg\" alt=\"\" data-id=\"129\" data-link=\"https:\/\/moroccoroads.com\/?attachment_id=129\" class=\"wp-image-129\" srcset=\"https:\/\/moroccoroads.com\/wp-content\/uploads\/2019\/03\/33.jpg 600w, https:\/\/moroccoroads.com\/wp-content\/uploads\/2019\/03\/33-300x280.jpg 300w\" sizes=\"auto, (max-width: 600px) 100vw, 600px\" \/><\/figure><\/li><\/ul>\n\n\n\n<p>Si hay algo que no podemos obviar en Marruecos, es su gastronom\u00eda. Con infinidad de posibilidades, que van desde degustar un zumo de naranja en<strong>&nbsp;Jemaa el-Fna<\/strong>&nbsp;(Marrakech) a comprar un pu\u00f1ado de aceitunas en el puesto de un mercado, pasando por sentarte en una terraza y disfrutar de un incre\u00edble<strong> <em>tajine de kefta<\/em><\/strong>, su<strong> cou<em>scous<\/em><\/strong> o su <strong><em>tanjia marrakchia <\/em><\/strong>que, sin duda pasar\u00e1n a formar parte de tus recuerdos del viaje. Eso por no hablar de sus desayunos, o sus dulces\u2026 Podr\u00edamos llenar paginas hablando de&nbsp;<strong>una de las gastronom\u00edas m\u00e1s completas y saludables del mundo<\/strong><\/p>\n\n\n\n<p class=\"has-medium-font-size\"><strong>3. Por visitar la plaza de Jemaa el-Fna en Marrakech y el resto de Medinas\ndel pa\u00eds.<\/strong><\/p>\n\n\n\n<figure class=\"wp-block-image\"><img loading=\"lazy\" decoding=\"async\" width=\"1024\" height=\"413\" src=\"https:\/\/moroccoroads.com\/wp-content\/uploads\/2019\/03\/36-1024x413.jpg\" alt=\"\" class=\"wp-image-130\" srcset=\"https:\/\/moroccoroads.com\/wp-content\/uploads\/2019\/03\/36-1024x413.jpg 1024w, https:\/\/moroccoroads.com\/wp-content\/uploads\/2019\/03\/36-300x121.jpg 300w, https:\/\/moroccoroads.com\/wp-content\/uploads\/2019\/03\/36-768x310.jpg 768w, https:\/\/moroccoroads.com\/wp-content\/uploads\/2019\/03\/36-1080x436.jpg 1080w, https:\/\/moroccoroads.com\/wp-content\/uploads\/2019\/03\/36.jpg 1620w\" sizes=\"auto, (max-width: 1024px) 100vw, 1024px\" \/><\/figure>\n\n\n\n<figure class=\"wp-block-image\"><img loading=\"lazy\" decoding=\"async\" width=\"1024\" height=\"588\" src=\"https:\/\/moroccoroads.com\/wp-content\/uploads\/2019\/05\/depositphotos_91354074-stock-photo-blue-gate-bab-boujelud-in-1024x588.jpg\" alt=\"\" class=\"wp-image-614\" srcset=\"https:\/\/moroccoroads.com\/wp-content\/uploads\/2019\/05\/depositphotos_91354074-stock-photo-blue-gate-bab-boujelud-in.jpg 1024w, https:\/\/moroccoroads.com\/wp-content\/uploads\/2019\/05\/depositphotos_91354074-stock-photo-blue-gate-bab-boujelud-in-300x172.jpg 300w, https:\/\/moroccoroads.com\/wp-content\/uploads\/2019\/05\/depositphotos_91354074-stock-photo-blue-gate-bab-boujelud-in-768x441.jpg 768w\" sizes=\"auto, (max-width: 1024px) 100vw, 1024px\" \/><\/figure>\n\n\n\n<p>Si hay un rinc\u00f3n que no puedes dejar de visitar en ninguna ciudad, ya sea en Marrakech o cualquier otra de Marruecos son las&nbsp;<strong>Medinas y los Zocos<\/strong>. No hay mejor lugar que este para conocer la realidad del pa\u00eds, ver su cultura, charlar con los locales, probar la gastronom\u00eda y al mismo tiempo, vivir en primera persona esa vida diaria que en muchas ocasiones nos perdemos al visitar los lugares m\u00e1s tur\u00edsticos. No puedes dejar de visitar la <strong>Medina de Fez el Bali<em>,<\/em><\/strong> <strong>el casco peatonal medieval m\u00e1s grande<\/strong> (y laber\u00edntico) del mundo <\/p>\n\n\n\n<p><\/p>\n\n\n\n<p class=\"has-medium-font-size\"><strong>4. Por las compras.<\/strong><\/p>\n\n\n\n<ul class=\"wp-block-gallery columns-1 is-cropped wp-block-gallery-3 is-layout-flex wp-block-gallery-is-layout-flex\"><li class=\"blocks-gallery-item\"><figure><img loading=\"lazy\" decoding=\"async\" width=\"1024\" height=\"565\" src=\"https:\/\/moroccoroads.com\/wp-content\/uploads\/2019\/03\/38-1024x565.jpg\" alt=\"\" data-id=\"132\" data-link=\"https:\/\/moroccoroads.com\/?attachment_id=132\" class=\"wp-image-132\" srcset=\"https:\/\/moroccoroads.com\/wp-content\/uploads\/2019\/03\/38-1024x565.jpg 1024w, https:\/\/moroccoroads.com\/wp-content\/uploads\/2019\/03\/38-300x166.jpg 300w, https:\/\/moroccoroads.com\/wp-content\/uploads\/2019\/03\/38-768x424.jpg 768w, https:\/\/moroccoroads.com\/wp-content\/uploads\/2019\/03\/38-1080x596.jpg 1080w, https:\/\/moroccoroads.com\/wp-content\/uploads\/2019\/03\/38.jpg 1800w\" sizes=\"auto, (max-width: 1024px) 100vw, 1024px\" \/><\/figure><\/li><\/ul>\n\n\n\n<p>Sabemos que no todo son las <strong>compras.<\/strong> Es m\u00e1s, esto deber\u00eda ser un aspecto secundario en un viaje, pero\u2026 \u00bfqu\u00e9 ser\u00eda de Marruecos sin sus tiendas y zocos? Y \u00bfqu\u00e9 ser\u00eda de nosotros sin pararnos en alguno de los locales, cargados de paciencia y dispuestos a pasar varios minutos frente a un t\u00e9 con menta o <strong>regateando<\/strong> como si no hubiese un ma\u00f1ana para conseguir ese precioso juego de t\u00e9 del que nos hemos enamorado?<\/p>\n\n\n\n<p class=\"has-medium-font-size\"><strong>5. Por pasar una noche en el desierto.<\/strong><\/p>\n\n\n\n<ul class=\"wp-block-gallery columns-2 is-cropped wp-block-gallery-4 is-layout-flex wp-block-gallery-is-layout-flex\"><li class=\"blocks-gallery-item\"><figure><img loading=\"lazy\" decoding=\"async\" width=\"675\" height=\"450\" src=\"https:\/\/moroccoroads.com\/wp-content\/uploads\/2019\/03\/39.jpg\" alt=\"\" data-id=\"133\" data-link=\"https:\/\/moroccoroads.com\/?attachment_id=133\" class=\"wp-image-133\" srcset=\"https:\/\/moroccoroads.com\/wp-content\/uploads\/2019\/03\/39.jpg 675w, https:\/\/moroccoroads.com\/wp-content\/uploads\/2019\/03\/39-300x200.jpg 300w\" sizes=\"auto, (max-width: 675px) 100vw, 675px\" \/><\/figure><\/li><li class=\"blocks-gallery-item\"><figure><img loading=\"lazy\" decoding=\"async\" width=\"480\" height=\"480\" src=\"https:\/\/moroccoroads.com\/wp-content\/uploads\/2019\/03\/40.jpg\" alt=\"\" data-id=\"134\" data-link=\"https:\/\/moroccoroads.com\/?attachment_id=134\" class=\"wp-image-134\" srcset=\"https:\/\/moroccoroads.com\/wp-content\/uploads\/2019\/03\/40.jpg 480w, https:\/\/moroccoroads.com\/wp-content\/uploads\/2019\/03\/40-150x150.jpg 150w, https:\/\/moroccoroads.com\/wp-content\/uploads\/2019\/03\/40-300x300.jpg 300w\" sizes=\"auto, (max-width: 480px) 100vw, 480px\" \/><\/figure><\/li><\/ul>\n\n\n\n<p>Uno de los grandes motivos para viajar a Marruecos es pasar una o varias noches en el desierto del <strong>Sahara<\/strong>. Algo que no podemos hacer en muchos pa\u00edses, en Marruecos podremos disfrutarlo y vivir una experiencia que todo el mundo deber\u00eda tener <strong>al menos una vez en la vida.<\/strong>.. <\/p>\n\n\n\n<p>\u00bfTe imaginas&nbsp;<strong>dormir entre las dunas, con un cielo con miles de\nestrellas como techo<\/strong>? Es posible, y en Marruecos es mucho m\u00e1s f\u00e1cil de lo\nque crees.<\/p>\n\n\n\n<p class=\"has-medium-font-size\"><strong>6. Por hacer la Ruta de las Kasbahs.<\/strong><\/p>\n\n\n\n<ul class=\"wp-block-gallery columns-2 is-cropped wp-block-gallery-5 is-layout-flex wp-block-gallery-is-layout-flex\"><li class=\"blocks-gallery-item\"><figure><img loading=\"lazy\" decoding=\"async\" width=\"706\" height=\"897\" src=\"https:\/\/moroccoroads.com\/wp-content\/uploads\/2019\/03\/41.jpg\" alt=\"\" data-id=\"135\" data-link=\"https:\/\/moroccoroads.com\/?attachment_id=135\" class=\"wp-image-135\" srcset=\"https:\/\/moroccoroads.com\/wp-content\/uploads\/2019\/03\/41.jpg 706w, https:\/\/moroccoroads.com\/wp-content\/uploads\/2019\/03\/41-236x300.jpg 236w\" sizes=\"auto, (max-width: 706px) 100vw, 706px\" \/><\/figure><\/li><li class=\"blocks-gallery-item\"><figure><img loading=\"lazy\" decoding=\"async\" width=\"960\" height=\"568\" src=\"https:\/\/moroccoroads.com\/wp-content\/uploads\/2019\/03\/42.jpg\" alt=\"\" data-id=\"136\" data-link=\"https:\/\/moroccoroads.com\/?attachment_id=136\" class=\"wp-image-136\" srcset=\"https:\/\/moroccoroads.com\/wp-content\/uploads\/2019\/03\/42.jpg 960w, https:\/\/moroccoroads.com\/wp-content\/uploads\/2019\/03\/42-300x178.jpg 300w, https:\/\/moroccoroads.com\/wp-content\/uploads\/2019\/03\/42-768x454.jpg 768w\" sizes=\"auto, (max-width: 960px) 100vw, 960px\" \/><\/figure><\/li><\/ul>\n\n\n\n<p>Si hay una ruta en Marruecos que no te dejar\u00e1 indiferente, esa es la <strong>Ruta de las Kasbahs, <\/strong>ciudadelas construidas con adobe que representan la cultura bereber y salpican los incre\u00edbles paisajes del\u00a0Gran Sur de Marruecos.<\/p>\n\n\n\n<p>La m\u00e1s conocida de Marruecos es la de <strong>A\u00eft Ben Hadou<\/strong> declarada <strong>Patrimonio de la Humanidad <\/strong>en el a\u00f1o 1987<strong>,\u00a0<\/strong>que nos regala una experiencia \u00fanica en la que nos podremos adentrar en este ksar, recorriendo sus calles de adobe.<\/p>\n\n\n\n<p>Otro de los lugares no podemos perdernos es la\u00a0<strong>Kasbah Taourit<\/strong>, considerada como una de las mejor conservadas de Marruecos. Y sin duda una de las joyas m\u00e1s desconocidas;  la <strong>Kasbah de Telouet<\/strong> a los pies del Atlas. <\/p>\n\n\n\n<p class=\"has-medium-font-size\"><strong>7. Para perderse por los azules imposibles de Chefchaouen.<\/strong><\/p>\n\n\n\n<ul class=\"wp-block-gallery columns-1 is-cropped wp-block-gallery-6 is-layout-flex wp-block-gallery-is-layout-flex\"><li class=\"blocks-gallery-item\"><figure><img loading=\"lazy\" decoding=\"async\" width=\"1024\" height=\"683\" src=\"https:\/\/moroccoroads.com\/wp-content\/uploads\/2019\/03\/44-1024x683.jpg\" alt=\"\" data-id=\"137\" data-link=\"https:\/\/moroccoroads.com\/?attachment_id=137\" class=\"wp-image-137\" srcset=\"https:\/\/moroccoroads.com\/wp-content\/uploads\/2019\/03\/44-1024x683.jpg 1024w, https:\/\/moroccoroads.com\/wp-content\/uploads\/2019\/03\/44-300x200.jpg 300w, https:\/\/moroccoroads.com\/wp-content\/uploads\/2019\/03\/44-768x512.jpg 768w, https:\/\/moroccoroads.com\/wp-content\/uploads\/2019\/03\/44-1080x720.jpg 1080w, https:\/\/moroccoroads.com\/wp-content\/uploads\/2019\/03\/44.jpg 1688w\" sizes=\"auto, (max-width: 1024px) 100vw, 1024px\" \/><\/figure><\/li><\/ul>\n\n\n\n<ul class=\"wp-block-gallery columns-2 is-cropped wp-block-gallery-7 is-layout-flex wp-block-gallery-is-layout-flex\"><li class=\"blocks-gallery-item\"><figure><img loading=\"lazy\" decoding=\"async\" width=\"1024\" height=\"471\" src=\"https:\/\/moroccoroads.com\/wp-content\/uploads\/2019\/05\/14-1-1024x471.jpg\" alt=\"\" data-id=\"695\" class=\"wp-image-695\" srcset=\"https:\/\/moroccoroads.com\/wp-content\/uploads\/2019\/05\/14-1-1024x471.jpg 1024w, https:\/\/moroccoroads.com\/wp-content\/uploads\/2019\/05\/14-1-300x138.jpg 300w, https:\/\/moroccoroads.com\/wp-content\/uploads\/2019\/05\/14-1-768x353.jpg 768w, https:\/\/moroccoroads.com\/wp-content\/uploads\/2019\/05\/14-1.jpg 1600w\" sizes=\"auto, (max-width: 1024px) 100vw, 1024px\" \/><\/figure><\/li><li class=\"blocks-gallery-item\"><figure><img loading=\"lazy\" decoding=\"async\" width=\"960\" height=\"959\" src=\"https:\/\/moroccoroads.com\/wp-content\/uploads\/2019\/05\/60018309_10213368705999002_6053935194610597888_n.jpg\" alt=\"\" data-id=\"696\" data-link=\"https:\/\/moroccoroads.com\/?attachment_id=696\" class=\"wp-image-696\" srcset=\"https:\/\/moroccoroads.com\/wp-content\/uploads\/2019\/05\/60018309_10213368705999002_6053935194610597888_n.jpg 960w, https:\/\/moroccoroads.com\/wp-content\/uploads\/2019\/05\/60018309_10213368705999002_6053935194610597888_n-150x150.jpg 150w, https:\/\/moroccoroads.com\/wp-content\/uploads\/2019\/05\/60018309_10213368705999002_6053935194610597888_n-300x300.jpg 300w, https:\/\/moroccoroads.com\/wp-content\/uploads\/2019\/05\/60018309_10213368705999002_6053935194610597888_n-768x767.jpg 768w\" sizes=\"auto, (max-width: 960px) 100vw, 960px\" \/><\/figure><\/li><\/ul>\n\n\n\n<p>Si hay un lugar pr\u00f3ximo a nuestro pa\u00eds, bonito y con encanto, ese es, sin dudarlo ni un segundo &nbsp;<strong>Chefchaouen o Chaouen<\/strong>, como era conocido cuando fue fundado por los amazighes, <strong>\u00ab<\/strong><em><strong>la perla azul\u00bb<\/strong><\/em>  como es conocido a d\u00eda de hoy por el llamativo y distintivo color azul con el que est\u00e1n pintadas las casas de la Medina.<\/p>\n","protected":false},"excerpt":{"rendered":"<p>No deber\u00edamos tener ning\u00fan motivo en concreto para viajar a Marruecos, ya que el solo nombre deber\u00eda ser suficiente como para que, al pronunciarlo, nos entrasen ganas de recorrer uno de los lugares m\u00e1s incre\u00edbles del mundo. Pero por si eso no es suficiente aqu\u00ed tienes 10 razones para viajar a Marruecos. 1. Por su [&hellip;]<\/p>\n","protected":false},"author":1,"featured_media":0,"parent":94,"menu_order":0,"comment_status":"closed","ping_status":"closed","template":"","meta":{"footnotes":""},"class_list":["post-119","page","type-page","status-publish","hentry"],"_links":{"self":[{"href":"https:\/\/moroccoroads.com\/index.php?rest_route=\/wp\/v2\/pages\/119","targetHints":{"allow":["GET"]}}],"collection":[{"href":"https:\/\/moroccoroads.com\/index.php?rest_route=\/wp\/v2\/pages"}],"about":[{"href":"https:\/\/moroccoroads.com\/index.php?rest_route=\/wp\/v2\/types\/page"}],"author":[{"embeddable":true,"href":"https:\/\/moroccoroads.com\/index.php?rest_route=\/wp\/v2\/users\/1"}],"replies":[{"embeddable":true,"href":"https:\/\/moroccoroads.com\/index.php?rest_route=%2Fwp%2Fv2%2Fcomments&post=119"}],"version-history":[{"count":10,"href":"https:\/\/moroccoroads.com\/index.php?rest_route=\/wp\/v2\/pages\/119\/revisions"}],"predecessor-version":[{"id":855,"href":"https:\/\/moroccoroads.com\/index.php?rest_route=\/wp\/v2\/pages\/119\/revisions\/855"}],"up":[{"embeddable":true,"href":"https:\/\/moroccoroads.com\/index.php?rest_route=\/wp\/v2\/pages\/94"}],"wp:attachment":[{"href":"https:\/\/moroccoroads.com\/index.php?rest_route=%2Fwp%2Fv2%2Fmedia&parent=119"}],"curies":[{"name":"wp","href":"https:\/\/api.w.org\/{rel}","templated":true}]}}