{"id":139,"date":"2019-03-26T20:33:37","date_gmt":"2019-03-26T19:33:37","guid":{"rendered":"http:\/\/moroccoroads.com\/?page_id=139"},"modified":"2019-09-15T22:42:06","modified_gmt":"2019-09-15T21:42:06","slug":"faq","status":"publish","type":"page","link":"https:\/\/moroccoroads.com\/?page_id=139","title":{"rendered":"FAQs\/ Preguntas frecuentes"},"content":{"rendered":"\n<ul class=\"wp-block-gallery columns-3 is-cropped wp-block-gallery-1 is-layout-flex wp-block-gallery-is-layout-flex\"><li class=\"blocks-gallery-item\"><figure><img loading=\"lazy\" decoding=\"async\" width=\"800\" height=\"400\" src=\"https:\/\/moroccoroads.com\/wp-content\/uploads\/2019\/03\/45.jpg\" alt=\"\" data-id=\"140\" class=\"wp-image-140\" srcset=\"https:\/\/moroccoroads.com\/wp-content\/uploads\/2019\/03\/45.jpg 800w, https:\/\/moroccoroads.com\/wp-content\/uploads\/2019\/03\/45-300x150.jpg 300w, https:\/\/moroccoroads.com\/wp-content\/uploads\/2019\/03\/45-768x384.jpg 768w\" sizes=\"auto, (max-width: 800px) 100vw, 800px\" \/><\/figure><\/li><li class=\"blocks-gallery-item\"><figure><img loading=\"lazy\" decoding=\"async\" width=\"546\" height=\"370\" src=\"https:\/\/moroccoroads.com\/wp-content\/uploads\/2019\/09\/descarga-1.jpg\" alt=\"\" data-id=\"950\" data-link=\"https:\/\/moroccoroads.com\/?attachment_id=950\" class=\"wp-image-950\" srcset=\"https:\/\/moroccoroads.com\/wp-content\/uploads\/2019\/09\/descarga-1.jpg 546w, https:\/\/moroccoroads.com\/wp-content\/uploads\/2019\/09\/descarga-1-300x203.jpg 300w\" sizes=\"auto, (max-width: 546px) 100vw, 546px\" \/><\/figure><\/li><li class=\"blocks-gallery-item\"><figure><img loading=\"lazy\" decoding=\"async\" width=\"980\" height=\"646\" src=\"https:\/\/moroccoroads.com\/wp-content\/uploads\/2019\/09\/1524491758_048948_1524493624_noticia_normal.jpg\" alt=\"\" data-id=\"952\" data-link=\"https:\/\/moroccoroads.com\/?attachment_id=952\" class=\"wp-image-952\" srcset=\"https:\/\/moroccoroads.com\/wp-content\/uploads\/2019\/09\/1524491758_048948_1524493624_noticia_normal.jpg 980w, https:\/\/moroccoroads.com\/wp-content\/uploads\/2019\/09\/1524491758_048948_1524493624_noticia_normal-300x198.jpg 300w, https:\/\/moroccoroads.com\/wp-content\/uploads\/2019\/09\/1524491758_048948_1524493624_noticia_normal-768x506.jpg 768w\" sizes=\"auto, (max-width: 980px) 100vw, 980px\" \/><\/figure><\/li><li class=\"blocks-gallery-item\"><figure><img loading=\"lazy\" decoding=\"async\" width=\"700\" height=\"450\" src=\"https:\/\/moroccoroads.com\/wp-content\/uploads\/2019\/09\/viajar-con-ninos-700x450-1.jpg\" alt=\"\" data-id=\"953\" data-link=\"https:\/\/moroccoroads.com\/?attachment_id=953\" class=\"wp-image-953\" srcset=\"https:\/\/moroccoroads.com\/wp-content\/uploads\/2019\/09\/viajar-con-ninos-700x450-1.jpg 700w, https:\/\/moroccoroads.com\/wp-content\/uploads\/2019\/09\/viajar-con-ninos-700x450-1-300x193.jpg 300w\" sizes=\"auto, (max-width: 700px) 100vw, 700px\" \/><\/figure><\/li><\/ul>\n\n\n\n<p class=\"has-medium-font-size\"><strong>\u00bfQu\u00e9 documentaci\u00f3n necesito para viajar a Marruecos? <\/strong> <\/p>\n\n\n\n<p>Los espa\u00f1oles necesitaran estar en posesi\u00f3n del<strong> pasaporte<\/strong> y que \u00e9ste tenga una <strong>validez de m\u00ednimo 3 meses <\/strong>a partir de la fecha de regreso del viaje. Para el resto de pa\u00edses consultar con el consulado o embajada pertinente. En la entrada y salida del pa\u00eds, hay que rellenar una ficha con nuestros datos para la polic\u00eda que encontraremos en el mismo aeropuerto.<\/p>\n\n\n\n<p>El <strong>tiempo m\u00e1ximo <\/strong>de viaje tur\u00edstico para todas las nacionalidades es de<strong> 90 d\u00edas.<\/strong><\/p>\n\n\n\n<p class=\"has-medium-font-size\"><strong>\u00bfNecesitamos estar vacunados?<\/strong><\/p>\n\n\n\n<p><strong>No<\/strong> es necesaria ninguna vacuna para viajar a Marruecos.<\/p>\n\n\n\n<p class=\"has-medium-font-size\"><strong>\u00bfEs necesario\ncontratar un seguro de viaje? <\/strong><\/p>\n\n\n\n<p>En todo viaje es conveniente cubrir los riesgos de las posibles eventualidades que pueden ocurrir. En  Morocco Roads, si lo deseas,  <strong>contratamos un seguro <\/strong>de viaje antes de viajar a Marruecos eligiendo la p\u00f3liza m\u00e1s adecuada a sus necesidades.<\/p>\n\n\n\n<p class=\"has-medium-font-size\"><strong>\u00bfDebo presentarme en\nmi embajada o consulado al llegar?<\/strong><\/p>\n\n\n\n<p>Cuando prepare su viaje, <strong>anote los datos <\/strong>de su embajada y de los consulados ubicados en la regi\u00f3n. En ellos podr\u00e1 renovar su documentaci\u00f3n en caso de perderla y solicitar asesoramiento (salud, seguridad, etc.). Por lo general, cada oficina diplom\u00e1tica dispone de un <strong>n\u00famero de urgencias<\/strong> que solo debe utilizarse en caso de necesidad. La mayor\u00eda de las veces un servicio social podr\u00e1 ayudarle, incluso en caso de urgencia.  Tambi\u00e9n puede registrar su viaje en la<strong> app Registro de Viajeros, <\/strong>del Ministerio de Exteriores, gar\u00e1ntizando la asistencia en cualquier supuesto de las autoridades espa\u00f1olas.<\/p>\n\n\n\n<p class=\"has-medium-font-size\"><strong>\u00bfCu\u00e1l es la mejor \u00e9poca para viajar a Marruecos?<\/strong><\/p>\n\n\n\n<p>Marruecos <strong>es una tierra de contrastes.<\/strong> Ba\u00f1ada al norte por las aguas del Mediterr\u00e1neo, al oeste por las del oc\u00e9ano Atl\u00e1ntico y surcada por las monta\u00f1as del Rif y del Atlas, est\u00e1 sometida a todo tipo de influencias clim\u00e1ticas.<\/p>\n\n\n\n<p>Las regiones costeras resultan muy atractivas por su clima soleado. El sol proyecta en ellas sus rayos durante todo el a\u00f1o, por lo que podr\u00e1 disfrutar de sus beneficios en cualquier temporada.<strong> Agadir,<\/strong> situada en las orillas del oc\u00e9ano Atl\u00e1ntico y principal destino de sol y playa del pa\u00eds, les ofrece a los que buscan relax 300 d\u00edas de sol al a\u00f1o, unas <strong>temperaturas agradables <\/strong>y unos suaves vientos alisios. M\u00e1s al norte, vale la pena visitar <strong>Taghazout, Essaouira <\/strong>y <strong>Mazag\u00e1n<\/strong>.<\/p>\n\n\n\n<p>Un poco m\u00e1s<strong> tierra adentro,<\/strong> el<strong> clima<\/strong> pierde la suavidad mediterr\u00e1nea para convertirse <strong>continental. <\/strong>Los relieves est\u00e1n m\u00e1s perfilados y ofrecen espl\u00e9ndidas panor\u00e1micas. Marruecos es el pa\u00eds de los grandes espacios, el de los aventureros que realizan excursiones y rutas en cualquier temporada.<\/p>\n\n\n\n<p>Al <strong>sur, <\/strong>el pa\u00eds se abre a la inmensidad del<strong> S\u00e1hara.<\/strong> La mejor \u00e9poca para visitarlo es la primavera y el oto\u00f1o. En su arena, el sol resplandece y se refleja en las dunas. Estas extensiones des\u00e9rticas desprenden una sensaci\u00f3n de irrealidad. <\/p>\n\n\n\n<p>Al organizar tu viaje tenemos en cuenta estas condiciones para adaptarlo a\nlas mejores situaciones para ti.<\/p>\n\n\n\n<p class=\"has-medium-font-size\"><strong>\u00bfQu\u00e9 idioma se habla en el pa\u00eds?<\/strong><\/p>\n\n\n\n<p>Los dos idiomas oficiales de Marruecos son el<strong> \u00e1rabe y el amazigh, <\/strong>o bereber, pero pr\u00e1cticamente todos los marroqu\u00edes hablan y entienden franc\u00e9s. El espa\u00f1ol est\u00e1 muy extendido en el norte y el sur de Marruecos. Te encantar\u00e1 el \u00e1rabe. El lenguaje canta y sus entonaciones c\u00e1lidas fomentan la conversaci\u00f3n. La lengua amazigh, que utiliza el alfabeto tifinagh, es el patrimonio com\u00fan de todos los marroqu\u00edes.<\/p>\n\n\n\n<p>Para codearse con los lugare\u00f1os y aprovechar al m\u00e1ximo su viaje, aqu\u00ed hay algunos conceptos \u00e1rabes que debe aprender. Unas pocas palabras son todo lo que se necesita para contactar. Con <strong>\u00abas-salaamu alaykum\u00bb<\/strong> has saludado a un nuevo amigo, que te responder\u00e1 con<strong> \u00abwaalaykum as-salaam\u00bb<\/strong>. Con un <strong>\u00ablabass\u00bb<\/strong> le preguntas c\u00f3mo est\u00e1 y puedes despedirte con un buen<strong> \u00abbeslama\u00bb.<\/strong><\/p>\n\n\n\n<p>&nbsp;Cuando tu visita te lleva al zoco,\nel arte de la negociaci\u00f3n entra en acci\u00f3n. <\/p>\n\n\n\n<p>Para un trato exitoso, toma nota de estas frases esenciales: <strong>\u00abkayen\u00bb<\/strong> significa \u00abtienes algo\u201d;<strong> \u00abma&#8217;arft\u00bb<\/strong> significa que no est\u00e1s seguro; <strong>\u00abiyah\u00bb<\/strong> significa \u00abs\u00ed\u00bb y <strong>\u00ablla\u00bb <\/strong>significa \u00abno\u00bb. Por \u00faltimo, diga <strong>\u00abrally bizef\u00bb<\/strong> por \u00abdemasiado caro\u00bb y\u2026 \u00a1la negociaci\u00f3n habr\u00e1 comenzado! M\u00e1s tarde, cuando pida un t\u00e9 en la plaza, d\u00edgale a su camarero<strong> \u00abAtiniAttay\u00bb<\/strong> por \u00abMe gustar\u00eda un t\u00e9 a la menta\u00bb y cuando se lo traiga, agrad\u00e9zcale: <strong>\u00abShukran\u00bb.<\/strong><\/p>\n\n\n\n<p>\u00a1Los marroqu\u00edes tienen un don natural para los idiomas, y se esforzar\u00e1n por\nentenderle y hacerse entender!&nbsp; <\/p>\n\n\n\n<p class=\"has-medium-font-size\"><strong>\u00bfHay diferencia horaria en Marruecos?<\/strong><\/p>\n\n\n\n<p> Normalmente&nbsp;<strong>la hora en Marruecos es GTM +0<\/strong>, es decir, una hora menos que en Espa\u00f1a, pero como digo esa es la diferencia \u00abnormalmente\u00bb ya que en noviembre de  2018 el Gobierno decidi\u00f3 no cambiar el horario de verano y se igual\u00f3 con el horario europeo,no existiendo diferencia horaria. Durante el mes de ramad\u00e1n se quita una hora m\u00e1s, pasando a tener 2 horas de diferencia con Espa\u00f1a. <\/p>\n\n\n\n<p class=\"has-medium-font-size\"><strong>\u00bfQu\u00e9 cobertura hay en Marruecos?<\/strong><\/p>\n\n\n\n<p>Marruecos tiene una cobertura <strong>muy buena<\/strong> en todo su territorio. Usan la misma red que en Espa\u00f1a, as\u00ed que no es necesario cambiar de m\u00f3vil. Cuenta con varios operadores m\u00f3viles (IAM, MAROC TELECOM, INWI\u2026), que tienen acuerdos de roaming con casi todos los operadores espa\u00f1oles. Respecto a los datos m\u00f3viles es aconsejable desconectarlos y utilizar wifi o bien consultar anteriormente con su compa\u00f1\u00eda aplicada para su utilizaci\u00f3n. Lo m\u00e1s c\u00f3modo:<strong> comprar una tarjeta local de prepago<\/strong> ya que las tarifas son muy baratas y puedes elegir recargar datos o llamadas. <\/p>\n\n\n\n<p class=\"has-medium-font-size\"><strong>\u00bfEs posible encontrar conexi\u00f3n a Internet?<\/strong><\/p>\n\n\n\n<p>Encontraremos <strong>Wifi <\/strong>y\/o conexi\u00f3n a internet en la mayor\u00eda de<strong> caf\u00e9s, hoteles o <\/strong><em><strong>riads<\/strong><\/em>. En los campamentos de djaimas en medio del desierto o en algunas zonas de monta\u00f1a por el contrario no encontraras buena conexi\u00f3n\u2026 Pero disfrutaras de poder relajarte sin estar pendiente del m\u00f3vil.<\/p>\n\n\n\n<p class=\"has-medium-font-size\"><strong>\u00bfSe puede viajar con ni\u00f1os?<\/strong><\/p>\n\n\n\n<p><strong>S\u00ed,<\/strong> por supuesto. Podr\u00e1n disfrutar del desierto, donde pueden jugar y divertirse, as\u00ed como la experiencia de subir a lomos de un camello y jugar con la arena. Pero tambi\u00e9n encontraran diversi\u00f3n y fantas\u00eda en los paseos por los zocos, ba\u00f1\u00e1ndose en las aguas del Atl\u00e1ntico o el Mediterraneo o viendo a los monos de berber\u00eda en los bosques centenarios. <\/p>\n\n\n\n<p class=\"has-medium-font-size\"><strong>\u00bfPuedo viajar durante\nRamad\u00e1n?<\/strong><\/p>\n\n\n\n<p>Ramad\u00e1n puede ser un buen momento para visitar Marruecos. Despu\u00e9s de la puesta del sol, las ciudades est\u00e1n llenas de vida y el aroma de los platos tradicionales llena las calles. En este ambiente es posible que se le invite a beber un poco de t\u00e9 y compartir el<strong> <\/strong><em><strong>iftar <\/strong><\/em><strong>(<\/strong>la comida que rompe el ayuno).<\/p>\n\n\n\n<p>Sin embargo, el mes de ramad\u00e1n es tambi\u00e9n un momento de<strong> profunda espiritualidad<\/strong> para los musulmanes, especialmente cuando transcurre en los meses de verano. Por lo tanto, le sugerimos<strong> evitar comer y fumar <\/strong>en lugares p\u00fablicos durante las horas del d\u00eda hasta la puesta del sol. <\/p>\n\n\n\n<p>Con frecuencia los restaurantes, los bares y las tiendas podr\u00edan estar\ncerradas durante el d\u00eda, mientras que las oficinas p\u00fablicas siguen un horario\nm\u00e1s reducido. Si viaja con nosotros durante el Ramad\u00e1n, planearemos su viaje\ncon el fin de garantizar en todo momento un servicio de alta calidad a pesar de\nlas limitaciones relacionadas con este per\u00edodo espec\u00edfico del a\u00f1o.<\/p>\n\n\n\n<p class=\"has-medium-font-size\"><strong>\u00bfCu\u00e1l es la moneda?\n\u00bfpuedo cambiar divisas?<\/strong><\/p>\n\n\n\n<p>La divisa nacional marroqu\u00ed es el <strong>d\u00edrham (<\/strong>aproximadamente 0,10 euros al cambio) que no se puede cambiar fuera de las fronteras de Marruecos, por lo que tendr\u00e1 que optar por el cambio en los aeropuertos, en casas de cambio de divisas, algunos hoteles y  en los bancos.<\/p>\n\n\n\n<p>En ventanilla de la oficina de cambio se le exigir\u00e1 que presente su<strong> pasaporte<\/strong> para realizar la transacci\u00f3n.<\/p>\n\n\n\n<p class=\"has-medium-font-size\"><strong>\u00bfPuedo retirar dinero,\nhacer compras o pagar con tarjeta de d\u00e9bito o de cr\u00e9dito?<\/strong><\/p>\n\n\n\n<p>Por lo general, las entidades bancarias de las grandes ciudades marroqu\u00edes poseen <strong>cajeros autom\u00e1ticos<\/strong> de billetes. Vaya cambiando dinero en funci\u00f3n de sus necesidades. La inmensa mayor\u00eda de las compras o servicios se pagan en met\u00e1lico, tras el regateo\u2026<\/p>\n\n\n\n<p>El pago con tarjeta de d\u00e9bito \/ cr\u00e9dito puede ser bastante raro, con la\nexcepci\u00f3n de las ciudades m\u00e1s grandes, los supermercados y los grandes hoteles.<\/p>\n","protected":false},"excerpt":{"rendered":"<p>\u00bfQu\u00e9 documentaci\u00f3n necesito para viajar a Marruecos? Los espa\u00f1oles necesitaran estar en posesi\u00f3n del pasaporte y que \u00e9ste tenga una validez de m\u00ednimo 3 meses a partir de la fecha de regreso del viaje. Para el resto de pa\u00edses consultar con el consulado o embajada pertinente. En la entrada y salida del pa\u00eds, hay que [&hellip;]<\/p>\n","protected":false},"author":1,"featured_media":0,"parent":94,"menu_order":0,"comment_status":"closed","ping_status":"closed","template":"","meta":{"footnotes":""},"class_list":["post-139","page","type-page","status-publish","hentry"],"_links":{"self":[{"href":"https:\/\/moroccoroads.com\/index.php?rest_route=\/wp\/v2\/pages\/139","targetHints":{"allow":["GET"]}}],"collection":[{"href":"https:\/\/moroccoroads.com\/index.php?rest_route=\/wp\/v2\/pages"}],"about":[{"href":"https:\/\/moroccoroads.com\/index.php?rest_route=\/wp\/v2\/types\/page"}],"author":[{"embeddable":true,"href":"https:\/\/moroccoroads.com\/index.php?rest_route=\/wp\/v2\/users\/1"}],"replies":[{"embeddable":true,"href":"https:\/\/moroccoroads.com\/index.php?rest_route=%2Fwp%2Fv2%2Fcomments&post=139"}],"version-history":[{"count":10,"href":"https:\/\/moroccoroads.com\/index.php?rest_route=\/wp\/v2\/pages\/139\/revisions"}],"predecessor-version":[{"id":955,"href":"https:\/\/moroccoroads.com\/index.php?rest_route=\/wp\/v2\/pages\/139\/revisions\/955"}],"up":[{"embeddable":true,"href":"https:\/\/moroccoroads.com\/index.php?rest_route=\/wp\/v2\/pages\/94"}],"wp:attachment":[{"href":"https:\/\/moroccoroads.com\/index.php?rest_route=%2Fwp%2Fv2%2Fmedia&parent=139"}],"curies":[{"name":"wp","href":"https:\/\/api.w.org\/{rel}","templated":true}]}}