{"id":147,"date":"2019-03-26T20:33:10","date_gmt":"2019-03-26T19:33:10","guid":{"rendered":"http:\/\/moroccoroads.com\/?page_id=147"},"modified":"2019-05-26T18:15:20","modified_gmt":"2019-05-26T17:15:20","slug":"viajemos","status":"publish","type":"page","link":"https:\/\/moroccoroads.com\/?page_id=147","title":{"rendered":"\u00a1VIAJEMOS!"},"content":{"rendered":"\n<p>\u00bfTodav\u00eda no tienes claro a d\u00f3nde <strong>viajar<\/strong>? Dise\u00f1amos nuestros viajes pensando en ti, en qui\u00e9n eres y en todas las motivaciones que te pueden llevar a querer viajar. Para que puedas encontrar mejor el viaje que buscas, hemos creado estas categor\u00edas y tipos de viajes: Aventura en las monta\u00f1as. <\/p>\n\n\n\n<ul class=\"wp-block-list\"><li>Aventura en las monta\u00f1as.<\/li><li>El silencio del Sahara.<\/li><li>Cabalgando las olas.<\/li><li>Atlas ins\u00f3lito. <\/li><li>Enolog\u00eda y gastronom\u00eda.<\/li><\/ul>\n","protected":false},"excerpt":{"rendered":"<p>\u00bfTodav\u00eda no tienes claro a d\u00f3nde viajar? Dise\u00f1amos nuestros viajes pensando en ti, en qui\u00e9n eres y en todas las motivaciones que te pueden llevar a querer viajar. Para que puedas encontrar mejor el viaje que buscas, hemos creado estas categor\u00edas y tipos de viajes: Aventura en las monta\u00f1as. Aventura en las monta\u00f1as. El silencio [&hellip;]<\/p>\n","protected":false},"author":1,"featured_media":0,"parent":0,"menu_order":0,"comment_status":"closed","ping_status":"closed","template":"","meta":{"footnotes":""},"class_list":["post-147","page","type-page","status-publish","hentry"],"_links":{"self":[{"href":"https:\/\/moroccoroads.com\/index.php?rest_route=\/wp\/v2\/pages\/147","targetHints":{"allow":["GET"]}}],"collection":[{"href":"https:\/\/moroccoroads.com\/index.php?rest_route=\/wp\/v2\/pages"}],"about":[{"href":"https:\/\/moroccoroads.com\/index.php?rest_route=\/wp\/v2\/types\/page"}],"author":[{"embeddable":true,"href":"https:\/\/moroccoroads.com\/index.php?rest_route=\/wp\/v2\/users\/1"}],"replies":[{"embeddable":true,"href":"https:\/\/moroccoroads.com\/index.php?rest_route=%2Fwp%2Fv2%2Fcomments&post=147"}],"version-history":[{"count":4,"href":"https:\/\/moroccoroads.com\/index.php?rest_route=\/wp\/v2\/pages\/147\/revisions"}],"predecessor-version":[{"id":773,"href":"https:\/\/moroccoroads.com\/index.php?rest_route=\/wp\/v2\/pages\/147\/revisions\/773"}],"wp:attachment":[{"href":"https:\/\/moroccoroads.com\/index.php?rest_route=%2Fwp%2Fv2%2Fmedia&parent=147"}],"curies":[{"name":"wp","href":"https:\/\/api.w.org\/{rel}","templated":true}]}}