{"id":151,"date":"2019-03-26T20:30:38","date_gmt":"2019-03-26T19:30:38","guid":{"rendered":"http:\/\/moroccoroads.com\/?page_id=151"},"modified":"2019-06-11T22:44:58","modified_gmt":"2019-06-11T21:44:58","slug":"aventura-en-las-montanas","status":"publish","type":"page","link":"https:\/\/moroccoroads.com\/?page_id=151","title":{"rendered":"Aventura en las monta\u00f1as"},"content":{"rendered":"\n<div class=\"wp-block-image\"><figure class=\"aligncenter\"><img loading=\"lazy\" decoding=\"async\" width=\"640\" height=\"640\" src=\"https:\/\/moroccoroads.com\/wp-content\/uploads\/2019\/05\/13.jpg\" alt=\"\" class=\"wp-image-820\" srcset=\"https:\/\/moroccoroads.com\/wp-content\/uploads\/2019\/05\/13.jpg 640w, https:\/\/moroccoroads.com\/wp-content\/uploads\/2019\/05\/13-150x150.jpg 150w, https:\/\/moroccoroads.com\/wp-content\/uploads\/2019\/05\/13-300x300.jpg 300w\" sizes=\"auto, (max-width: 640px) 100vw, 640px\" \/><\/figure><\/div>\n\n\n\n<p>El <strong>Atlas <\/strong>es, un sistema monta\u00f1oso que recorre todo el noroeste de \u00c1frica, desde T\u00fanez a Marruecos pasando por Argelia, a lo largo de 2.400 kil\u00f3metros. Su pico m\u00e1s alto es el <strong>Toubkal<\/strong>, con 4.167 metros, en territorio marroqu\u00ed. La poblaci\u00f3n del Atlas es mayoritariamente amazigh, tanto en este pa\u00eds como en Argelia.<\/p>\n\n\n\n<p>El Atlas separa las costas del mar Mediterr\u00e1neo y del oc\u00e9ano Atl\u00e1ntico del\ndesierto del Sahara y, de hecho, es uno de los factores que provocan la\nsequedad de este desierto. El Atlas marroqu\u00ed se subdivide en varias cordilleras\ncoronadas por distintos picos:<\/p>\n\n\n\n<ul class=\"wp-block-list\"><li>el <strong>Atlas Medio<\/strong> (cota m\u00e1xima de 3.356 metros, con el <strong>Jbel Bou Naceur<\/strong><\/li><li>el <strong>Alto Atlas<\/strong> (cota m\u00e1xima de 4.167 metros, con el <strong>Toubkal<\/strong><\/li><li>el peque\u00f1o Atlas o<strong> Anti-Atlas<\/strong> (cota m\u00e1xima de 2.712 metros, con el<strong> Amalun`Mansur<\/strong><\/li><\/ul>\n\n\n\n<p>Disfruta de uno de los escenarios m\u00e1s hermosos del mundo \u2013 el Alto Atlas &#8211; &nbsp;practicando <strong>trecking, nordic walking<\/strong> o <strong>mountain bike.<\/strong><\/p>\n","protected":false},"excerpt":{"rendered":"<p>El Atlas es, un sistema monta\u00f1oso que recorre todo el noroeste de \u00c1frica, desde T\u00fanez a Marruecos pasando por Argelia, a lo largo de 2.400 kil\u00f3metros. Su pico m\u00e1s alto es el Toubkal, con 4.167 metros, en territorio marroqu\u00ed. La poblaci\u00f3n del Atlas es mayoritariamente amazigh, tanto en este pa\u00eds como en Argelia. El Atlas [&hellip;]<\/p>\n","protected":false},"author":1,"featured_media":145,"parent":149,"menu_order":0,"comment_status":"closed","ping_status":"closed","template":"","meta":{"footnotes":""},"class_list":["post-151","page","type-page","status-publish","has-post-thumbnail","hentry"],"_links":{"self":[{"href":"https:\/\/moroccoroads.com\/index.php?rest_route=\/wp\/v2\/pages\/151","targetHints":{"allow":["GET"]}}],"collection":[{"href":"https:\/\/moroccoroads.com\/index.php?rest_route=\/wp\/v2\/pages"}],"about":[{"href":"https:\/\/moroccoroads.com\/index.php?rest_route=\/wp\/v2\/types\/page"}],"author":[{"embeddable":true,"href":"https:\/\/moroccoroads.com\/index.php?rest_route=\/wp\/v2\/users\/1"}],"replies":[{"embeddable":true,"href":"https:\/\/moroccoroads.com\/index.php?rest_route=%2Fwp%2Fv2%2Fcomments&post=151"}],"version-history":[{"count":5,"href":"https:\/\/moroccoroads.com\/index.php?rest_route=\/wp\/v2\/pages\/151\/revisions"}],"predecessor-version":[{"id":858,"href":"https:\/\/moroccoroads.com\/index.php?rest_route=\/wp\/v2\/pages\/151\/revisions\/858"}],"up":[{"embeddable":true,"href":"https:\/\/moroccoroads.com\/index.php?rest_route=\/wp\/v2\/pages\/149"}],"wp:featuredmedia":[{"embeddable":true,"href":"https:\/\/moroccoroads.com\/index.php?rest_route=\/wp\/v2\/media\/145"}],"wp:attachment":[{"href":"https:\/\/moroccoroads.com\/index.php?rest_route=%2Fwp%2Fv2%2Fmedia&parent=151"}],"curies":[{"name":"wp","href":"https:\/\/api.w.org\/{rel}","templated":true}]}}