{"id":155,"date":"2019-03-26T20:32:06","date_gmt":"2019-03-26T19:32:06","guid":{"rendered":"http:\/\/moroccoroads.com\/?page_id=155"},"modified":"2019-05-26T18:20:11","modified_gmt":"2019-05-26T17:20:11","slug":"toubkal","status":"publish","type":"page","link":"https:\/\/moroccoroads.com\/?page_id=155","title":{"rendered":"Toubkal"},"content":{"rendered":"\n<p>A unos kil\u00f3metros de Marrakech, el Toubkal es el <strong>\u00abtecho de Marruecos<\/strong>\u00bb y del norte de \u00c1frica. Su cima se encuentra a <strong>4.167 m. <\/strong>y est\u00e1 rodeado de altos macizos de m\u00e1s de 3.000 m. pero se mantiene como &#8216;la monta\u00f1a de las monta\u00f1as&#8217;, tal como la denominan los bereberes: <strong>&#8216;Adrar N&#8217;Dern&#8217;.<\/strong><\/p>\n\n\n\n<p>Est\u00e1 rodeado por colinas gigantes de entre 3.000 y 4.000m. Las v\u00edas no faltan y el Toubkal se considera el m\u00e1s accesible de los grandes macizos del Alto Atlas. Con una selecci\u00f3n de varios paseos de valle en valle, de collado en collado, con o sin ascensi\u00f3n, Tenemos un<strong> trekking <\/strong>a tu medida, con diferentes rutas y dificultades. <\/p>\n\n\n\n<ul class=\"wp-block-gallery columns-3 is-cropped wp-block-gallery-1 is-layout-flex wp-block-gallery-is-layout-flex\"><li class=\"blocks-gallery-item\"><figure><img loading=\"lazy\" decoding=\"async\" width=\"600\" height=\"381\" src=\"https:\/\/moroccoroads.com\/wp-content\/uploads\/2019\/03\/50.jpg\" alt=\"\" data-id=\"156\" data-link=\"https:\/\/moroccoroads.com\/?attachment_id=156\" class=\"wp-image-156\" srcset=\"https:\/\/moroccoroads.com\/wp-content\/uploads\/2019\/03\/50.jpg 600w, https:\/\/moroccoroads.com\/wp-content\/uploads\/2019\/03\/50-300x191.jpg 300w\" sizes=\"auto, (max-width: 600px) 100vw, 600px\" \/><\/figure><\/li><li class=\"blocks-gallery-item\"><figure><img loading=\"lazy\" decoding=\"async\" width=\"550\" height=\"412\" src=\"https:\/\/moroccoroads.com\/wp-content\/uploads\/2019\/03\/51.jpg\" alt=\"\" data-id=\"157\" data-link=\"https:\/\/moroccoroads.com\/?attachment_id=157\" class=\"wp-image-157\" srcset=\"https:\/\/moroccoroads.com\/wp-content\/uploads\/2019\/03\/51.jpg 550w, https:\/\/moroccoroads.com\/wp-content\/uploads\/2019\/03\/51-300x225.jpg 300w, https:\/\/moroccoroads.com\/wp-content\/uploads\/2019\/03\/51-510x382.jpg 510w\" sizes=\"auto, (max-width: 550px) 100vw, 550px\" \/><\/figure><\/li><li class=\"blocks-gallery-item\"><figure><img loading=\"lazy\" decoding=\"async\" width=\"960\" height=\"640\" src=\"https:\/\/moroccoroads.com\/wp-content\/uploads\/2019\/03\/52.jpg\" alt=\"\" data-id=\"158\" data-link=\"https:\/\/moroccoroads.com\/?attachment_id=158\" class=\"wp-image-158\" srcset=\"https:\/\/moroccoroads.com\/wp-content\/uploads\/2019\/03\/52.jpg 960w, https:\/\/moroccoroads.com\/wp-content\/uploads\/2019\/03\/52-300x200.jpg 300w, https:\/\/moroccoroads.com\/wp-content\/uploads\/2019\/03\/52-768x512.jpg 768w\" sizes=\"auto, (max-width: 960px) 100vw, 960px\" \/><\/figure><\/li><li class=\"blocks-gallery-item\"><figure><img loading=\"lazy\" decoding=\"async\" width=\"720\" height=\"960\" src=\"https:\/\/moroccoroads.com\/wp-content\/uploads\/2019\/03\/53.jpg\" alt=\"\" data-id=\"159\" data-link=\"https:\/\/moroccoroads.com\/?attachment_id=159\" class=\"wp-image-159\" srcset=\"https:\/\/moroccoroads.com\/wp-content\/uploads\/2019\/03\/53.jpg 720w, https:\/\/moroccoroads.com\/wp-content\/uploads\/2019\/03\/53-225x300.jpg 225w\" sizes=\"auto, (max-width: 720px) 100vw, 720px\" \/><\/figure><\/li><\/ul>\n","protected":false},"excerpt":{"rendered":"<p>A unos kil\u00f3metros de Marrakech, el Toubkal es el \u00abtecho de Marruecos\u00bb y del norte de \u00c1frica. Su cima se encuentra a 4.167 m. y est\u00e1 rodeado de altos macizos de m\u00e1s de 3.000 m. pero se mantiene como &#8216;la monta\u00f1a de las monta\u00f1as&#8217;, tal como la denominan los bereberes: &#8216;Adrar N&#8217;Dern&#8217;. Est\u00e1 rodeado por [&hellip;]<\/p>\n","protected":false},"author":1,"featured_media":0,"parent":151,"menu_order":0,"comment_status":"closed","ping_status":"closed","template":"","meta":{"footnotes":""},"class_list":["post-155","page","type-page","status-publish","hentry"],"_links":{"self":[{"href":"https:\/\/moroccoroads.com\/index.php?rest_route=\/wp\/v2\/pages\/155","targetHints":{"allow":["GET"]}}],"collection":[{"href":"https:\/\/moroccoroads.com\/index.php?rest_route=\/wp\/v2\/pages"}],"about":[{"href":"https:\/\/moroccoroads.com\/index.php?rest_route=\/wp\/v2\/types\/page"}],"author":[{"embeddable":true,"href":"https:\/\/moroccoroads.com\/index.php?rest_route=\/wp\/v2\/users\/1"}],"replies":[{"embeddable":true,"href":"https:\/\/moroccoroads.com\/index.php?rest_route=%2Fwp%2Fv2%2Fcomments&post=155"}],"version-history":[{"count":2,"href":"https:\/\/moroccoroads.com\/index.php?rest_route=\/wp\/v2\/pages\/155\/revisions"}],"predecessor-version":[{"id":775,"href":"https:\/\/moroccoroads.com\/index.php?rest_route=\/wp\/v2\/pages\/155\/revisions\/775"}],"up":[{"embeddable":true,"href":"https:\/\/moroccoroads.com\/index.php?rest_route=\/wp\/v2\/pages\/151"}],"wp:attachment":[{"href":"https:\/\/moroccoroads.com\/index.php?rest_route=%2Fwp%2Fv2%2Fmedia&parent=155"}],"curies":[{"name":"wp","href":"https:\/\/api.w.org\/{rel}","templated":true}]}}