{"id":164,"date":"2019-03-26T20:32:29","date_gmt":"2019-03-26T19:32:29","guid":{"rendered":"http:\/\/moroccoroads.com\/?page_id=164"},"modified":"2019-05-26T19:57:20","modified_gmt":"2019-05-26T18:57:20","slug":"tour-clasico","status":"publish","type":"page","link":"https:\/\/moroccoroads.com\/?page_id=164","title":{"rendered":"Tour cl\u00e1sico al Jbel Toubkal."},"content":{"rendered":"\n<p> El <strong>ascenso al Toubkal <\/strong>es una de las experiencias monta\u00f1eras m\u00e1s cercanas y a la vez m\u00e1s gratificantes para los amantes del <strong>senderismo de altura<\/strong>. Y decimos senderismo, porque el techo del Atlas marroqu\u00ed (4.167 metros sobre el nivel del mar) es tambi\u00e9n&nbsp;<strong>una invitaci\u00f3n a la aventura en su sentido m\u00e1s cl\u00e1sico<\/strong>. <\/p>\n\n\n\n<p>Aventura porque el<strong> Atlas<\/strong> es un lugar fascinante d\u00f3nde el viajero inquieto puede dejar volar la imaginaci\u00f3n y volver a la \u00e9poca en la que los exploradores recorr\u00edan comarcas remotas descubriendo lugares incre\u00edbles. M\u00e1s all\u00e1 de la satisfacci\u00f3n de superar la barrera de los 4.000 metros&nbsp;<strong>sin dificultades t\u00e9cnicas<\/strong>,&nbsp;m\u00e1s all\u00e1 de&nbsp;<strong>contar con una buena condici\u00f3n f\u00edsica<\/strong>, el<strong> Jbel Toubkal<\/strong> te impone transitar por el trozo m\u00e1s salvaje del territorio marroqu\u00ed; valles verdes que contrastan con el ocre omnipresente de las monta\u00f1as; pueblos encantadores de casas de adobe d\u00f3nde se refugia lo m\u00e1s aut\u00e9ntico de la cultura bereber del norte de \u00c1frica y las nieves de la propia monta\u00f1a son el marco de esta aventura que est\u00e1 mucho m\u00e1s a la mano de lo que podr\u00eda parecer.&nbsp; <strong>Morocco Roads<\/strong> te pone sobre la pista de este<strong> trekking m\u00e1gico. <\/strong><\/p>\n\n\n\n<ul class=\"wp-block-gallery columns-1 is-cropped wp-block-gallery-1 is-layout-flex wp-block-gallery-is-layout-flex\"><li class=\"blocks-gallery-item\"><figure><img loading=\"lazy\" decoding=\"async\" width=\"1024\" height=\"768\" src=\"https:\/\/moroccoroads.com\/wp-content\/uploads\/2019\/03\/55-1024x768.jpg\" alt=\"\" data-id=\"165\" data-link=\"https:\/\/moroccoroads.com\/?attachment_id=165\" class=\"wp-image-165\" srcset=\"https:\/\/moroccoroads.com\/wp-content\/uploads\/2019\/03\/55.jpg 1024w, https:\/\/moroccoroads.com\/wp-content\/uploads\/2019\/03\/55-300x225.jpg 300w, https:\/\/moroccoroads.com\/wp-content\/uploads\/2019\/03\/55-768x576.jpg 768w, https:\/\/moroccoroads.com\/wp-content\/uploads\/2019\/03\/55-510x382.jpg 510w\" sizes=\"auto, (max-width: 1024px) 100vw, 1024px\" \/><\/figure><\/li><\/ul>\n\n\n\n<p><strong>TEMPORADA:<\/strong> Desde finales de\nmayo a finales de septiembre<\/p>\n\n\n\n<p><strong>DURACI\u00d3N:<\/strong> 7 d\u00edas<\/p>\n\n\n\n<p><strong>NIVEL:<\/strong>&nbsp; Mediano a deportivo<\/p>\n\n\n\n<p><strong>Para m\u00e1s informaci\u00f3n, cons\u00faltanos.<\/strong><\/p>\n","protected":false},"excerpt":{"rendered":"<p>El ascenso al Toubkal es una de las experiencias monta\u00f1eras m\u00e1s cercanas y a la vez m\u00e1s gratificantes para los amantes del senderismo de altura. Y decimos senderismo, porque el techo del Atlas marroqu\u00ed (4.167 metros sobre el nivel del mar) es tambi\u00e9n&nbsp;una invitaci\u00f3n a la aventura en su sentido m\u00e1s cl\u00e1sico. Aventura porque el [&hellip;]<\/p>\n","protected":false},"author":1,"featured_media":0,"parent":151,"menu_order":0,"comment_status":"closed","ping_status":"closed","template":"","meta":{"footnotes":""},"class_list":["post-164","page","type-page","status-publish","hentry"],"_links":{"self":[{"href":"https:\/\/moroccoroads.com\/index.php?rest_route=\/wp\/v2\/pages\/164","targetHints":{"allow":["GET"]}}],"collection":[{"href":"https:\/\/moroccoroads.com\/index.php?rest_route=\/wp\/v2\/pages"}],"about":[{"href":"https:\/\/moroccoroads.com\/index.php?rest_route=\/wp\/v2\/types\/page"}],"author":[{"embeddable":true,"href":"https:\/\/moroccoroads.com\/index.php?rest_route=\/wp\/v2\/users\/1"}],"replies":[{"embeddable":true,"href":"https:\/\/moroccoroads.com\/index.php?rest_route=%2Fwp%2Fv2%2Fcomments&post=164"}],"version-history":[{"count":4,"href":"https:\/\/moroccoroads.com\/index.php?rest_route=\/wp\/v2\/pages\/164\/revisions"}],"predecessor-version":[{"id":822,"href":"https:\/\/moroccoroads.com\/index.php?rest_route=\/wp\/v2\/pages\/164\/revisions\/822"}],"up":[{"embeddable":true,"href":"https:\/\/moroccoroads.com\/index.php?rest_route=\/wp\/v2\/pages\/151"}],"wp:attachment":[{"href":"https:\/\/moroccoroads.com\/index.php?rest_route=%2Fwp%2Fv2%2Fmedia&parent=164"}],"curies":[{"name":"wp","href":"https:\/\/api.w.org\/{rel}","templated":true}]}}