{"id":168,"date":"2019-03-26T20:31:13","date_gmt":"2019-03-26T19:31:13","guid":{"rendered":"http:\/\/moroccoroads.com\/?page_id=168"},"modified":"2019-05-26T18:55:50","modified_gmt":"2019-05-26T17:55:50","slug":"mgouncirco-de-taghia-y-siroua","status":"publish","type":"page","link":"https:\/\/moroccoroads.com\/?page_id=168","title":{"rendered":"M,goun,circo de Taghia y Siroua"},"content":{"rendered":"\n<p> El macizo de <strong>Taghia<\/strong> se ha convertido estos \u00faltimos a\u00f1os en una verdadera meca para los escaladores de roca de dificultad que buscan <strong>terreno salvaje<\/strong>, v\u00edas dif\u00edciles, roca excelente y v\u00edas muy exigentes. <\/p>\n\n\n\n<p>Un santuario mundial exclusivo para escaladores y senderistas con un buen nivel t\u00e9cnico y psicol\u00f3gico. <\/p>\n\n\n\n<p>Por su parte, el circo de <strong>Taghia<\/strong> y sus<strong> inmensos acantilados<\/strong> es sin duda uno de los mas bonitos lugares del Atlas seguido por altos planicies, territorios de verano de los nomadas<strong> A\u00eft Atta<\/strong> y al final el valle de <strong>Ait Bouguemez<\/strong> .<br> Al pie de una interseccion de gargantas estrechas y profundas formando un circulo de caliza anaranjado,el pueblo de <strong>Taghia<\/strong>,uno de los destinos mas hermosos del pais.<\/p>\n\n\n\n<ul class=\"wp-block-gallery columns-3 is-cropped wp-block-gallery-1 is-layout-flex wp-block-gallery-is-layout-flex\"><li class=\"blocks-gallery-item\"><figure><img loading=\"lazy\" decoding=\"async\" width=\"768\" height=\"576\" src=\"https:\/\/moroccoroads.com\/wp-content\/uploads\/2019\/03\/59.jpg\" alt=\"\" data-id=\"172\" data-link=\"https:\/\/moroccoroads.com\/?attachment_id=172\" class=\"wp-image-172\" srcset=\"https:\/\/moroccoroads.com\/wp-content\/uploads\/2019\/03\/59.jpg 768w, https:\/\/moroccoroads.com\/wp-content\/uploads\/2019\/03\/59-300x225.jpg 300w, https:\/\/moroccoroads.com\/wp-content\/uploads\/2019\/03\/59-510x382.jpg 510w\" sizes=\"auto, (max-width: 768px) 100vw, 768px\" \/><\/figure><\/li><li class=\"blocks-gallery-item\"><figure><img loading=\"lazy\" decoding=\"async\" width=\"960\" height=\"843\" src=\"https:\/\/moroccoroads.com\/wp-content\/uploads\/2019\/03\/56.jpg\" alt=\"\" data-id=\"169\" data-link=\"https:\/\/moroccoroads.com\/?attachment_id=169\" class=\"wp-image-169\" srcset=\"https:\/\/moroccoroads.com\/wp-content\/uploads\/2019\/03\/56.jpg 960w, https:\/\/moroccoroads.com\/wp-content\/uploads\/2019\/03\/56-300x263.jpg 300w, https:\/\/moroccoroads.com\/wp-content\/uploads\/2019\/03\/56-768x674.jpg 768w\" sizes=\"auto, (max-width: 960px) 100vw, 960px\" \/><\/figure><\/li><li class=\"blocks-gallery-item\"><figure><img loading=\"lazy\" decoding=\"async\" width=\"650\" height=\"488\" src=\"https:\/\/moroccoroads.com\/wp-content\/uploads\/2019\/03\/58.jpg\" alt=\"\" data-id=\"171\" data-link=\"https:\/\/moroccoroads.com\/?attachment_id=171\" class=\"wp-image-171\" srcset=\"https:\/\/moroccoroads.com\/wp-content\/uploads\/2019\/03\/58.jpg 650w, https:\/\/moroccoroads.com\/wp-content\/uploads\/2019\/03\/58-300x225.jpg 300w, https:\/\/moroccoroads.com\/wp-content\/uploads\/2019\/03\/58-510x382.jpg 510w\" sizes=\"auto, (max-width: 650px) 100vw, 650px\" \/><\/figure><\/li><li class=\"blocks-gallery-item\"><figure><img loading=\"lazy\" decoding=\"async\" width=\"960\" height=\"640\" src=\"https:\/\/moroccoroads.com\/wp-content\/uploads\/2019\/03\/57.jpg\" alt=\"\" data-id=\"170\" data-link=\"https:\/\/moroccoroads.com\/?attachment_id=170\" class=\"wp-image-170\" srcset=\"https:\/\/moroccoroads.com\/wp-content\/uploads\/2019\/03\/57.jpg 960w, https:\/\/moroccoroads.com\/wp-content\/uploads\/2019\/03\/57-300x200.jpg 300w, https:\/\/moroccoroads.com\/wp-content\/uploads\/2019\/03\/57-768x512.jpg 768w\" sizes=\"auto, (max-width: 960px) 100vw, 960px\" \/><\/figure><\/li><\/ul>\n","protected":false},"excerpt":{"rendered":"<p>El macizo de Taghia se ha convertido estos \u00faltimos a\u00f1os en una verdadera meca para los escaladores de roca de dificultad que buscan terreno salvaje, v\u00edas dif\u00edciles, roca excelente y v\u00edas muy exigentes. Un santuario mundial exclusivo para escaladores y senderistas con un buen nivel t\u00e9cnico y psicol\u00f3gico. Por su parte, el circo de Taghia [&hellip;]<\/p>\n","protected":false},"author":1,"featured_media":0,"parent":0,"menu_order":0,"comment_status":"closed","ping_status":"closed","template":"","meta":{"footnotes":""},"class_list":["post-168","page","type-page","status-publish","hentry"],"_links":{"self":[{"href":"https:\/\/moroccoroads.com\/index.php?rest_route=\/wp\/v2\/pages\/168","targetHints":{"allow":["GET"]}}],"collection":[{"href":"https:\/\/moroccoroads.com\/index.php?rest_route=\/wp\/v2\/pages"}],"about":[{"href":"https:\/\/moroccoroads.com\/index.php?rest_route=\/wp\/v2\/types\/page"}],"author":[{"embeddable":true,"href":"https:\/\/moroccoroads.com\/index.php?rest_route=\/wp\/v2\/users\/1"}],"replies":[{"embeddable":true,"href":"https:\/\/moroccoroads.com\/index.php?rest_route=%2Fwp%2Fv2%2Fcomments&post=168"}],"version-history":[{"count":4,"href":"https:\/\/moroccoroads.com\/index.php?rest_route=\/wp\/v2\/pages\/168\/revisions"}],"predecessor-version":[{"id":793,"href":"https:\/\/moroccoroads.com\/index.php?rest_route=\/wp\/v2\/pages\/168\/revisions\/793"}],"wp:attachment":[{"href":"https:\/\/moroccoroads.com\/index.php?rest_route=%2Fwp%2Fv2%2Fmedia&parent=168"}],"curies":[{"name":"wp","href":"https:\/\/api.w.org\/{rel}","templated":true}]}}