{"id":178,"date":"2019-03-26T20:31:49","date_gmt":"2019-03-26T19:31:49","guid":{"rendered":"http:\/\/moroccoroads.com\/?page_id=178"},"modified":"2019-05-26T20:19:33","modified_gmt":"2019-05-26T19:19:33","slug":"por-las-gargantas-del-mgoun","status":"publish","type":"page","link":"https:\/\/moroccoroads.com\/?page_id=178","title":{"rendered":"Por la garganta del M\u2019goun"},"content":{"rendered":"\n<ul class=\"wp-block-gallery columns-3 is-cropped wp-block-gallery-1 is-layout-flex wp-block-gallery-is-layout-flex\"><li class=\"blocks-gallery-item\"><figure><img loading=\"lazy\" decoding=\"async\" width=\"860\" height=\"572\" src=\"https:\/\/moroccoroads.com\/wp-content\/uploads\/2019\/03\/61.jpg\" alt=\"\" data-id=\"179\" data-link=\"https:\/\/moroccoroads.com\/?attachment_id=179\" class=\"wp-image-179\" srcset=\"https:\/\/moroccoroads.com\/wp-content\/uploads\/2019\/03\/61.jpg 860w, https:\/\/moroccoroads.com\/wp-content\/uploads\/2019\/03\/61-300x200.jpg 300w, https:\/\/moroccoroads.com\/wp-content\/uploads\/2019\/03\/61-768x511.jpg 768w\" sizes=\"auto, (max-width: 860px) 100vw, 860px\" \/><\/figure><\/li><li class=\"blocks-gallery-item\"><figure><img loading=\"lazy\" decoding=\"async\" width=\"478\" height=\"720\" src=\"https:\/\/moroccoroads.com\/wp-content\/uploads\/2019\/05\/Gargantas-de-Achabu.jpg\" alt=\"\" data-id=\"818\" data-link=\"https:\/\/moroccoroads.com\/?attachment_id=818\" class=\"wp-image-818\" srcset=\"https:\/\/moroccoroads.com\/wp-content\/uploads\/2019\/05\/Gargantas-de-Achabu.jpg 478w, https:\/\/moroccoroads.com\/wp-content\/uploads\/2019\/05\/Gargantas-de-Achabu-199x300.jpg 199w\" sizes=\"auto, (max-width: 478px) 100vw, 478px\" \/><\/figure><\/li><li class=\"blocks-gallery-item\"><figure><img loading=\"lazy\" decoding=\"async\" width=\"620\" height=\"928\" src=\"https:\/\/moroccoroads.com\/wp-content\/uploads\/2019\/05\/P1050469-Marruecos-Trekking-Atlas-Rio-m-Goun-Viajar-Comer-Y-Amar-com.jpg\" alt=\"\" data-id=\"827\" data-link=\"https:\/\/moroccoroads.com\/?attachment_id=827\" class=\"wp-image-827\" srcset=\"https:\/\/moroccoroads.com\/wp-content\/uploads\/2019\/05\/P1050469-Marruecos-Trekking-Atlas-Rio-m-Goun-Viajar-Comer-Y-Amar-com.jpg 620w, https:\/\/moroccoroads.com\/wp-content\/uploads\/2019\/05\/P1050469-Marruecos-Trekking-Atlas-Rio-m-Goun-Viajar-Comer-Y-Amar-com-200x300.jpg 200w\" sizes=\"auto, (max-width: 620px) 100vw, 620px\" \/><\/figure><\/li><\/ul>\n\n\n\n<p><strong>Trekking <\/strong>que combina un verdadero circuito deportivo con el descubrimiento del fascinante valle de <strong>A\u00eft Bouguemez,<\/strong> llamado tambi\u00e9n <em>\u201cla vall\u00e9 Heureuxe\u201d,<\/em> el valle feliz\u2026. <\/p>\n\n\n\n<p>La ruta por la<strong> garganta del r\u00edo M&#8217;goun <\/strong>es una de las m\u00e1s espectaculares que se pueden hacer en las monta\u00f1as del Atlas y est\u00e1 mucho menos concurrida que las que se hacen en el <strong>Draa <\/strong>o en el<strong> Todra. <\/strong><\/p>\n\n\n\n<p>El recorrido es de ida y vuelta de unos <strong>12 km. por cada trayecto<\/strong>, con muy poco desnivel.  Se realiza en un par de d\u00edas, haciendo noche en un refugio. La ruta tambi\u00e9n se realiza como parte de un trekking de varios d\u00edas, para alcanzar la cima del<strong> macizo del M&#8217;goun. <\/strong><\/p>\n\n\n\n<p>Se puede hacer perfectamente a pie, aunque el nivel del rio en primavera o el cansancio de caminar por el r\u00edo puede obligarnos a subir a <strong>alguna de las mulas <\/strong>que nos acompa\u00f1an. La \u00faltima parte del recorrido, cuando la garganta apenas supera los 3 o 4 m. de ancho, es espectacular.  Al finalizar, no faltar\u00e1 el tradicional t\u00e9, un buen tajine y seguro que aparece alg\u00fan tambor que acompa\u00f1ar\u00e1 las <strong>canciones bereberes <\/strong>que entonar\u00e1n los gu\u00edas.<\/p>\n\n\n\n<p>Durante el invierno se deja de hacer la ruta por la acumulaci\u00f3n de nieve. Se retoma la actividad cuando acaba el deshielo y el nivel del rio permite vadearlo sin peligro. <\/p>\n\n\n\n<p><strong>TEMPORADA<\/strong>: Mayo a septiembre<\/p>\n\n\n\n<p><strong>DURACION:<\/strong> 7 d\u00edas<\/p>\n\n\n\n<p><strong>NIVEL:<\/strong> F\u00e1cil<\/p>\n\n\n\n<p><strong>Para m\u00e1s informaci\u00f3n,\ncons\u00faltanos.<\/strong><\/p>\n","protected":false},"excerpt":{"rendered":"<p>Trekking que combina un verdadero circuito deportivo con el descubrimiento del fascinante valle de A\u00eft Bouguemez, llamado tambi\u00e9n \u201cla vall\u00e9 Heureuxe\u201d, el valle feliz\u2026. La ruta por la garganta del r\u00edo M&#8217;goun es una de las m\u00e1s espectaculares que se pueden hacer en las monta\u00f1as del Atlas y est\u00e1 mucho menos concurrida que las que [&hellip;]<\/p>\n","protected":false},"author":1,"featured_media":0,"parent":0,"menu_order":0,"comment_status":"closed","ping_status":"closed","template":"","meta":{"footnotes":""},"class_list":["post-178","page","type-page","status-publish","hentry"],"_links":{"self":[{"href":"https:\/\/moroccoroads.com\/index.php?rest_route=\/wp\/v2\/pages\/178","targetHints":{"allow":["GET"]}}],"collection":[{"href":"https:\/\/moroccoroads.com\/index.php?rest_route=\/wp\/v2\/pages"}],"about":[{"href":"https:\/\/moroccoroads.com\/index.php?rest_route=\/wp\/v2\/types\/page"}],"author":[{"embeddable":true,"href":"https:\/\/moroccoroads.com\/index.php?rest_route=\/wp\/v2\/users\/1"}],"replies":[{"embeddable":true,"href":"https:\/\/moroccoroads.com\/index.php?rest_route=%2Fwp%2Fv2%2Fcomments&post=178"}],"version-history":[{"count":4,"href":"https:\/\/moroccoroads.com\/index.php?rest_route=\/wp\/v2\/pages\/178\/revisions"}],"predecessor-version":[{"id":829,"href":"https:\/\/moroccoroads.com\/index.php?rest_route=\/wp\/v2\/pages\/178\/revisions\/829"}],"wp:attachment":[{"href":"https:\/\/moroccoroads.com\/index.php?rest_route=%2Fwp%2Fv2%2Fmedia&parent=178"}],"curies":[{"name":"wp","href":"https:\/\/api.w.org\/{rel}","templated":true}]}}