{"id":183,"date":"2019-03-26T20:30:13","date_gmt":"2019-03-26T19:30:13","guid":{"rendered":"http:\/\/moroccoroads.com\/?page_id=183"},"modified":"2021-03-20T09:12:02","modified_gmt":"2021-03-20T08:12:02","slug":"el-mgoun-y-el-circo-de-taghia","status":"publish","type":"page","link":"https:\/\/moroccoroads.com\/?page_id=183","title":{"rendered":"El M\u2019goun y el circo de Taghia"},"content":{"rendered":"\n<ul class=\"wp-block-gallery columns-1 is-cropped wp-block-gallery-1 is-layout-flex wp-block-gallery-is-layout-flex\"><li class=\"blocks-gallery-item\"><figure><img loading=\"lazy\" decoding=\"async\" width=\"650\" height=\"488\" src=\"https:\/\/moroccoroads.com\/wp-content\/uploads\/2019\/03\/62.jpg\" alt=\"\" data-id=\"184\" data-link=\"https:\/\/moroccoroads.com\/?attachment_id=184\" class=\"wp-image-184\" srcset=\"https:\/\/moroccoroads.com\/wp-content\/uploads\/2019\/03\/62.jpg 650w, https:\/\/moroccoroads.com\/wp-content\/uploads\/2019\/03\/62-300x225.jpg 300w, https:\/\/moroccoroads.com\/wp-content\/uploads\/2019\/03\/62-510x382.jpg 510w\" sizes=\"auto, (max-width: 650px) 100vw, 650px\" \/><\/figure><\/li><\/ul>\n\n\n\n<p>Una interesante excursi\u00f3n de una semana entre gargantas encajadas en el <strong>Atlas<\/strong> m\u00e1s rec\u00f3ndito y los hermosos valles de la tribu <strong>A\u00eft Bouguemez<\/strong> &#8211; que da nombre al valle situado bajo las laderas septentrionales de la gran cresta del<strong> M\u2019goun<\/strong> &#8211; con sus bellos pueblos de adobe bordeando los r\u00edos, sus altiplanos abiertos y magn\u00edficas vistas al macizo. Cada etapa ser\u00e1 una oportunidad para entra\u00f1ables encuentros.<\/p>\n\n\n\n<p>El <strong>M\u2019goun (4.068 m) <\/strong>es tras el Toubkal el segundo macizo en altitud de todo el \u00c1frica del Norte. Sin embargo, el macizo del M\u2019goun es netamente m\u00e1s extenso, pues reina sobre la parte central del Alto Atlas, que es donde esta gran cordillera alcanza su mayor desarrollo y se ensancha en numerosos pliegues entre <strong>Azilal <\/strong>y el llano de <strong>Ouarzazate. <\/strong><\/p>\n\n\n\n<p>Tras el descenso del M\u2019goun, el circo de <strong>Taghia,<\/strong> que abriga un grupo de<strong> farallones calc\u00e1reos<\/strong> que son probablemente los m\u00e1s bellos de Marruecos.<\/p>\n\n\n\n<p>Con poco o nada que envidiar al famos\u00edsimo Todra, la inaccesibilidad de Taghia mantiene este lugar a resguardo de los turistas y es frecuentado s\u00f3lo por escaladores que la han bautizado como <strong><em>las Dolomitas marroqu\u00edes,<\/em><\/strong> por la espectacularidad de las gargantas, desfiladeros y paredes verticales que aqu\u00ed encontramos.<\/p>\n\n\n\n<p><strong>TEMPORADA:<\/strong> Desde finales de mayo a finales de septiembre<\/p>\n\n\n\n<p><strong>DURACI\u00d3N:<\/strong> Una semana<\/p>\n\n\n\n<p><strong>NIVEL:<\/strong>\u00a0 Mediano a deportivo<\/p>\n\n\n\n<p><strong>Para m\u00e1s informaci\u00f3n, cons\u00faltanos.<\/strong><\/p>\n","protected":false},"excerpt":{"rendered":"<p>Una interesante excursi\u00f3n de una semana entre gargantas encajadas en el Atlas m\u00e1s rec\u00f3ndito y los hermosos valles de la tribu A\u00eft Bouguemez &#8211; que da nombre al valle situado bajo las laderas septentrionales de la gran cresta del M\u2019goun &#8211; con sus bellos pueblos de adobe bordeando los r\u00edos, sus altiplanos abiertos y magn\u00edficas [&hellip;]<\/p>\n","protected":false},"author":1,"featured_media":0,"parent":0,"menu_order":0,"comment_status":"closed","ping_status":"closed","template":"","meta":{"footnotes":""},"class_list":["post-183","page","type-page","status-publish","hentry"],"_links":{"self":[{"href":"https:\/\/moroccoroads.com\/index.php?rest_route=\/wp\/v2\/pages\/183","targetHints":{"allow":["GET"]}}],"collection":[{"href":"https:\/\/moroccoroads.com\/index.php?rest_route=\/wp\/v2\/pages"}],"about":[{"href":"https:\/\/moroccoroads.com\/index.php?rest_route=\/wp\/v2\/types\/page"}],"author":[{"embeddable":true,"href":"https:\/\/moroccoroads.com\/index.php?rest_route=\/wp\/v2\/users\/1"}],"replies":[{"embeddable":true,"href":"https:\/\/moroccoroads.com\/index.php?rest_route=%2Fwp%2Fv2%2Fcomments&post=183"}],"version-history":[{"count":3,"href":"https:\/\/moroccoroads.com\/index.php?rest_route=\/wp\/v2\/pages\/183\/revisions"}],"predecessor-version":[{"id":782,"href":"https:\/\/moroccoroads.com\/index.php?rest_route=\/wp\/v2\/pages\/183\/revisions\/782"}],"wp:attachment":[{"href":"https:\/\/moroccoroads.com\/index.php?rest_route=%2Fwp%2Fv2%2Fmedia&parent=183"}],"curies":[{"name":"wp","href":"https:\/\/api.w.org\/{rel}","templated":true}]}}