{"id":188,"date":"2019-03-26T20:29:52","date_gmt":"2019-03-26T19:29:52","guid":{"rendered":"http:\/\/moroccoroads.com\/?page_id=188"},"modified":"2021-03-20T09:12:02","modified_gmt":"2021-03-20T08:12:02","slug":"del-mgoun-al-toubkal-la-gran-travesia-del-alto-atlas","status":"publish","type":"page","link":"https:\/\/moroccoroads.com\/?page_id=188","title":{"rendered":"Del M\u2019goun al Toubkal: la gran traves\u00eda del Alto Atlas"},"content":{"rendered":"\n<ul class=\"wp-block-gallery columns-1 is-cropped wp-block-gallery-1 is-layout-flex wp-block-gallery-is-layout-flex\"><li class=\"blocks-gallery-item\"><figure><img loading=\"lazy\" decoding=\"async\" width=\"885\" height=\"561\" src=\"https:\/\/moroccoroads.com\/wp-content\/uploads\/2019\/03\/63.png\" alt=\"\" data-id=\"189\" data-link=\"https:\/\/moroccoroads.com\/?attachment_id=189\" class=\"wp-image-189\" srcset=\"https:\/\/moroccoroads.com\/wp-content\/uploads\/2019\/03\/63.png 885w, https:\/\/moroccoroads.com\/wp-content\/uploads\/2019\/03\/63-300x190.png 300w, https:\/\/moroccoroads.com\/wp-content\/uploads\/2019\/03\/63-768x487.png 768w\" sizes=\"auto, (max-width: 885px) 100vw, 885px\" \/><\/figure><\/li><\/ul>\n\n\n\n<p>Pensado para viajeros con ganas de aventuras y grandes retos, dos circuitos con distintos grados de dificultad y de <strong>15 o 17 d\u00edas <\/strong>de duraci\u00f3n.<\/p>\n\n\n\n<p>Les presentamos un tour de 15 d\u00edas muy intenso: <strong>290 km. <\/strong>de<strong> longitud<\/strong>,<strong> 15.000 <\/strong>m. de <strong>desnivel <\/strong>positivo, <strong>3 picos<\/strong> de gran altura y el paso de numerosos desfiladeros.<\/p>\n\n\n\n<p>Es la <strong>\u201cGran Traves\u00eda del Alto Atlas\u201d <\/strong>en 2 semanas, sin traslados por carretera para recortar etapas.<\/p>\n\n\n\n<p>Se trata de una ruta de funambulista entre cielo y tierra, como si cruz\u00e1ramosun cable tendido entre dos picos que superan los 4.000 metros, el <strong>M\u2019goun<\/strong> y el <strong>Toubkal, <\/strong>&#8211; el pico m\u00e1s alto del norte de \u00c1frica \u2013 pero para jugar a ser equilibrista de altura es preciso ser un trekker o monta\u00f1ero prudente. <\/p>\n\n\n\n<p>El transporte de todo el equipo se realiza con mulos,\nasistidos por los muleros que siempre estar\u00e1n ah\u00ed paraechar una mano a nuestros\naventureros.<\/p>\n\n\n\n<p>Tambi\u00e9n nos acompa\u00f1a un cocinero, que es un aut\u00e9ntico\nmago elaborando el tajine, cous-cous o el t\u00e9 a la menta y por supuesto, un gu\u00eda\nautorizado del Centro de Capacitaci\u00f3n para las Profesiones de Monta\u00f1a de\nMarruecos (CFFAM) y enamorado de estas monta\u00f1as, el aut\u00e9ntico gran director de\norquesta de este emocionante trek.<\/p>\n\n\n\n<p>Los puntos destacados de este viaje son:<\/p>\n\n\n\n<ol class=\"wp-block-list\"><li>Un recorrido desde la cima del M\u2019goun a la cima del Toubkal, sin traslado por carretera, en dos semanas.<\/li><li>Tres ascensiones: M&#8217;goun (4.068 m.) Anghomar (3.608 m.) y Toubkal (4.167 m.)<\/li><li>Un gran desafio: Este es un trek f\u00edsicamente muy exigente. <\/li><li>Un grupo limitado: S\u00f3lo 10 participantes. <\/li><li>Dos noches en Marrakech en hotel de 4 estrellas.<\/li><\/ol>\n\n\n\n<p><strong>PUNTOS DE REFERENCIA:<\/strong><\/p>\n\n\n\n<p><strong>TREKKING<\/strong>: Para adentrarse en plena naturaleza durante varios d\u00edas consecutivos. Ideal para poner a prueba nuestra resistencia, y una conexi\u00f3n total con el entorno y sus gentes. Caminatas itinerantes, lejos de toda infraestructura.<\/p>\n\n\n\n<p><strong>NIVEL 6:<\/strong> Caminata de 7 a 8 horas de media por d\u00eda, fuera de senderos o sobre terreno accidentado, con m\u00e1s de 1.000 metros de desnivel positivo y\/o 20 kms\/d\u00eda. <\/p>\n\n\n\n<p>Posibilidad de uso de Pasos de Altura.<\/p>\n\n\n\n<p>Seg\u00fan mediciones de los Gu\u00edas y de algunos participantes, este recorrido representa: <\/p>\n\n\n\n<ul class=\"wp-block-list\"><li> Un desnivel acumulado de +\/- 15.500 m\u00e1s, desnivel que incluye el Anghomar. <\/li><li>Desnivel del Ouanoukrim (J-13)<\/li><li>Una distancia acumulada de aproximadamente 290 kms. en total. <\/li><\/ul>\n\n\n\n<p><strong>CUMBRES<\/strong>:<\/p>\n\n\n\n<p>Cumbres famosas, de 3.000 a 4.000 m. Un volc\u00e1n o una\ncima glaciar, ascensiones de mayor o menor dificultad, en el coraz\u00f3n de unas de\nlas m\u00e1s bellas monta\u00f1as del planeta.<\/p>\n\n\n\n<p><strong>TEMPORADA:<\/strong> Desde finales de mayo a finales de septiembre<\/p>\n\n\n\n<p><strong>DURACI\u00d3N:<\/strong>15 D\u00edas.<\/p>\n\n\n\n<p><strong>NIVEL<\/strong>: Alto <\/p>\n\n\n\n<p><strong>Para m\u00e1s informaci\u00f3n, cons\u00faltanos.<\/strong><\/p>\n","protected":false},"excerpt":{"rendered":"<p>Pensado para viajeros con ganas de aventuras y grandes retos, dos circuitos con distintos grados de dificultad y de 15 o 17 d\u00edas de duraci\u00f3n. Les presentamos un tour de 15 d\u00edas muy intenso: 290 km. de longitud, 15.000 m. de desnivel positivo, 3 picos de gran altura y el paso de numerosos desfiladeros. Es [&hellip;]<\/p>\n","protected":false},"author":1,"featured_media":0,"parent":0,"menu_order":0,"comment_status":"closed","ping_status":"closed","template":"","meta":{"footnotes":""},"class_list":["post-188","page","type-page","status-publish","hentry"],"_links":{"self":[{"href":"https:\/\/moroccoroads.com\/index.php?rest_route=\/wp\/v2\/pages\/188","targetHints":{"allow":["GET"]}}],"collection":[{"href":"https:\/\/moroccoroads.com\/index.php?rest_route=\/wp\/v2\/pages"}],"about":[{"href":"https:\/\/moroccoroads.com\/index.php?rest_route=\/wp\/v2\/types\/page"}],"author":[{"embeddable":true,"href":"https:\/\/moroccoroads.com\/index.php?rest_route=\/wp\/v2\/users\/1"}],"replies":[{"embeddable":true,"href":"https:\/\/moroccoroads.com\/index.php?rest_route=%2Fwp%2Fv2%2Fcomments&post=188"}],"version-history":[{"count":3,"href":"https:\/\/moroccoroads.com\/index.php?rest_route=\/wp\/v2\/pages\/188\/revisions"}],"predecessor-version":[{"id":781,"href":"https:\/\/moroccoroads.com\/index.php?rest_route=\/wp\/v2\/pages\/188\/revisions\/781"}],"wp:attachment":[{"href":"https:\/\/moroccoroads.com\/index.php?rest_route=%2Fwp%2Fv2%2Fmedia&parent=188"}],"curies":[{"name":"wp","href":"https:\/\/api.w.org\/{rel}","templated":true}]}}