{"id":191,"date":"2019-03-26T20:28:59","date_gmt":"2019-03-26T19:28:59","guid":{"rendered":"http:\/\/moroccoroads.com\/?page_id=191"},"modified":"2021-03-20T09:12:02","modified_gmt":"2021-03-20T08:12:02","slug":"el-silencio-del-sahara","status":"publish","type":"page","link":"https:\/\/moroccoroads.com\/?page_id=191","title":{"rendered":"El silencio del Sahara"},"content":{"rendered":"\n<p>El desierto de<strong>l S\u00e1hara <\/strong>tiene m\u00e1s de 9 millones de kil\u00f3metros cuadrados de extensi\u00f3n, lo que significa que tiene casi el <strong>mismo tama\u00f1o que China. <\/strong>Es la zona \u00e1rida m\u00e1s extensa del mundo.<\/p>\n\n\n\n<p>Los pa\u00edses que abarca son Argelia, T\u00fanez, Marruecos, S\u00e1hara Occidental,\nMauritania, Mal\u00ed, N\u00edger, Libia, Chad, Egipto y Sud\u00e1n.<\/p>\n\n\n\n<p>Por su elevado <strong>atractivo tur\u00edstico<\/strong> y sus millones de visitantes anuales, <strong>Marrakech<\/strong> es el principal puerto de partida al desierto del S\u00e1hara de Marruecos.<\/p>\n\n\n\n<p>Las dos zonas m\u00e1s importantes del desierto del S\u00e1hara marroqu\u00ed son <strong>Zagora<\/strong> y <strong>Merzouga.<\/strong><\/p>\n\n\n\n<p>El desierto de Merzouga es la parte m\u00e1s impresionante y es la que uno puede imaginarse al pensar en un desierto.  A 35 km. de<strong> Rissani<\/strong>, 50 km. de <strong>Erfoud <\/strong>y 130 km. de<strong> Errachidia<\/strong>, se encuentra este impresionante conjunto de dunas, llamado<strong> Erg Chebbi<\/strong>, al sur de Merzouga.<\/p>\n\n\n\n<p>Se trata de una regi\u00f3n con clima y paisaje des\u00e9rtico, compuesto de <strong>arena \u201cerg\u201d <\/strong>y de<strong> piedra \u201chamada\u201d<\/strong>. Sobre cauces de r\u00edos secos, se suceden los oasis en los que est\u00e1n asentados diferentes n\u00facleos de poblaci\u00f3n que originalmente fueron <strong>n\u00f3madas.<\/strong> Hoy en d\u00eda una peque\u00f1a parte de ellos siguen si\u00e9ndolo. <\/p>\n\n\n\n<p> Este conjunto de dunas  tiene una<strong> longitud<\/strong> de <strong>22 km <\/strong>de norte a sur, 5 km de anchura, y sus dunas tienen una <strong>altura <\/strong>m\u00e1xima de <strong>150m. <\/strong><\/p>\n\n\n\n<p>Desde <strong>Marrakech <\/strong>hasta <strong>Merzouga <\/strong>hay unos<strong> 550 kil\u00f3metros <\/strong>de distancia que se tardan en recorrer m\u00e1s de 10 horas, por lo que lo normal es dormir una noche a mitad de camino tanto a la ida como a la vuelta.<\/p>\n\n\n\n<p> El desierto de<strong> Zagora<\/strong> es m\u00e1s \u00e1rido y con<strong> menos dunas<\/strong> que Merzouga.  Su principal ventaja es que se encuentra m\u00e1s cerca de Marrakech, por lo que es el lugar m\u00e1s apropiado para realizar excursiones cortas, de 2 d\u00edas y una noche. <\/p>\n\n\n\n<figure class=\"wp-block-embed-youtube wp-block-embed is-type-video is-provider-youtube wp-embed-aspect-16-9 wp-has-aspect-ratio\"><div class=\"wp-block-embed__wrapper\">\n<iframe loading=\"lazy\" title=\"ALIVE | Merzouga 4K\" width=\"640\" height=\"360\" src=\"https:\/\/www.youtube.com\/embed\/-kUQRLvsxUo?feature=oembed\" frameborder=\"0\" allow=\"accelerometer; autoplay; clipboard-write; encrypted-media; gyroscope; picture-in-picture; web-share\" referrerpolicy=\"strict-origin-when-cross-origin\" allowfullscreen><\/iframe>\n<\/div><\/figure>\n\n\n\n<p><\/p>\n","protected":false},"excerpt":{"rendered":"<p>La voz del desierto.<\/p>\n","protected":false},"author":1,"featured_media":192,"parent":0,"menu_order":0,"comment_status":"closed","ping_status":"closed","template":"","meta":{"footnotes":""},"class_list":["post-191","page","type-page","status-publish","has-post-thumbnail","hentry"],"_links":{"self":[{"href":"https:\/\/moroccoroads.com\/index.php?rest_route=\/wp\/v2\/pages\/191","targetHints":{"allow":["GET"]}}],"collection":[{"href":"https:\/\/moroccoroads.com\/index.php?rest_route=\/wp\/v2\/pages"}],"about":[{"href":"https:\/\/moroccoroads.com\/index.php?rest_route=\/wp\/v2\/types\/page"}],"author":[{"embeddable":true,"href":"https:\/\/moroccoroads.com\/index.php?rest_route=\/wp\/v2\/users\/1"}],"replies":[{"embeddable":true,"href":"https:\/\/moroccoroads.com\/index.php?rest_route=%2Fwp%2Fv2%2Fcomments&post=191"}],"version-history":[{"count":7,"href":"https:\/\/moroccoroads.com\/index.php?rest_route=\/wp\/v2\/pages\/191\/revisions"}],"predecessor-version":[{"id":929,"href":"https:\/\/moroccoroads.com\/index.php?rest_route=\/wp\/v2\/pages\/191\/revisions\/929"}],"wp:featuredmedia":[{"embeddable":true,"href":"https:\/\/moroccoroads.com\/index.php?rest_route=\/wp\/v2\/media\/192"}],"wp:attachment":[{"href":"https:\/\/moroccoroads.com\/index.php?rest_route=%2Fwp%2Fv2%2Fmedia&parent=191"}],"curies":[{"name":"wp","href":"https:\/\/api.w.org\/{rel}","templated":true}]}}