{"id":199,"date":"2019-03-26T20:36:24","date_gmt":"2019-03-26T19:36:24","guid":{"rendered":"http:\/\/moroccoroads.com\/?page_id=199"},"modified":"2019-05-26T19:00:51","modified_gmt":"2019-05-26T18:00:51","slug":"marrakech-kasbahs-del-sur","status":"publish","type":"page","link":"https:\/\/moroccoroads.com\/?page_id=199","title":{"rendered":"Marrakech &#8211;  Kasbahs del sur"},"content":{"rendered":"\n<div class=\"wp-block-image\"><figure class=\"aligncenter\"><img loading=\"lazy\" decoding=\"async\" width=\"640\" height=\"427\" src=\"https:\/\/moroccoroads.com\/wp-content\/uploads\/2019\/05\/Kasbahs2-640.jpg\" alt=\"\" class=\"wp-image-670\" srcset=\"https:\/\/moroccoroads.com\/wp-content\/uploads\/2019\/05\/Kasbahs2-640.jpg 640w, https:\/\/moroccoroads.com\/wp-content\/uploads\/2019\/05\/Kasbahs2-640-300x200.jpg 300w\" sizes=\"auto, (max-width: 640px) 100vw, 640px\" \/><\/figure><\/div>\n\n\n\n<p>Un itinerario que permite descubrir Marrakech y las principales zonas de la <strong>Ruta de las Kasbahs<\/strong>: <strong>Gargantas del Todra, Tinerhir<\/strong>&#8230; Un viaje breve pero  intenso para una primera aproximaci\u00f3n al sur de Marruecos. <\/p>\n\n\n\n<p>Las<strong> kasbahs<\/strong> son ciudadelas construidas en<strong> adobe,<\/strong> decoradas con motivos geom\u00e9tricos, sencillas y representan la cultura <strong>amazigh.<\/strong><br>Adentr\u00e1ndonos en el Gran Sur de Marruecos, <strong>Ouarzazate<\/strong> es uno de de los puntos de partida m\u00e1s utilizados para salir en busca de las kasbahs m\u00e1s conocidas y esc\u00e9nicas.<br>En esta zona de Marruecos tambi\u00e9n tienes la oportunidad de descubrir varios ksour,\u00a0ksar\u00a0en singular, <strong>pueblos fortificados <\/strong>rodeados por altas murallas como si fuesen castillos. El m\u00e1s conocido en esta zona es el\u00a0<strong>Ksar de Ait Ben Hadou<\/strong>, declarado Patrimonio de la Humanidad desde el a\u00f1o 1987.<br>En Ouarzazate encontraremos la\u00a0<strong>Kasbah Taourirt<\/strong>, considerada otra de las\u00a0<strong>kasbahs mejor conservadas de Marruecos<\/strong>.<\/p>\n\n\n\n<p>En esta ruta tambi\u00e9n se cruza el Atlas, atravesando la impresionante\u00a0<strong>Garganta del Dad\u00e9s<\/strong>, que toma el nombre del r\u00edo que recorre. Una zona de vistas espectaculares, con la carretera serpenteando entre la garganta y kasbahs abandonadas.<br>Otro de los puntos m\u00e1s tur\u00edsticos aqu\u00ed son las\u00a0<strong>Gargantas del Todr\u00e1<\/strong>, desde donde se tienen unas vistas panor\u00e1micas impresionantes del valle repleto de palmeras, salpicado por kasbahs que hacen de \u00e9ste uno de los\u00a0<strong>paisajes m\u00e1s bellos de Marruecos<\/strong>.<\/p>\n\n\n\n<p><strong>TEMPORADA: <\/strong>octubre a mayo<\/p>\n\n\n\n<p><\/p>\n\n\n\n<p><\/p>\n\n\n\n<p><strong>DURACI\u00d3N: <\/strong>6 d\u00edas y 5 noches<\/p>\n\n\n\n<p><strong>GRUPOS:<\/strong> M\u00ednimo de 4 personas<\/p>\n\n\n\n<p><strong>Para m\u00e1s informaci\u00f3n,\ncons\u00faltanos.<\/strong><\/p>\n","protected":false},"excerpt":{"rendered":"<p>Un itinerario que permite descubrir Marrakech y las principales zonas de la Ruta de las Kasbahs: Gargantas del Todra, Tinerhir&#8230; Un viaje breve pero intenso para una primera aproximaci\u00f3n al sur de Marruecos. Las kasbahs son ciudadelas construidas en adobe, decoradas con motivos geom\u00e9tricos, sencillas y representan la cultura amazigh.Adentr\u00e1ndonos en el Gran Sur de [&hellip;]<\/p>\n","protected":false},"author":1,"featured_media":0,"parent":0,"menu_order":0,"comment_status":"closed","ping_status":"closed","template":"","meta":{"footnotes":""},"class_list":["post-199","page","type-page","status-publish","hentry"],"_links":{"self":[{"href":"https:\/\/moroccoroads.com\/index.php?rest_route=\/wp\/v2\/pages\/199","targetHints":{"allow":["GET"]}}],"collection":[{"href":"https:\/\/moroccoroads.com\/index.php?rest_route=\/wp\/v2\/pages"}],"about":[{"href":"https:\/\/moroccoroads.com\/index.php?rest_route=\/wp\/v2\/types\/page"}],"author":[{"embeddable":true,"href":"https:\/\/moroccoroads.com\/index.php?rest_route=\/wp\/v2\/users\/1"}],"replies":[{"embeddable":true,"href":"https:\/\/moroccoroads.com\/index.php?rest_route=%2Fwp%2Fv2%2Fcomments&post=199"}],"version-history":[{"count":4,"href":"https:\/\/moroccoroads.com\/index.php?rest_route=\/wp\/v2\/pages\/199\/revisions"}],"predecessor-version":[{"id":796,"href":"https:\/\/moroccoroads.com\/index.php?rest_route=\/wp\/v2\/pages\/199\/revisions\/796"}],"wp:attachment":[{"href":"https:\/\/moroccoroads.com\/index.php?rest_route=%2Fwp%2Fv2%2Fmedia&parent=199"}],"curies":[{"name":"wp","href":"https:\/\/api.w.org\/{rel}","templated":true}]}}