{"id":208,"date":"2019-03-26T20:38:40","date_gmt":"2019-03-26T19:38:40","guid":{"rendered":"http:\/\/moroccoroads.com\/?page_id=208"},"modified":"2019-05-26T19:11:12","modified_gmt":"2019-05-26T18:11:12","slug":"marrakech-merzouga-essaouira","status":"publish","type":"page","link":"https:\/\/moroccoroads.com\/?page_id=208","title":{"rendered":"Marrakech &#8211; Merzouga \u2013 Essaouira"},"content":{"rendered":"\n<ul class=\"wp-block-gallery columns-1 is-cropped wp-block-gallery-1 is-layout-flex wp-block-gallery-is-layout-flex\"><li class=\"blocks-gallery-item\"><figure><img loading=\"lazy\" decoding=\"async\" width=\"972\" height=\"548\" src=\"https:\/\/moroccoroads.com\/wp-content\/uploads\/2019\/03\/68.png\" alt=\"\" data-id=\"209\" data-link=\"https:\/\/moroccoroads.com\/?attachment_id=209\" class=\"wp-image-209\" srcset=\"https:\/\/moroccoroads.com\/wp-content\/uploads\/2019\/03\/68.png 972w, https:\/\/moroccoroads.com\/wp-content\/uploads\/2019\/03\/68-300x169.png 300w, https:\/\/moroccoroads.com\/wp-content\/uploads\/2019\/03\/68-768x433.png 768w\" sizes=\"auto, (max-width: 972px) 100vw, 972px\" \/><\/figure><\/li><\/ul>\n\n\n\n<p>Una ruta que combina la magia del<strong> Sahara <\/strong>y la belleza de la <strong>\u201cPerla del Atl\u00e1ntico\u201d <\/strong>y sus <strong>Islas P\u00farpuras.<\/strong> El desierto y el mar en un mismo viaje, todo ello sin olvidarnos de nuestras compras en la din\u00e1mica Marrakech.   \u00a0La mezcla perfecta para descubrir la esencia de Marruecos.  <\/p>\n\n\n\n<p>Este fascinante tour nos lleva a las grandes dunas de <strong>Merzouga <\/strong>y a la ciudad costera de <strong>Essaouira.<\/strong> Mientras nos dirigimos all\u00ed  tendremos la oportunidad de parar y ver las cabras trepar los \u00e1rboles de arg\u00e1n (una estupenda oportunidad para hacer fotos), as\u00ed como una cooperativa de mujeres bereberes produciendo<strong> aceite de arg\u00e1n. <\/strong>Essaouira nos descubre una hermosa y antigua ciudad que te cautivar\u00e1 al pasear por sus calles. Hay una larga playa por la que caminar y ver el puerto, mercados y una antigua medina.<\/p>\n\n\n\n<p><strong>TEMPORADA: <\/strong>octubre a mayo<\/p>\n\n\n\n<p><strong>DURACI\u00d3N: <\/strong>&nbsp;8\nd\u00edas y 7 noches<\/p>\n\n\n\n<p><strong>GRUPOS: <\/strong>M\u00ednimo de 4 personas<\/p>\n\n\n\n<p><strong>Para m\u00e1s informaci\u00f3n,\ncons\u00faltanos.<\/strong><\/p>\n","protected":false},"excerpt":{"rendered":"<p>Una ruta que combina la magia del Sahara y la belleza de la \u201cPerla del Atl\u00e1ntico\u201d y sus Islas P\u00farpuras. El desierto y el mar en un mismo viaje, todo ello sin olvidarnos de nuestras compras en la din\u00e1mica Marrakech. \u00a0La mezcla perfecta para descubrir la esencia de Marruecos. Este fascinante tour nos lleva a [&hellip;]<\/p>\n","protected":false},"author":1,"featured_media":0,"parent":0,"menu_order":0,"comment_status":"closed","ping_status":"closed","template":"","meta":{"footnotes":""},"class_list":["post-208","page","type-page","status-publish","hentry"],"_links":{"self":[{"href":"https:\/\/moroccoroads.com\/index.php?rest_route=\/wp\/v2\/pages\/208","targetHints":{"allow":["GET"]}}],"collection":[{"href":"https:\/\/moroccoroads.com\/index.php?rest_route=\/wp\/v2\/pages"}],"about":[{"href":"https:\/\/moroccoroads.com\/index.php?rest_route=\/wp\/v2\/types\/page"}],"author":[{"embeddable":true,"href":"https:\/\/moroccoroads.com\/index.php?rest_route=\/wp\/v2\/users\/1"}],"replies":[{"embeddable":true,"href":"https:\/\/moroccoroads.com\/index.php?rest_route=%2Fwp%2Fv2%2Fcomments&post=208"}],"version-history":[{"count":3,"href":"https:\/\/moroccoroads.com\/index.php?rest_route=\/wp\/v2\/pages\/208\/revisions"}],"predecessor-version":[{"id":799,"href":"https:\/\/moroccoroads.com\/index.php?rest_route=\/wp\/v2\/pages\/208\/revisions\/799"}],"wp:attachment":[{"href":"https:\/\/moroccoroads.com\/index.php?rest_route=%2Fwp%2Fv2%2Fmedia&parent=208"}],"curies":[{"name":"wp","href":"https:\/\/api.w.org\/{rel}","templated":true}]}}