{"id":215,"date":"2019-03-26T20:39:53","date_gmt":"2019-03-26T19:39:53","guid":{"rendered":"http:\/\/moroccoroads.com\/?page_id=215"},"modified":"2021-03-20T09:12:02","modified_gmt":"2021-03-20T08:12:02","slug":"cabalgando-olas","status":"publish","type":"page","link":"https:\/\/moroccoroads.com\/?page_id=215","title":{"rendered":"Cabalgando las olas"},"content":{"rendered":"\n<p>Marruecos  es el \u00fanico pa\u00eds de \u00c1frica a tener una fachada mar\u00edtima en el<strong> mar Mediterr\u00e1neo <\/strong>y el <strong>oc\u00e9ano Atl\u00e1ntico.<\/strong><\/p>\n\n\n\n<p>Se encuentra en la orilla sur del <strong>Estrecho de Gibraltar<\/strong>, a escasos 13 km. de Espa\u00f1a y Europa, aunque la mayor parte de sus 1.835 kil\u00f3metros de costas est\u00e1n ba\u00f1adas por el Atl\u00e1ntico. Con una costa oce\u00e1nica tan larga, Marruecos ofrece un extenso abanico de oportunidades para el surf.  Los surfistas encontrar\u00e1n un rosario de spots de surf de primera calidad a lo largo de la costa Atl\u00e1ntica, desde <strong>T\u00e1nger<\/strong> a<strong> Agadir<\/strong>. El spot de surf m\u00e1s famoso se encuentra justo al norte de Agadir, en el pueblo de pescadores de Taghazout.<\/p>\n","protected":false},"excerpt":{"rendered":"<p>Surfear es bailar con las olas.<\/p>\n","protected":false},"author":1,"featured_media":218,"parent":0,"menu_order":0,"comment_status":"closed","ping_status":"closed","template":"","meta":{"footnotes":""},"class_list":["post-215","page","type-page","status-publish","has-post-thumbnail","hentry"],"_links":{"self":[{"href":"https:\/\/moroccoroads.com\/index.php?rest_route=\/wp\/v2\/pages\/215","targetHints":{"allow":["GET"]}}],"collection":[{"href":"https:\/\/moroccoroads.com\/index.php?rest_route=\/wp\/v2\/pages"}],"about":[{"href":"https:\/\/moroccoroads.com\/index.php?rest_route=\/wp\/v2\/types\/page"}],"author":[{"embeddable":true,"href":"https:\/\/moroccoroads.com\/index.php?rest_route=\/wp\/v2\/users\/1"}],"replies":[{"embeddable":true,"href":"https:\/\/moroccoroads.com\/index.php?rest_route=%2Fwp%2Fv2%2Fcomments&post=215"}],"version-history":[{"count":8,"href":"https:\/\/moroccoroads.com\/index.php?rest_route=\/wp\/v2\/pages\/215\/revisions"}],"predecessor-version":[{"id":783,"href":"https:\/\/moroccoroads.com\/index.php?rest_route=\/wp\/v2\/pages\/215\/revisions\/783"}],"wp:featuredmedia":[{"embeddable":true,"href":"https:\/\/moroccoroads.com\/index.php?rest_route=\/wp\/v2\/media\/218"}],"wp:attachment":[{"href":"https:\/\/moroccoroads.com\/index.php?rest_route=%2Fwp%2Fv2%2Fmedia&parent=215"}],"curies":[{"name":"wp","href":"https:\/\/api.w.org\/{rel}","templated":true}]}}