{"id":220,"date":"2019-03-26T20:42:45","date_gmt":"2019-03-26T19:42:45","guid":{"rendered":"http:\/\/moroccoroads.com\/?page_id=220"},"modified":"2019-05-26T19:23:18","modified_gmt":"2019-05-26T18:23:18","slug":"marrakech-essaouira-sidi-kaouki","status":"publish","type":"page","link":"https:\/\/moroccoroads.com\/?page_id=220","title":{"rendered":"Marrakech \u2013 Essaouira \u2013 Sidi Kaouki"},"content":{"rendered":"\n<ul class=\"wp-block-gallery columns-3 is-cropped wp-block-gallery-1 is-layout-flex wp-block-gallery-is-layout-flex\"><li class=\"blocks-gallery-item\"><figure><img loading=\"lazy\" decoding=\"async\" width=\"599\" height=\"400\" src=\"https:\/\/moroccoroads.com\/wp-content\/uploads\/2019\/03\/71.jpg\" alt=\"\" data-id=\"221\" data-link=\"https:\/\/moroccoroads.com\/?attachment_id=221\" class=\"wp-image-221\" srcset=\"https:\/\/moroccoroads.com\/wp-content\/uploads\/2019\/03\/71.jpg 599w, https:\/\/moroccoroads.com\/wp-content\/uploads\/2019\/03\/71-300x200.jpg 300w\" sizes=\"auto, (max-width: 599px) 100vw, 599px\" \/><\/figure><\/li><li class=\"blocks-gallery-item\"><figure><img loading=\"lazy\" decoding=\"async\" width=\"434\" height=\"289\" src=\"https:\/\/moroccoroads.com\/wp-content\/uploads\/2019\/03\/72.jpg\" alt=\"\" data-id=\"222\" data-link=\"https:\/\/moroccoroads.com\/?attachment_id=222\" class=\"wp-image-222\" srcset=\"https:\/\/moroccoroads.com\/wp-content\/uploads\/2019\/03\/72.jpg 434w, https:\/\/moroccoroads.com\/wp-content\/uploads\/2019\/03\/72-300x200.jpg 300w\" sizes=\"auto, (max-width: 434px) 100vw, 434px\" \/><\/figure><\/li><li class=\"blocks-gallery-item\"><figure><img loading=\"lazy\" decoding=\"async\" width=\"550\" height=\"367\" src=\"https:\/\/moroccoroads.com\/wp-content\/uploads\/2019\/03\/73.jpg\" alt=\"\" data-id=\"223\" data-link=\"https:\/\/moroccoroads.com\/?attachment_id=223\" class=\"wp-image-223\" srcset=\"https:\/\/moroccoroads.com\/wp-content\/uploads\/2019\/03\/73.jpg 550w, https:\/\/moroccoroads.com\/wp-content\/uploads\/2019\/03\/73-300x200.jpg 300w\" sizes=\"auto, (max-width: 550px) 100vw, 550px\" \/><\/figure><\/li><li class=\"blocks-gallery-item\"><figure><img loading=\"lazy\" decoding=\"async\" width=\"550\" height=\"412\" src=\"https:\/\/moroccoroads.com\/wp-content\/uploads\/2019\/05\/19.jpg\" alt=\"\" data-id=\"549\" data-link=\"https:\/\/moroccoroads.com\/?attachment_id=549\" class=\"wp-image-549\" srcset=\"https:\/\/moroccoroads.com\/wp-content\/uploads\/2019\/05\/19.jpg 550w, https:\/\/moroccoroads.com\/wp-content\/uploads\/2019\/05\/19-300x225.jpg 300w\" sizes=\"auto, (max-width: 550px) 100vw, 550px\" \/><\/figure><\/li><\/ul>\n\n\n\n<p>Una r\u00e1pida escapada para los amantes del mar que quieren <strong>iniciarse en el surf<\/strong>. Iniciamos nuestra andadura en <strong>Marrakech<\/strong> disfrutando de la magia de la<strong> \u201cciudad roja\u201d <\/strong>para al d\u00eda siguiente poner rumbo a la <strong>\u201cperla del Atl\u00e1ntico\u201d:<\/strong> <strong>Essaouira. <\/strong><\/p>\n\n\n\n<p>A la llegada recogemos el equipo para nuestra primera lecci\u00f3n de surf de 2 horas. Despu\u00e9s nos dirigiremos a almorzar al <strong>Mercado del Pescado<\/strong> y haremos una visita por la ciudad incluyendo la <strong>Scala<\/strong>, el puerto pesquero y el casco antiguo con sus talleres de <strong>madera de tuya <\/strong>y la <strong>orfebrer\u00eda en plata<\/strong> seg\u00fan la tradici\u00f3n jud\u00eda. Por la tarde podemos volver a la playa por y practicar un poco m\u00e1s o descanso, dependiendo de las condiciones meteorol\u00f3gicas. Cena y alojamiento en riad en Essaouira.<\/p>\n\n\n\n<p>Despu\u00e9s del desayuno nos dirigimos a<strong> Sidi Kaouki <\/strong>para la segunda lecci\u00f3n de surf. Almorzamos en uno de los acogedores restaurantes con vistas panor\u00e1micas de la playa. Volveremos a trav\u00e9s de <strong>Essaouira,<\/strong> para hacer noche de nuevo en Marrakech y poner fin a nuestro viaje<\/p>\n\n\n\n<p><strong>TEMPORADA: septiembre\na abril <\/strong><\/p>\n\n\n\n<p><strong>DURACI\u00d3N:&nbsp; 3 d\u00edas y 2 noches<\/strong><\/p>\n\n\n\n<p><strong>GRUPOS: M\u00ednimo de 4 personas<\/strong><\/p>\n\n\n\n<p><strong>Para m\u00e1s informaci\u00f3n, cons\u00faltanos.<\/strong><\/p>\n","protected":false},"excerpt":{"rendered":"<p>Una r\u00e1pida escapada para los amantes del mar que quieren iniciarse en el surf. Iniciamos nuestra andadura en Marrakech disfrutando de la magia de la \u201cciudad roja\u201d para al d\u00eda siguiente poner rumbo a la \u201cperla del Atl\u00e1ntico\u201d: Essaouira. A la llegada recogemos el equipo para nuestra primera lecci\u00f3n de surf de 2 horas. Despu\u00e9s [&hellip;]<\/p>\n","protected":false},"author":1,"featured_media":0,"parent":0,"menu_order":0,"comment_status":"closed","ping_status":"closed","template":"","meta":{"footnotes":""},"class_list":["post-220","page","type-page","status-publish","hentry"],"_links":{"self":[{"href":"https:\/\/moroccoroads.com\/index.php?rest_route=\/wp\/v2\/pages\/220","targetHints":{"allow":["GET"]}}],"collection":[{"href":"https:\/\/moroccoroads.com\/index.php?rest_route=\/wp\/v2\/pages"}],"about":[{"href":"https:\/\/moroccoroads.com\/index.php?rest_route=\/wp\/v2\/types\/page"}],"author":[{"embeddable":true,"href":"https:\/\/moroccoroads.com\/index.php?rest_route=\/wp\/v2\/users\/1"}],"replies":[{"embeddable":true,"href":"https:\/\/moroccoroads.com\/index.php?rest_route=%2Fwp%2Fv2%2Fcomments&post=220"}],"version-history":[{"count":3,"href":"https:\/\/moroccoroads.com\/index.php?rest_route=\/wp\/v2\/pages\/220\/revisions"}],"predecessor-version":[{"id":807,"href":"https:\/\/moroccoroads.com\/index.php?rest_route=\/wp\/v2\/pages\/220\/revisions\/807"}],"wp:attachment":[{"href":"https:\/\/moroccoroads.com\/index.php?rest_route=%2Fwp%2Fv2%2Fmedia&parent=220"}],"curies":[{"name":"wp","href":"https:\/\/api.w.org\/{rel}","templated":true}]}}