{"id":239,"date":"2019-03-26T20:47:33","date_gmt":"2019-03-26T19:47:33","guid":{"rendered":"http:\/\/moroccoroads.com\/?page_id=239"},"modified":"2019-05-26T19:39:38","modified_gmt":"2019-05-26T18:39:38","slug":"marrakech-tizzi-oussem","status":"publish","type":"page","link":"https:\/\/moroccoroads.com\/?page_id=239","title":{"rendered":"Marrakech \u2013 Tizzi Oussem"},"content":{"rendered":"\n<ul class=\"wp-block-gallery columns-3 is-cropped wp-block-gallery-1 is-layout-flex wp-block-gallery-is-layout-flex\"><li class=\"blocks-gallery-item\"><figure><img loading=\"lazy\" decoding=\"async\" width=\"1024\" height=\"768\" src=\"https:\/\/moroccoroads.com\/wp-content\/uploads\/2019\/03\/80-1024x768.jpg\" alt=\"\" data-id=\"242\" data-link=\"https:\/\/moroccoroads.com\/?attachment_id=242\" class=\"wp-image-242\" srcset=\"https:\/\/moroccoroads.com\/wp-content\/uploads\/2019\/03\/80.jpg 1024w, https:\/\/moroccoroads.com\/wp-content\/uploads\/2019\/03\/80-300x225.jpg 300w, https:\/\/moroccoroads.com\/wp-content\/uploads\/2019\/03\/80-768x576.jpg 768w, https:\/\/moroccoroads.com\/wp-content\/uploads\/2019\/03\/80-510x382.jpg 510w\" sizes=\"auto, (max-width: 1024px) 100vw, 1024px\" \/><\/figure><\/li><li class=\"blocks-gallery-item\"><figure><img loading=\"lazy\" decoding=\"async\" width=\"960\" height=\"717\" src=\"https:\/\/moroccoroads.com\/wp-content\/uploads\/2019\/03\/80-b.jpg\" alt=\"\" data-id=\"241\" data-link=\"https:\/\/moroccoroads.com\/?attachment_id=241\" class=\"wp-image-241\" srcset=\"https:\/\/moroccoroads.com\/wp-content\/uploads\/2019\/03\/80-b.jpg 960w, https:\/\/moroccoroads.com\/wp-content\/uploads\/2019\/03\/80-b-300x224.jpg 300w, https:\/\/moroccoroads.com\/wp-content\/uploads\/2019\/03\/80-b-768x574.jpg 768w, https:\/\/moroccoroads.com\/wp-content\/uploads\/2019\/03\/80-b-510x382.jpg 510w\" sizes=\"auto, (max-width: 960px) 100vw, 960px\" \/><\/figure><\/li><li class=\"blocks-gallery-item\"><figure><img loading=\"lazy\" decoding=\"async\" width=\"300\" height=\"168\" src=\"https:\/\/moroccoroads.com\/wp-content\/uploads\/2019\/05\/images-4.jpg\" alt=\"\" data-id=\"815\" data-link=\"https:\/\/moroccoroads.com\/?attachment_id=815\" class=\"wp-image-815\"\/><\/figure><\/li><li class=\"blocks-gallery-item\"><figure><img loading=\"lazy\" decoding=\"async\" width=\"960\" height=\"638\" src=\"https:\/\/moroccoroads.com\/wp-content\/uploads\/2019\/05\/80-a.jpg\" alt=\"\" data-id=\"811\" data-link=\"https:\/\/moroccoroads.com\/?attachment_id=811\" class=\"wp-image-811\" srcset=\"https:\/\/moroccoroads.com\/wp-content\/uploads\/2019\/05\/80-a.jpg 960w, https:\/\/moroccoroads.com\/wp-content\/uploads\/2019\/05\/80-a-300x199.jpg 300w, https:\/\/moroccoroads.com\/wp-content\/uploads\/2019\/05\/80-a-768x510.jpg 768w\" sizes=\"auto, (max-width: 960px) 100vw, 960px\" \/><\/figure><\/li><\/ul>\n\n\n\n<p>El<strong> Jbel Toubkal<\/strong> es el macizo m\u00e1s alto del alto Atlas marroqu\u00ed y del norte de \u00c1frica.&nbsp; Situado al sur de<strong> Marrakech, <\/strong>cerca del <strong>Sahara,<\/strong> la mayor parte del a\u00f1o goza del sol, pero la altitud hace que la temperatura sea agradable para ir de excursi\u00f3n, incluso en el coraz\u00f3n del verano. <\/p>\n\n\n\n<p>Esta ruta le permitir\u00e1 descubrir los bellos paisajes del <strong>Alto Atlas<\/strong>, valles verdes, pueblos de adobe, cultivos colgantes en terrazas&#8230; en el coraz\u00f3n de su ruta podr\u00e1 disfrutar de un d\u00eda completo de caminar entre las monta\u00f1as, con acampadas cerca de los pueblos y en contacto con la acogedora <strong>poblaci\u00f3n bereber<\/strong>, por no mencionar el t\u00e9 de menta suave que refrescar\u00e1 el ritmo de sus pasos.<\/p>\n\n\n\n<p>Es un circuito\nfamiliar para senderistas de nivel medio. <\/p>\n\n\n\n<p><strong>TEMPORADA: mayo a\nseptiembre<\/strong><\/p>\n\n\n\n<p><strong>DURACI\u00d3N:&nbsp; 8 d\u00edas y 7 noches<\/strong><\/p>\n\n\n\n<p><strong>GRUPOS: M\u00ednimo de 4 personas<\/strong><\/p>\n\n\n\n<p><strong>Para m\u00e1s informaci\u00f3n,\ncons\u00faltanos.<\/strong><\/p>\n","protected":false},"excerpt":{"rendered":"<p>El Jbel Toubkal es el macizo m\u00e1s alto del alto Atlas marroqu\u00ed y del norte de \u00c1frica.&nbsp; Situado al sur de Marrakech, cerca del Sahara, la mayor parte del a\u00f1o goza del sol, pero la altitud hace que la temperatura sea agradable para ir de excursi\u00f3n, incluso en el coraz\u00f3n del verano. Esta ruta le [&hellip;]<\/p>\n","protected":false},"author":1,"featured_media":0,"parent":0,"menu_order":0,"comment_status":"closed","ping_status":"closed","template":"","meta":{"footnotes":""},"class_list":["post-239","page","type-page","status-publish","hentry"],"_links":{"self":[{"href":"https:\/\/moroccoroads.com\/index.php?rest_route=\/wp\/v2\/pages\/239","targetHints":{"allow":["GET"]}}],"collection":[{"href":"https:\/\/moroccoroads.com\/index.php?rest_route=\/wp\/v2\/pages"}],"about":[{"href":"https:\/\/moroccoroads.com\/index.php?rest_route=\/wp\/v2\/types\/page"}],"author":[{"embeddable":true,"href":"https:\/\/moroccoroads.com\/index.php?rest_route=\/wp\/v2\/users\/1"}],"replies":[{"embeddable":true,"href":"https:\/\/moroccoroads.com\/index.php?rest_route=%2Fwp%2Fv2%2Fcomments&post=239"}],"version-history":[{"count":4,"href":"https:\/\/moroccoroads.com\/index.php?rest_route=\/wp\/v2\/pages\/239\/revisions"}],"predecessor-version":[{"id":816,"href":"https:\/\/moroccoroads.com\/index.php?rest_route=\/wp\/v2\/pages\/239\/revisions\/816"}],"wp:attachment":[{"href":"https:\/\/moroccoroads.com\/index.php?rest_route=%2Fwp%2Fv2%2Fmedia&parent=239"}],"curies":[{"name":"wp","href":"https:\/\/api.w.org\/{rel}","templated":true}]}}