{"id":244,"date":"2019-03-26T20:48:22","date_gmt":"2019-03-26T19:48:22","guid":{"rendered":"http:\/\/moroccoroads.com\/?page_id=244"},"modified":"2019-05-26T19:21:12","modified_gmt":"2019-05-26T18:21:12","slug":"marrakech-aitbouguemez-tislit-tounfite","status":"publish","type":"page","link":"https:\/\/moroccoroads.com\/?page_id=244","title":{"rendered":"Marrakech \u2013 A\u00eft Bouguemez \u2013 Tislit \u2013Tounfite"},"content":{"rendered":"\n<ul class=\"wp-block-gallery columns-3 is-cropped wp-block-gallery-1 is-layout-flex wp-block-gallery-is-layout-flex\"><li class=\"blocks-gallery-item\"><figure><img loading=\"lazy\" decoding=\"async\" width=\"1024\" height=\"576\" src=\"https:\/\/moroccoroads.com\/wp-content\/uploads\/2019\/03\/81-1024x576.jpg\" alt=\"\" data-id=\"245\" data-link=\"https:\/\/moroccoroads.com\/?attachment_id=245\" class=\"wp-image-245\" srcset=\"https:\/\/moroccoroads.com\/wp-content\/uploads\/2019\/03\/81-1024x576.jpg 1024w, https:\/\/moroccoroads.com\/wp-content\/uploads\/2019\/03\/81-300x169.jpg 300w, https:\/\/moroccoroads.com\/wp-content\/uploads\/2019\/03\/81-768x432.jpg 768w, https:\/\/moroccoroads.com\/wp-content\/uploads\/2019\/03\/81-1080x608.jpg 1080w, https:\/\/moroccoroads.com\/wp-content\/uploads\/2019\/03\/81.jpg 1280w\" sizes=\"auto, (max-width: 1024px) 100vw, 1024px\" \/><\/figure><\/li><li class=\"blocks-gallery-item\"><figure><img loading=\"lazy\" decoding=\"async\" width=\"800\" height=\"599\" src=\"https:\/\/moroccoroads.com\/wp-content\/uploads\/2019\/03\/82.jpg\" alt=\"\" data-id=\"246\" data-link=\"https:\/\/moroccoroads.com\/?attachment_id=246\" class=\"wp-image-246\" srcset=\"https:\/\/moroccoroads.com\/wp-content\/uploads\/2019\/03\/82.jpg 800w, https:\/\/moroccoroads.com\/wp-content\/uploads\/2019\/03\/82-300x225.jpg 300w, https:\/\/moroccoroads.com\/wp-content\/uploads\/2019\/03\/82-768x575.jpg 768w, https:\/\/moroccoroads.com\/wp-content\/uploads\/2019\/03\/82-510x382.jpg 510w\" sizes=\"auto, (max-width: 800px) 100vw, 800px\" \/><\/figure><\/li><li class=\"blocks-gallery-item\"><figure><img loading=\"lazy\" decoding=\"async\" width=\"800\" height=\"800\" src=\"https:\/\/moroccoroads.com\/wp-content\/uploads\/2019\/03\/83.jpg\" alt=\"\" data-id=\"247\" data-link=\"https:\/\/moroccoroads.com\/?attachment_id=247\" class=\"wp-image-247\" srcset=\"https:\/\/moroccoroads.com\/wp-content\/uploads\/2019\/03\/83.jpg 800w, https:\/\/moroccoroads.com\/wp-content\/uploads\/2019\/03\/83-150x150.jpg 150w, https:\/\/moroccoroads.com\/wp-content\/uploads\/2019\/03\/83-300x300.jpg 300w, https:\/\/moroccoroads.com\/wp-content\/uploads\/2019\/03\/83-768x768.jpg 768w\" sizes=\"auto, (max-width: 800px) 100vw, 800px\" \/><\/figure><\/li><\/ul>\n\n\n\n<p>El valle de los <strong>A\u00eft Bouguemez <\/strong>se halla en el <strong>Alto Atlas Central<\/strong>, 200 km. al norte de Marrakech. Tiene una poblaci\u00f3n de 10.000 habitantes que ocupan 29 pueblos a lo largo de los 32 kil\u00f3metros del valle. Su principal poblaci\u00f3n es <strong>Tabant<\/strong>.<\/p>\n\n\n\n<p>Esta ruta es una interesante excursi\u00f3n de una semana entre gargantas encajadas en el Atlas y los hermosos valles de la tribu A\u00eft Bouguemez, con sus bellos pueblos de adobe bordeando los r\u00edos, sus altiplanos abiertos y magn\u00edficas vistas del macizo del M<strong>\u2019goun<\/strong>. Cada etapa ser\u00e1 una oportunidad para entra\u00f1ables encuentros.<\/p>\n\n\n\n<p>Salir con los m\u00e1s peque\u00f1os a descubrir el Alto Atlas Central es la ocasi\u00f3n de una primera experiencia en un pa\u00eds lejano y misterioso. El valle de los A\u00eft Bouguemez es un lugar especialmente adecuado para una primera experiencia de <strong>trek en familia<\/strong>. Mulas y r\u00edos completar\u00e1n la felicidad de los ni\u00f1os.<\/p>\n\n\n\n<p>En primavera los \u00e1rboles est\u00e1n en flor, en verano\nel calor es soportable gracias a la altitud media de 800 metros y el oto\u00f1o nos\nbrinda una hermosa luz anunciadora del frescor del invierno.<\/p>\n\n\n\n<p><strong>TEMPORADA: mayo a\nseptiembre<\/strong><\/p>\n\n\n\n<p><strong>DURACI\u00d3N:&nbsp; 8 d\u00edas y 7 noches<\/strong><\/p>\n\n\n\n<p><strong>GRUPOS: M\u00ednimo de 4 personas<\/strong><\/p>\n\n\n\n<p><strong>Para m\u00e1s informaci\u00f3n,\ncons\u00faltanos.<\/strong><\/p>\n","protected":false},"excerpt":{"rendered":"<p>El valle de los A\u00eft Bouguemez se halla en el Alto Atlas Central, 200 km. al norte de Marrakech. Tiene una poblaci\u00f3n de 10.000 habitantes que ocupan 29 pueblos a lo largo de los 32 kil\u00f3metros del valle. Su principal poblaci\u00f3n es Tabant. Esta ruta es una interesante excursi\u00f3n de una semana entre gargantas encajadas [&hellip;]<\/p>\n","protected":false},"author":1,"featured_media":0,"parent":0,"menu_order":0,"comment_status":"closed","ping_status":"closed","template":"","meta":{"footnotes":""},"class_list":["post-244","page","type-page","status-publish","hentry"],"_links":{"self":[{"href":"https:\/\/moroccoroads.com\/index.php?rest_route=\/wp\/v2\/pages\/244","targetHints":{"allow":["GET"]}}],"collection":[{"href":"https:\/\/moroccoroads.com\/index.php?rest_route=\/wp\/v2\/pages"}],"about":[{"href":"https:\/\/moroccoroads.com\/index.php?rest_route=\/wp\/v2\/types\/page"}],"author":[{"embeddable":true,"href":"https:\/\/moroccoroads.com\/index.php?rest_route=\/wp\/v2\/users\/1"}],"replies":[{"embeddable":true,"href":"https:\/\/moroccoroads.com\/index.php?rest_route=%2Fwp%2Fv2%2Fcomments&post=244"}],"version-history":[{"count":3,"href":"https:\/\/moroccoroads.com\/index.php?rest_route=\/wp\/v2\/pages\/244\/revisions"}],"predecessor-version":[{"id":806,"href":"https:\/\/moroccoroads.com\/index.php?rest_route=\/wp\/v2\/pages\/244\/revisions\/806"}],"wp:attachment":[{"href":"https:\/\/moroccoroads.com\/index.php?rest_route=%2Fwp%2Fv2%2Fmedia&parent=244"}],"curies":[{"name":"wp","href":"https:\/\/api.w.org\/{rel}","templated":true}]}}