{"id":249,"date":"2019-03-26T20:49:13","date_gmt":"2019-03-26T19:49:13","guid":{"rendered":"http:\/\/moroccoroads.com\/?page_id=249"},"modified":"2019-05-26T19:29:45","modified_gmt":"2019-05-26T18:29:45","slug":"marrakech-oum-errabia-ouiouane-imilchil","status":"publish","type":"page","link":"https:\/\/moroccoroads.com\/?page_id=249","title":{"rendered":"Marrakech \u2013 Oum Errabia \u2013 Ouiouane \u2013 Imilchil"},"content":{"rendered":"\n<ul class=\"wp-block-gallery columns-3 is-cropped wp-block-gallery-1 is-layout-flex wp-block-gallery-is-layout-flex\"><li class=\"blocks-gallery-item\"><figure><img loading=\"lazy\" decoding=\"async\" width=\"300\" height=\"168\" src=\"https:\/\/moroccoroads.com\/wp-content\/uploads\/2019\/03\/85.jpg\" alt=\"\" data-id=\"251\" data-link=\"https:\/\/moroccoroads.com\/?attachment_id=251\" class=\"wp-image-251\"\/><\/figure><\/li><li class=\"blocks-gallery-item\"><figure><img loading=\"lazy\" decoding=\"async\" width=\"960\" height=\"540\" src=\"https:\/\/moroccoroads.com\/wp-content\/uploads\/2019\/03\/86.jpg\" alt=\"\" data-id=\"252\" data-link=\"https:\/\/moroccoroads.com\/?attachment_id=252\" class=\"wp-image-252\" srcset=\"https:\/\/moroccoroads.com\/wp-content\/uploads\/2019\/03\/86.jpg 960w, https:\/\/moroccoroads.com\/wp-content\/uploads\/2019\/03\/86-300x169.jpg 300w, https:\/\/moroccoroads.com\/wp-content\/uploads\/2019\/03\/86-768x432.jpg 768w\" sizes=\"auto, (max-width: 960px) 100vw, 960px\" \/><\/figure><\/li><li class=\"blocks-gallery-item\"><figure><img loading=\"lazy\" decoding=\"async\" width=\"960\" height=\"540\" src=\"https:\/\/moroccoroads.com\/wp-content\/uploads\/2019\/03\/87.jpg\" alt=\"\" data-id=\"253\" data-link=\"https:\/\/moroccoroads.com\/?attachment_id=253\" class=\"wp-image-253\" srcset=\"https:\/\/moroccoroads.com\/wp-content\/uploads\/2019\/03\/87.jpg 960w, https:\/\/moroccoroads.com\/wp-content\/uploads\/2019\/03\/87-300x169.jpg 300w, https:\/\/moroccoroads.com\/wp-content\/uploads\/2019\/03\/87-768x432.jpg 768w\" sizes=\"auto, (max-width: 960px) 100vw, 960px\" \/><\/figure><\/li><li class=\"blocks-gallery-item\"><figure><img loading=\"lazy\" decoding=\"async\" width=\"960\" height=\"311\" src=\"https:\/\/moroccoroads.com\/wp-content\/uploads\/2019\/05\/59305930_10213343286723536_1659096963947167744_n.jpg\" alt=\"\" data-id=\"679\" data-link=\"https:\/\/moroccoroads.com\/?attachment_id=679\" class=\"wp-image-679\" srcset=\"https:\/\/moroccoroads.com\/wp-content\/uploads\/2019\/05\/59305930_10213343286723536_1659096963947167744_n.jpg 960w, https:\/\/moroccoroads.com\/wp-content\/uploads\/2019\/05\/59305930_10213343286723536_1659096963947167744_n-300x97.jpg 300w, https:\/\/moroccoroads.com\/wp-content\/uploads\/2019\/05\/59305930_10213343286723536_1659096963947167744_n-768x249.jpg 768w\" sizes=\"auto, (max-width: 960px) 100vw, 960px\" \/><\/figure><\/li><\/ul>\n\n\n\n<p>En este tour abandonamos el senderismo y tomamos el 4&#215;4 o el minib\u00fas, ya que desde nuestra querida <em><strong>ciudad roja  <\/strong><\/em><strong>Marrakech<\/strong>  ponemos rumbo a las <strong>cataratas de Ouzoud<\/strong>, un magn\u00edfico salto de agua con 7 ca\u00eddas que es uno de los s\u00edmbolos del pa\u00eds, para continuar hacia<strong> Bin el Ouidane<\/strong>, el lago cuyas aguas de color turquesa, rotas por lenguas de tierra e islotes, est\u00e1n rodeadas de colinas de tierra roja.<\/p>\n\n\n\n<p>A la ma\u00f1ana siguiente salimos en direcci\u00f3n a<strong> Beni Mellal<\/strong> pasando por<strong> El Ksiba <\/strong>hasta llegar al valle del <strong>r\u00edo Oum Er-Rbia<\/strong>\u00a0o\u00a0<strong>Oum Er R&#8217;bia<\/strong>\u00a0 que en \u00e1rabe significa \u00abmadre de la primavera\u00bb, es el segundo r\u00edo de Marruecos \u00a0por longitud y su nacimiento est\u00e1  compuesto por m\u00e1s de 40 arroyos. Hacemos noche en el<strong> lago Ouiouane,<\/strong> hermoso lago truchero rodeado de un inmenso bosque de cedros. <\/p>\n\n\n\n<p>A la ma\u00f1ana siguiente y tras admirar los hermosos paisajes, ponemos rumbo a <strong>Imilchil<\/strong>, un pueblo situado en un altiplano del parque natural del Alto Atlas central, en e<strong>l valle de Assif Mellou, <\/strong>a m\u00e1s de 2200 m. de altitud. <\/p>\n\n\n\n<p>Es un pueblo famoso y conocido al nivel nacional e internacional por su festival de las bodas, que se celebra en septiembre y por sus<strong> lagos Isli y Tizlit<\/strong> (el novio y la novia).<\/p>\n\n\n\n<p>Una leyenda, con claros tintes shakesperianos explica el origen de los\nlagos. Cuenta que hubo una \u00e9poca en que se secaron las fuentes de toda la\nregi\u00f3n, salvo las de Imilchil, por lo que dos fracciones de los Ait Haddidou,\nenfrentadas entre s\u00ed y en continuas disputas, los Ait Yazza y los Ait Brahim,\ndecidieron concertar una tregua mientras durase la situaci\u00f3n, y alternarse la\naguada; as\u00ed, por la ma\u00f1ana se abastecer\u00edan los Ait Yazza, y por la tarde, los Ait\nBrahim. &nbsp;Pero un d\u00eda, una muchacha de los\nAit Yazza se retras\u00f3, y coincidi\u00f3 con un mozo Ait Brah\u00edm, y sucedi\u00f3 lo que\nsucede en todas las leyendas: que se enamoraron perdidamente. <\/p>\n\n\n\n<p>La oposici\u00f3n de ambas familias a aquella uni\u00f3n, como si de Capuletos y Montescos\nse tratara, origin\u00f3 tal desdicha en los amantes que las l\u00e1grimas salieron\nincontroladas y dieron origen a ambos lagos, que desde entonces llevan sus\nnombres: Tislit (la novia en tamazigh) e Isli (el novio). Las familias,\nasombradas de la fuerza y la sinceridad de aquel amor, permitieron su uni\u00f3n.<\/p>\n\n\n\n<p>Tras hacer noche en una kasbah del pueblo, a la ma\u00f1ana siguiente pondremos rumbo a Marrakech para finalizar nuestro viaje. <\/p>\n\n\n\n<p><strong>TEMPORADA: mayo a\nseptiembre<\/strong><\/p>\n\n\n\n<p><strong>DURACI\u00d3N:&nbsp; 5 d\u00edas y 4 noches<\/strong><\/p>\n\n\n\n<p><strong>GRUPOS: M\u00ednimo de 4 personas<\/strong><\/p>\n\n\n\n<p><strong>Para m\u00e1s informaci\u00f3n,\ncons\u00faltanos.<\/strong><\/p>\n","protected":false},"excerpt":{"rendered":"<p>En este tour abandonamos el senderismo y tomamos el 4&#215;4 o el minib\u00fas, ya que desde nuestra querida ciudad roja Marrakech ponemos rumbo a las cataratas de Ouzoud, un magn\u00edfico salto de agua con 7 ca\u00eddas que es uno de los s\u00edmbolos del pa\u00eds, para continuar hacia Bin el Ouidane, el lago cuyas aguas de [&hellip;]<\/p>\n","protected":false},"author":1,"featured_media":0,"parent":0,"menu_order":0,"comment_status":"closed","ping_status":"closed","template":"","meta":{"footnotes":""},"class_list":["post-249","page","type-page","status-publish","hentry"],"_links":{"self":[{"href":"https:\/\/moroccoroads.com\/index.php?rest_route=\/wp\/v2\/pages\/249","targetHints":{"allow":["GET"]}}],"collection":[{"href":"https:\/\/moroccoroads.com\/index.php?rest_route=\/wp\/v2\/pages"}],"about":[{"href":"https:\/\/moroccoroads.com\/index.php?rest_route=\/wp\/v2\/types\/page"}],"author":[{"embeddable":true,"href":"https:\/\/moroccoroads.com\/index.php?rest_route=\/wp\/v2\/users\/1"}],"replies":[{"embeddable":true,"href":"https:\/\/moroccoroads.com\/index.php?rest_route=%2Fwp%2Fv2%2Fcomments&post=249"}],"version-history":[{"count":4,"href":"https:\/\/moroccoroads.com\/index.php?rest_route=\/wp\/v2\/pages\/249\/revisions"}],"predecessor-version":[{"id":809,"href":"https:\/\/moroccoroads.com\/index.php?rest_route=\/wp\/v2\/pages\/249\/revisions\/809"}],"wp:attachment":[{"href":"https:\/\/moroccoroads.com\/index.php?rest_route=%2Fwp%2Fv2%2Fmedia&parent=249"}],"curies":[{"name":"wp","href":"https:\/\/api.w.org\/{rel}","templated":true}]}}