{"id":263,"date":"2019-03-26T20:52:37","date_gmt":"2019-03-26T19:52:37","guid":{"rendered":"http:\/\/moroccoroads.com\/?page_id=263"},"modified":"2019-05-26T18:47:13","modified_gmt":"2019-05-26T17:47:13","slug":"el-oro-rojo-de-marruecos","status":"publish","type":"page","link":"https:\/\/moroccoroads.com\/?page_id=263","title":{"rendered":"El oro rojo de Marruecos"},"content":{"rendered":"\n<ul class=\"wp-block-gallery columns-3 is-cropped wp-block-gallery-1 is-layout-flex wp-block-gallery-is-layout-flex\"><li class=\"blocks-gallery-item\"><figure><img loading=\"lazy\" decoding=\"async\" width=\"1024\" height=\"459\" src=\"https:\/\/moroccoroads.com\/wp-content\/uploads\/2019\/05\/88-2-1024x459.png\" alt=\"\" data-id=\"592\" data-link=\"https:\/\/moroccoroads.com\/?attachment_id=592\" class=\"wp-image-592\" srcset=\"https:\/\/moroccoroads.com\/wp-content\/uploads\/2019\/05\/88-2-1024x459.png 1024w, https:\/\/moroccoroads.com\/wp-content\/uploads\/2019\/05\/88-2-300x135.png 300w, https:\/\/moroccoroads.com\/wp-content\/uploads\/2019\/05\/88-2-768x345.png 768w, https:\/\/moroccoroads.com\/wp-content\/uploads\/2019\/05\/88-2.png 1168w\" sizes=\"auto, (max-width: 1024px) 100vw, 1024px\" \/><\/figure><\/li><li class=\"blocks-gallery-item\"><figure><img loading=\"lazy\" decoding=\"async\" width=\"550\" height=\"249\" src=\"https:\/\/moroccoroads.com\/wp-content\/uploads\/2019\/03\/90-1.jpg\" alt=\"\" data-id=\"266\" data-link=\"https:\/\/moroccoroads.com\/?attachment_id=266\" class=\"wp-image-266\" srcset=\"https:\/\/moroccoroads.com\/wp-content\/uploads\/2019\/03\/90-1.jpg 550w, https:\/\/moroccoroads.com\/wp-content\/uploads\/2019\/03\/90-1-300x136.jpg 300w\" sizes=\"auto, (max-width: 550px) 100vw, 550px\" \/><\/figure><\/li><li class=\"blocks-gallery-item\"><figure><img loading=\"lazy\" decoding=\"async\" width=\"630\" height=\"300\" src=\"https:\/\/moroccoroads.com\/wp-content\/uploads\/2019\/05\/marruecosentrevista_thumb_630.jpg\" alt=\"\" data-id=\"589\" data-link=\"https:\/\/moroccoroads.com\/?attachment_id=589\" class=\"wp-image-589\" srcset=\"https:\/\/moroccoroads.com\/wp-content\/uploads\/2019\/05\/marruecosentrevista_thumb_630.jpg 630w, https:\/\/moroccoroads.com\/wp-content\/uploads\/2019\/05\/marruecosentrevista_thumb_630-300x143.jpg 300w\" sizes=\"auto, (max-width: 630px) 100vw, 630px\" \/><\/figure><\/li><li class=\"blocks-gallery-item\"><figure><img loading=\"lazy\" decoding=\"async\" width=\"800\" height=\"532\" src=\"https:\/\/moroccoroads.com\/wp-content\/uploads\/2019\/03\/91-1.jpg\" alt=\"\" data-id=\"267\" data-link=\"https:\/\/moroccoroads.com\/?attachment_id=267\" class=\"wp-image-267\" srcset=\"https:\/\/moroccoroads.com\/wp-content\/uploads\/2019\/03\/91-1.jpg 800w, https:\/\/moroccoroads.com\/wp-content\/uploads\/2019\/03\/91-1-300x200.jpg 300w, https:\/\/moroccoroads.com\/wp-content\/uploads\/2019\/03\/91-1-768x511.jpg 768w\" sizes=\"auto, (max-width: 800px) 100vw, 800px\" \/><\/figure><\/li><li class=\"blocks-gallery-item\"><figure><img loading=\"lazy\" decoding=\"async\" width=\"1024\" height=\"465\" src=\"https:\/\/moroccoroads.com\/wp-content\/uploads\/2019\/05\/River-Camp-Slider-2-1100x500-1024x465.jpg\" alt=\"\" data-id=\"594\" data-link=\"https:\/\/moroccoroads.com\/?attachment_id=594\" class=\"wp-image-594\" srcset=\"https:\/\/moroccoroads.com\/wp-content\/uploads\/2019\/05\/River-Camp-Slider-2-1100x500-1024x465.jpg 1024w, https:\/\/moroccoroads.com\/wp-content\/uploads\/2019\/05\/River-Camp-Slider-2-1100x500-300x136.jpg 300w, https:\/\/moroccoroads.com\/wp-content\/uploads\/2019\/05\/River-Camp-Slider-2-1100x500-768x349.jpg 768w, https:\/\/moroccoroads.com\/wp-content\/uploads\/2019\/05\/River-Camp-Slider-2-1100x500.jpg 1100w\" sizes=\"auto, (max-width: 1024px) 100vw, 1024px\" \/><\/figure><\/li><\/ul>\n\n\n\n<p>Marruecos es considerado el <strong>segundo pa\u00eds vin\u00edcola<\/strong> el mundo \u00e1rabe, creador de <strong>20.000 puestos de trabajo<\/strong>. El sector vin\u00edcola es un sector creciente en Marruecos, en el que actualmente se producen cerca de <strong>40 millones de botellas <\/strong>anuales Se cultivan actualmente unas 50.000 hect\u00e1reas de vid de las que \u00fanicamente el 16%, es decir 8.000 hect\u00e1reas est\u00e1n destinadas a la vinificaci\u00f3n.<\/p>\n\n\n\n<p>Las principales regiones vit\u00edcolas son<strong> Mekn\u00e8s <\/strong>que representa el 50% de la superficie vin\u00edcola,<strong> Khemisset <\/strong>y <strong>El Hajeb.<\/strong><\/p>\n\n\n\n<p>En Morocco Roads nos hemos propuesto llevarte por las regiones con m\u00e1s sabor, personalidad, fuerza y presencia del mundo del vino en Marruecos. Una ruta enol\u00f3gica echa para paladares de todos los gustos, donde podr\u00e1s disfrutar y degustar algunos de<strong> los vinos m\u00e1s exquisitos <\/strong>que has probado jam\u00e1s en<strong> catas exclusivas<\/strong> con visita por los vi\u00f1edos y las bodegas.<\/p>\n\n\n\n<p style=\"text-align:left\">Pero adem\u00e1s podr\u00e1s conocer la belleza de un pa\u00eds por descubrir, la magia de la Medina de <strong>Fez<\/strong>, la historia viva de Roma a trav\u00e9s de <strong>Volubilis, <\/strong>el esplendor de la Mezquita de Hassan II en <strong>Casablanca <\/strong>o el bullicio de <strong>Jemaa el Fna<\/strong> en <strong>Marrakech.<\/strong><\/p>\n\n\n\n<p>Un viaje en el que la <strong>Cultura y la Historia<\/strong> se combinan con el gran protagonista: el<strong> vino.\u00a0 <\/strong><\/p>\n\n\n\n<p>&nbsp;\u00a1Una experiencia \u00fanica y llena de\nsabor te est\u00e1 esperando!<\/p>\n\n\n\n<p><strong>TEMPORADA: marzo a\nagosto<\/strong><\/p>\n\n\n\n<p><strong>DURACI\u00d3N:&nbsp; 8 d\u00edas y 7 noches<\/strong><\/p>\n\n\n\n<p><strong>GRUPOS: M\u00ednimo de 4 personas<\/strong><\/p>\n\n\n\n<p><strong>Para m\u00e1s informaci\u00f3n, cons\u00faltanos.<\/strong><\/p>\n","protected":false},"excerpt":{"rendered":"<p>Marruecos es considerado el segundo pa\u00eds vin\u00edcola el mundo \u00e1rabe, creador de 20.000 puestos de trabajo. El sector vin\u00edcola es un sector creciente en Marruecos, en el que actualmente se producen cerca de 40 millones de botellas anuales Se cultivan actualmente unas 50.000 hect\u00e1reas de vid de las que \u00fanicamente el 16%, es decir 8.000 [&hellip;]<\/p>\n","protected":false},"author":1,"featured_media":0,"parent":256,"menu_order":0,"comment_status":"closed","ping_status":"closed","template":"","meta":{"footnotes":""},"class_list":["post-263","page","type-page","status-publish","hentry"],"_links":{"self":[{"href":"https:\/\/moroccoroads.com\/index.php?rest_route=\/wp\/v2\/pages\/263","targetHints":{"allow":["GET"]}}],"collection":[{"href":"https:\/\/moroccoroads.com\/index.php?rest_route=\/wp\/v2\/pages"}],"about":[{"href":"https:\/\/moroccoroads.com\/index.php?rest_route=\/wp\/v2\/types\/page"}],"author":[{"embeddable":true,"href":"https:\/\/moroccoroads.com\/index.php?rest_route=\/wp\/v2\/users\/1"}],"replies":[{"embeddable":true,"href":"https:\/\/moroccoroads.com\/index.php?rest_route=%2Fwp%2Fv2%2Fcomments&post=263"}],"version-history":[{"count":5,"href":"https:\/\/moroccoroads.com\/index.php?rest_route=\/wp\/v2\/pages\/263\/revisions"}],"predecessor-version":[{"id":790,"href":"https:\/\/moroccoroads.com\/index.php?rest_route=\/wp\/v2\/pages\/263\/revisions\/790"}],"up":[{"embeddable":true,"href":"https:\/\/moroccoroads.com\/index.php?rest_route=\/wp\/v2\/pages\/256"}],"wp:attachment":[{"href":"https:\/\/moroccoroads.com\/index.php?rest_route=%2Fwp%2Fv2%2Fmedia&parent=263"}],"curies":[{"name":"wp","href":"https:\/\/api.w.org\/{rel}","templated":true}]}}