{"id":269,"date":"2019-03-26T20:53:50","date_gmt":"2019-03-26T19:53:50","guid":{"rendered":"http:\/\/moroccoroads.com\/?page_id=269"},"modified":"2025-09-10T19:32:38","modified_gmt":"2025-09-10T18:32:38","slug":"contacta","status":"publish","type":"page","link":"https:\/\/moroccoroads.com\/?page_id=269","title":{"rendered":"Contacto"},"content":{"rendered":"\n<div class=\"wp-block-columns has-2-columns is-layout-flex wp-container-core-columns-is-layout-9d6595d7 wp-block-columns-is-layout-flex\">\n<div class=\"wp-block-column is-layout-flow wp-block-column-is-layout-flow\">\n<figure class=\"wp-block-gallery has-nested-images columns-default is-cropped wp-block-gallery-1 is-layout-flex wp-block-gallery-is-layout-flex\">\n<figure class=\"wp-block-image size-large\"><img loading=\"lazy\" decoding=\"async\" width=\"990\" height=\"557\" data-id=\"572\" src=\"https:\/\/moroccoroads.com\/wp-content\/uploads\/2019\/05\/92.jpg\" alt=\"\" class=\"wp-image-572\" srcset=\"https:\/\/moroccoroads.com\/wp-content\/uploads\/2019\/05\/92.jpg 990w, https:\/\/moroccoroads.com\/wp-content\/uploads\/2019\/05\/92-300x169.jpg 300w, https:\/\/moroccoroads.com\/wp-content\/uploads\/2019\/05\/92-768x432.jpg 768w\" sizes=\"auto, (max-width: 990px) 100vw, 990px\" \/><\/figure>\n<\/figure>\n\n\n\n<figure class=\"wp-block-image is-resized\"><img loading=\"lazy\" decoding=\"async\" width=\"225\" height=\"225\" src=\"https:\/\/moroccoroads.com\/wp-content\/uploads\/2019\/05\/descarga-2.png\" alt=\"\" class=\"wp-image-577\" style=\"width:39px;height:39px\" srcset=\"https:\/\/moroccoroads.com\/wp-content\/uploads\/2019\/05\/descarga-2.png 225w, https:\/\/moroccoroads.com\/wp-content\/uploads\/2019\/05\/descarga-2-150x150.png 150w\" sizes=\"auto, (max-width: 225px) 100vw, 225px\" \/><figcaption class=\"wp-element-caption\"> <\/figcaption><\/figure>\n\n\n\n<p>\n\n  info@moroccoroads.com \n\n<\/p>\n\n\n\n<figure class=\"wp-block-image is-resized\"><img loading=\"lazy\" decoding=\"async\" width=\"225\" height=\"225\" src=\"https:\/\/moroccoroads.com\/wp-content\/uploads\/2019\/05\/descarga-1.png\" alt=\"\" class=\"wp-image-574\" style=\"width:33px;height:33px\" srcset=\"https:\/\/moroccoroads.com\/wp-content\/uploads\/2019\/05\/descarga-1.png 225w, https:\/\/moroccoroads.com\/wp-content\/uploads\/2019\/05\/descarga-1-150x150.png 150w\" sizes=\"auto, (max-width: 225px) 100vw, 225px\" \/><\/figure>\n\n\n\n<p>(+34) 640 112 527 (+212) 670 <\/p>\n\n\n\n<p><\/p>\n<\/div>\n\n\n\n<div class=\"wp-block-column is-layout-flow wp-block-column-is-layout-flow\">\n<p>Ponte en\ncontacto con nosotros, estamos encantados de poder atenderte. Resolveremos de inmediato\ncualquier duda que tengas y haremos que tu viaje a Marruecos sea una\nexperiencia fant\u00e1stica e inolvidable.<\/p>\n\n\n\n<p>Env\u00edanos un correo electr\u00f3nico o un mensaje a trav\u00e9s de nuestro soporte de WhatsApp Live.<\/p>\n<\/div>\n<\/div>\n\n\n<div class=\"wpforms-container wpforms-container-full wpforms-block wpforms-block-4e673777-f193-48cd-827b-dc444cf594b8\" id=\"wpforms-519\"><form id=\"wpforms-form-519\" class=\"wpforms-validate wpforms-form\" data-formid=\"519\" method=\"post\" enctype=\"multipart\/form-data\" action=\"\/index.php?rest_route=%2Fwp%2Fv2%2Fpages%2F269\" data-token=\"19f247131784e2006037436b0acf9f08\" data-token-time=\"1777472378\"><noscript class=\"wpforms-error-noscript\">Por favor, activa JavaScript en tu navegador para completar este formulario.<\/noscript><div class=\"wpforms-field-container\"><div id=\"wpforms-519-field_0-container\" class=\"wpforms-field wpforms-field-name\" data-field-id=\"0\"><label class=\"wpforms-field-label\">Nombre <span class=\"wpforms-required-label\">*<\/span><\/label><div class=\"wpforms-field-row wpforms-field-medium\"><div class=\"wpforms-field-row-block wpforms-first wpforms-one-half\"><input type=\"text\" id=\"wpforms-519-field_0\" class=\"wpforms-field-name-first wpforms-field-required\" name=\"wpforms[fields][0][first]\" required><label for=\"wpforms-519-field_0\" class=\"wpforms-field-sublabel after\">Nombre<\/label><\/div><div class=\"wpforms-field-row-block wpforms-one-half\"><input type=\"text\" id=\"wpforms-519-field_0-last\" class=\"wpforms-field-name-last wpforms-field-required\" name=\"wpforms[fields][0][last]\" required><label for=\"wpforms-519-field_0-last\" class=\"wpforms-field-sublabel after\">Apellidos<\/label><\/div><\/div><\/div><div id=\"wpforms-519-field_1-container\" class=\"wpforms-field wpforms-field-email\" data-field-id=\"1\"><label class=\"wpforms-field-label\" for=\"wpforms-519-field_1\">Correo electr\u00f3nico <span class=\"wpforms-required-label\">*<\/span><\/label><input type=\"email\" id=\"wpforms-519-field_1\" class=\"wpforms-field-medium wpforms-field-required\" name=\"wpforms[fields][1]\" spellcheck=\"false\" required><\/div>\t\t<div id=\"wpforms-519-field_3-container\"\n\t\t\tclass=\"wpforms-field wpforms-field-text\"\n\t\t\tdata-field-type=\"text\"\n\t\t\tdata-field-id=\"3\"\n\t\t\t>\n\t\t\t<label class=\"wpforms-field-label\" for=\"wpforms-519-field_3\" >Nombre Correo Comentario<\/label>\n\t\t\t<input type=\"text\" id=\"wpforms-519-field_3\" class=\"wpforms-field-medium\" name=\"wpforms[fields][3]\" >\n\t\t<\/div>\n\t\t<div id=\"wpforms-519-field_2-container\" class=\"wpforms-field wpforms-field-textarea\" data-field-id=\"2\"><label class=\"wpforms-field-label\" for=\"wpforms-519-field_2\">Comentario o mensaje <span class=\"wpforms-required-label\">*<\/span><\/label><textarea id=\"wpforms-519-field_2\" class=\"wpforms-field-medium wpforms-field-required\" name=\"wpforms[fields][2]\" required><\/textarea><\/div><script>\n\t\t\t\t( function() {\n\t\t\t\t\tconst style = document.createElement( 'style' );\n\t\t\t\t\tstyle.appendChild( document.createTextNode( '#wpforms-519-field_3-container { position: absolute !important; overflow: hidden !important; display: inline !important; height: 1px !important; width: 1px !important; z-index: -1000 !important; padding: 0 !important; } #wpforms-519-field_3-container input { visibility: hidden; } #wpforms-conversational-form-page #wpforms-519-field_3-container label { counter-increment: none; }' ) );\n\t\t\t\t\tdocument.head.appendChild( style );\n\t\t\t\t\tdocument.currentScript?.remove();\n\t\t\t\t} )();\n\t\t\t<\/script><\/div><!-- .wpforms-field-container --><div class=\"wpforms-field wpforms-field-hp\"><label for=\"wpforms-519-field-hp\" class=\"wpforms-field-label\">Name<\/label><input type=\"text\" name=\"wpforms[hp]\" id=\"wpforms-519-field-hp\" class=\"wpforms-field-medium\"><\/div><div class=\"wpforms-recaptcha-container wpforms-is-recaptcha wpforms-is-recaptcha-type-v3\" ><input type=\"hidden\" name=\"wpforms[recaptcha]\" value=\"\"><\/div><div class=\"wpforms-submit-container\" ><input type=\"hidden\" name=\"wpforms[id]\" value=\"519\"><input type=\"hidden\" name=\"page_title\" value=\"\"><input type=\"hidden\" name=\"page_url\" value=\"https:\/\/moroccoroads.com\/index.php?rest_route=\/wp\/v2\/pages\/269\"><input type=\"hidden\" name=\"url_referer\" value=\"\"><button type=\"submit\" name=\"wpforms[submit]\" id=\"wpforms-submit-519\" class=\"wpforms-submit\" data-alt-text=\"Enviando...\" data-submit-text=\"Enviar\" aria-live=\"assertive\" value=\"wpforms-submit\">Enviar<\/button><\/div><\/form><\/div>  <!-- .wpforms-container -->","protected":false},"excerpt":{"rendered":"<p>info@moroccoroads.com (+34) 640 112 527 (+212) 670 Ponte en contacto con nosotros, estamos encantados de poder atenderte. Resolveremos de inmediato cualquier duda que tengas y haremos que tu viaje a Marruecos sea una experiencia fant\u00e1stica e inolvidable. Env\u00edanos un correo electr\u00f3nico o un mensaje a trav\u00e9s de nuestro soporte de WhatsApp Live.<\/p>\n","protected":false},"author":1,"featured_media":0,"parent":0,"menu_order":0,"comment_status":"closed","ping_status":"closed","template":"","meta":{"footnotes":""},"class_list":["post-269","page","type-page","status-publish","hentry"],"_links":{"self":[{"href":"https:\/\/moroccoroads.com\/index.php?rest_route=\/wp\/v2\/pages\/269","targetHints":{"allow":["GET"]}}],"collection":[{"href":"https:\/\/moroccoroads.com\/index.php?rest_route=\/wp\/v2\/pages"}],"about":[{"href":"https:\/\/moroccoroads.com\/index.php?rest_route=\/wp\/v2\/types\/page"}],"author":[{"embeddable":true,"href":"https:\/\/moroccoroads.com\/index.php?rest_route=\/wp\/v2\/users\/1"}],"replies":[{"embeddable":true,"href":"https:\/\/moroccoroads.com\/index.php?rest_route=%2Fwp%2Fv2%2Fcomments&post=269"}],"version-history":[{"count":16,"href":"https:\/\/moroccoroads.com\/index.php?rest_route=\/wp\/v2\/pages\/269\/revisions"}],"predecessor-version":[{"id":999,"href":"https:\/\/moroccoroads.com\/index.php?rest_route=\/wp\/v2\/pages\/269\/revisions\/999"}],"wp:attachment":[{"href":"https:\/\/moroccoroads.com\/index.php?rest_route=%2Fwp%2Fv2%2Fmedia&parent=269"}],"curies":[{"name":"wp","href":"https:\/\/api.w.org\/{rel}","templated":true}]}}