{"id":301,"date":"2019-03-30T19:28:08","date_gmt":"2019-03-30T18:28:08","guid":{"rendered":"http:\/\/moroccoroads.com\/?page_id=301"},"modified":"2019-05-26T19:16:21","modified_gmt":"2019-05-26T18:16:21","slug":"marrakech-ouarzazate-dunas-de-erg-chegaga","status":"publish","type":"page","link":"https:\/\/moroccoroads.com\/?page_id=301","title":{"rendered":"Marrakech &#8211; Ouarzazate &#8211; Dunas de Erg Chegaga"},"content":{"rendered":"\n<ul class=\"wp-block-gallery columns-1 is-cropped wp-block-gallery-1 is-layout-flex wp-block-gallery-is-layout-flex\"><li class=\"blocks-gallery-item\"><figure><img loading=\"lazy\" decoding=\"async\" width=\"960\" height=\"635\" src=\"https:\/\/moroccoroads.com\/wp-content\/uploads\/2019\/03\/67-1.jpg\" alt=\"\" data-id=\"302\" data-link=\"https:\/\/moroccoroads.com\/?attachment_id=302\" class=\"wp-image-302\" srcset=\"https:\/\/moroccoroads.com\/wp-content\/uploads\/2019\/03\/67-1.jpg 960w, https:\/\/moroccoroads.com\/wp-content\/uploads\/2019\/03\/67-1-300x198.jpg 300w, https:\/\/moroccoroads.com\/wp-content\/uploads\/2019\/03\/67-1-768x508.jpg 768w\" sizes=\"auto, (max-width: 960px) 100vw, 960px\" \/><\/figure><\/li><\/ul>\n\n\n\n<p>&nbsp;Un viaje para adentrarnos, cruzando\nel Valle del Draa, en una de las zonas des\u00e9rticas m\u00e1s espectaculares del sur de\nMarruecos: las Dunas de Chegaga. Previamente\naprovechamos para visitar la ciudad roja: Marrakech y tambi\u00e9n visitaremos el pueblo del azafr\u00e1n: Taliouine.<\/p>\n\n\n\n<p><strong>TEMPORADA: <\/strong>octubre a mayo<\/p>\n\n\n\n<p><strong>DURACI\u00d3N: <\/strong>&nbsp;7\nd\u00edas y 6 noches<\/p>\n\n\n\n<p><strong>GRUPOS:<\/strong> M\u00ednimo de 4 personas<\/p>\n\n\n\n<p><strong>Para m\u00e1s informaci\u00f3n,\ncons\u00faltanos.<\/strong><\/p>\n","protected":false},"excerpt":{"rendered":"<p>&nbsp;Un viaje para adentrarnos, cruzando el Valle del Draa, en una de las zonas des\u00e9rticas m\u00e1s espectaculares del sur de Marruecos: las Dunas de Chegaga. Previamente aprovechamos para visitar la ciudad roja: Marrakech y tambi\u00e9n visitaremos el pueblo del azafr\u00e1n: Taliouine. TEMPORADA: octubre a mayo DURACI\u00d3N: &nbsp;7 d\u00edas y 6 noches GRUPOS: M\u00ednimo de 4 [&hellip;]<\/p>\n","protected":false},"author":1,"featured_media":0,"parent":0,"menu_order":0,"comment_status":"closed","ping_status":"closed","template":"","meta":{"footnotes":""},"class_list":["post-301","page","type-page","status-publish","hentry"],"_links":{"self":[{"href":"https:\/\/moroccoroads.com\/index.php?rest_route=\/wp\/v2\/pages\/301","targetHints":{"allow":["GET"]}}],"collection":[{"href":"https:\/\/moroccoroads.com\/index.php?rest_route=\/wp\/v2\/pages"}],"about":[{"href":"https:\/\/moroccoroads.com\/index.php?rest_route=\/wp\/v2\/types\/page"}],"author":[{"embeddable":true,"href":"https:\/\/moroccoroads.com\/index.php?rest_route=\/wp\/v2\/users\/1"}],"replies":[{"embeddable":true,"href":"https:\/\/moroccoroads.com\/index.php?rest_route=%2Fwp%2Fv2%2Fcomments&post=301"}],"version-history":[{"count":2,"href":"https:\/\/moroccoroads.com\/index.php?rest_route=\/wp\/v2\/pages\/301\/revisions"}],"predecessor-version":[{"id":803,"href":"https:\/\/moroccoroads.com\/index.php?rest_route=\/wp\/v2\/pages\/301\/revisions\/803"}],"wp:attachment":[{"href":"https:\/\/moroccoroads.com\/index.php?rest_route=%2Fwp%2Fv2%2Fmedia&parent=301"}],"curies":[{"name":"wp","href":"https:\/\/api.w.org\/{rel}","templated":true}]}}