{"id":378,"date":"2018-08-24T08:35:11","date_gmt":"2018-08-24T08:35:11","guid":{"rendered":"http:\/\/demo.acmethemes.com\/travel-way\/?page_id=85"},"modified":"2019-05-26T10:07:02","modified_gmt":"2019-05-26T09:07:02","slug":"best-travel-agent","status":"publish","type":"page","link":"https:\/\/moroccoroads.com\/?page_id=378","title":{"rendered":"Guias locales profesionales."},"content":{"rendered":"<div id=\"i44ox7zz\" class=\"txtNew\" data-packed=\"false\">\n<p>Nuestros tours te ofrecen una<strong>\u00a0visi\u00f3n del Marruecos m\u00e1s aut\u00e9ntico<\/strong>\u00a0guiados con profesionales nativos integrados en\u00a0la\u00a0cultura\u00a0y\u00a0<strong>tradiciones de\u00a0su pa\u00eds<\/strong>, alejados de querer mostrar solo la visi\u00f3n tur\u00edstica de Marruecos. Ellos te acompa\u00f1ar\u00e1n durante todo el\u00a0viaje para que<strong>\u00a0te sientas c\u00f3modo\u00a0<\/strong>y puedas disfrutar de la vida y cultura marroqu\u00ed.<\/p>\n<p class=\"font_7\"><span class=\"color_11\">Nuestro equipo de treking est\u00e1 formado por<strong>\u00a0 gu\u00edas acreditados<\/strong> autorizados por el <strong>Centro de Capacitaci\u00f3n para las Profesiones de Monta\u00f1a de Marruecos<\/strong> (CFFAM) y algunos\u00a0 poseen tambi\u00e9n el Diploma Federal de Instructores de la <strong>Federaci\u00f3n Francesa de Senderismo<\/strong>. Todos ellos acumulan a\u00f1os de experiencia como colaboradores con varias agencias de turismo internacionales, como gu\u00edas de monta\u00f1a.<\/span><\/p>\n<p class=\"font_7\"><span class=\"color_11\">Nacidos en el Valle de los <strong>A\u00eft Bouguemez,<\/strong> en el Alto Atlas Central de Marruecos, conocen perfectamente las costumbres e idiomas locales, y esto nos permite contar f\u00e1cilmente con los mejores colaboradores para nuestras rutas, ya sean cocineros, camelleros o muleros\u2026Ofreciendo as\u00ed la garant\u00eda de un equipo de excelencia para acompa\u00f1arle y responder a todas sus necesidades.<\/span><\/p>\n<\/div>\n<div id=\"i44ox801\" class=\"txtNew\" data-packed=\"false\">\n<p class=\"font_7\">\n<div id=\"i44ox7zz\" class=\"txtNew\" data-packed=\"false\"><\/div>\n<p class=\"font_7\">\n<\/div>\n","protected":false},"excerpt":{"rendered":"<p>Nuestros tours te ofrecen una\u00a0visi\u00f3n del Marruecos m\u00e1s aut\u00e9ntico\u00a0guiados con profesionales nativos integrados en\u00a0la\u00a0cultura\u00a0y\u00a0tradiciones de\u00a0su pa\u00eds, alejados de querer mostrar solo la visi\u00f3n tur\u00edstica de Marruecos. Ellos te acompa\u00f1ar\u00e1n durante todo el\u00a0viaje para que\u00a0te sientas c\u00f3modo\u00a0y puedas disfrutar de la vida y cultura marroqu\u00ed. Nuestro equipo de treking est\u00e1 formado por\u00a0 gu\u00edas acreditados autorizados por [&hellip;]<\/p>\n","protected":false},"author":1,"featured_media":0,"parent":0,"menu_order":0,"comment_status":"closed","ping_status":"closed","template":"","meta":{"footnotes":""},"class_list":["post-378","page","type-page","status-publish","hentry"],"_links":{"self":[{"href":"https:\/\/moroccoroads.com\/index.php?rest_route=\/wp\/v2\/pages\/378","targetHints":{"allow":["GET"]}}],"collection":[{"href":"https:\/\/moroccoroads.com\/index.php?rest_route=\/wp\/v2\/pages"}],"about":[{"href":"https:\/\/moroccoroads.com\/index.php?rest_route=\/wp\/v2\/types\/page"}],"author":[{"embeddable":true,"href":"https:\/\/moroccoroads.com\/index.php?rest_route=\/wp\/v2\/users\/1"}],"replies":[{"embeddable":true,"href":"https:\/\/moroccoroads.com\/index.php?rest_route=%2Fwp%2Fv2%2Fcomments&post=378"}],"version-history":[{"count":4,"href":"https:\/\/moroccoroads.com\/index.php?rest_route=\/wp\/v2\/pages\/378\/revisions"}],"predecessor-version":[{"id":661,"href":"https:\/\/moroccoroads.com\/index.php?rest_route=\/wp\/v2\/pages\/378\/revisions\/661"}],"wp:attachment":[{"href":"https:\/\/moroccoroads.com\/index.php?rest_route=%2Fwp%2Fv2%2Fmedia&parent=378"}],"curies":[{"name":"wp","href":"https:\/\/api.w.org\/{rel}","templated":true}]}}