{"id":379,"date":"2018-08-24T08:37:14","date_gmt":"2018-08-24T08:37:14","guid":{"rendered":"http:\/\/demo.acmethemes.com\/travel-way\/?page_id=90"},"modified":"2019-05-26T17:43:47","modified_gmt":"2019-05-26T16:43:47","slug":"amazing-tour","status":"publish","type":"page","link":"https:\/\/moroccoroads.com\/?page_id=379","title":{"rendered":"Todo organizado"},"content":{"rendered":"<p>\u00bfNecesitas preparar tus pr\u00f3ximas vacaciones, pero no tenes tiempo para planear todo? Vuelos, hoteles, excursiones, gastrotours&#8230; Hay muchos aspectos en los que fijarse y a tener en cuenta, pero lo mejor de todo es que con nosotros es mucho m\u00e1s f\u00e1cil de lo que parece, porque t\u00fa s\u00f3lo tienes que preocuparte de pedirnos el viaje de tus sue\u00f1os y \u00a1nosotros lo hacemos realidad!<\/p>\n","protected":false},"excerpt":{"rendered":"<p>\u00bfNecesitas preparar tus pr\u00f3ximas vacaciones, pero no tenes tiempo para planear todo? Vuelos, hoteles, excursiones, gastrotours&#8230; Hay muchos aspectos en los que fijarse y a tener en cuenta, pero lo mejor de todo es que con nosotros es mucho m\u00e1s f\u00e1cil de lo que parece, porque t\u00fa s\u00f3lo tienes que preocuparte de pedirnos el viaje [&hellip;]<\/p>\n","protected":false},"author":1,"featured_media":0,"parent":0,"menu_order":0,"comment_status":"closed","ping_status":"closed","template":"","meta":{"footnotes":""},"class_list":["post-379","page","type-page","status-publish","hentry"],"_links":{"self":[{"href":"https:\/\/moroccoroads.com\/index.php?rest_route=\/wp\/v2\/pages\/379","targetHints":{"allow":["GET"]}}],"collection":[{"href":"https:\/\/moroccoroads.com\/index.php?rest_route=\/wp\/v2\/pages"}],"about":[{"href":"https:\/\/moroccoroads.com\/index.php?rest_route=\/wp\/v2\/types\/page"}],"author":[{"embeddable":true,"href":"https:\/\/moroccoroads.com\/index.php?rest_route=\/wp\/v2\/users\/1"}],"replies":[{"embeddable":true,"href":"https:\/\/moroccoroads.com\/index.php?rest_route=%2Fwp%2Fv2%2Fcomments&post=379"}],"version-history":[{"count":4,"href":"https:\/\/moroccoroads.com\/index.php?rest_route=\/wp\/v2\/pages\/379\/revisions"}],"predecessor-version":[{"id":764,"href":"https:\/\/moroccoroads.com\/index.php?rest_route=\/wp\/v2\/pages\/379\/revisions\/764"}],"wp:attachment":[{"href":"https:\/\/moroccoroads.com\/index.php?rest_route=%2Fwp%2Fv2%2Fmedia&parent=379"}],"curies":[{"name":"wp","href":"https:\/\/api.w.org\/{rel}","templated":true}]}}