{"id":392,"date":"2018-08-24T09:05:23","date_gmt":"2018-08-24T09:05:23","guid":{"rendered":"http:\/\/demo.acmethemes.com\/travel-way\/?page_id=126"},"modified":"2019-05-25T21:33:26","modified_gmt":"2019-05-25T20:33:26","slug":"raymond-thomas","status":"publish","type":"page","link":"https:\/\/moroccoroads.com\/?page_id=392","title":{"rendered":"Pepe Clavero"},"content":{"rendered":"<p>Este ha sido nuestro 4\u00ba a\u00f1o con Moroccoroads y la experiencia ha sido, como siempe, genial.\u00a0 Este a\u00f1o nuestro viaje ha sido por la zona de Tafraout&#8230; \u00a1una maravilla!\u00a0 No solo era la vista, era el sonido, plagado de ruise\u00f1ores, todo un deleite de los sentidos. Ellos hacen posible nuestros viajes en bici y s\u00f3lo tenemos que preocuparnos de dar pedales porque al final de la etapa nos espera el campamento montado por el equipo de Morcoccoroads con una comida deliciosa y \u00a1c\u00f3mo no, nuestro whisky bereber! un buen t\u00e9 verde. Gracias a Mustapha, Isma\u00eal, Mohamed y todos los que integran la \u00abfamilia\u00bb de Moroccoroads por hacer de nuestros viajes, aventuras inolvidables.<\/p>\n","protected":false},"excerpt":{"rendered":"<p>Este ha sido nuestro 4\u00ba a\u00f1o con Moroccoroads y la experiencia ha sido, como siempe, genial.\u00a0 Este a\u00f1o nuestro viaje ha sido por la zona de Tafraout&#8230; \u00a1una maravilla!\u00a0 No solo era la vista, era el sonido, plagado de ruise\u00f1ores, todo un deleite de los sentidos. Ellos hacen posible nuestros viajes en bici y s\u00f3lo [&hellip;]<\/p>\n","protected":false},"author":1,"featured_media":620,"parent":0,"menu_order":0,"comment_status":"closed","ping_status":"closed","template":"","meta":{"footnotes":""},"class_list":["post-392","page","type-page","status-publish","has-post-thumbnail","hentry"],"_links":{"self":[{"href":"https:\/\/moroccoroads.com\/index.php?rest_route=\/wp\/v2\/pages\/392","targetHints":{"allow":["GET"]}}],"collection":[{"href":"https:\/\/moroccoroads.com\/index.php?rest_route=\/wp\/v2\/pages"}],"about":[{"href":"https:\/\/moroccoroads.com\/index.php?rest_route=\/wp\/v2\/types\/page"}],"author":[{"embeddable":true,"href":"https:\/\/moroccoroads.com\/index.php?rest_route=\/wp\/v2\/users\/1"}],"replies":[{"embeddable":true,"href":"https:\/\/moroccoroads.com\/index.php?rest_route=%2Fwp%2Fv2%2Fcomments&post=392"}],"version-history":[{"count":3,"href":"https:\/\/moroccoroads.com\/index.php?rest_route=\/wp\/v2\/pages\/392\/revisions"}],"predecessor-version":[{"id":919,"href":"https:\/\/moroccoroads.com\/index.php?rest_route=\/wp\/v2\/pages\/392\/revisions\/919"}],"wp:featuredmedia":[{"embeddable":true,"href":"https:\/\/moroccoroads.com\/index.php?rest_route=\/wp\/v2\/media\/620"}],"wp:attachment":[{"href":"https:\/\/moroccoroads.com\/index.php?rest_route=%2Fwp%2Fv2%2Fmedia&parent=392"}],"curies":[{"name":"wp","href":"https:\/\/api.w.org\/{rel}","templated":true}]}}