{"id":394,"date":"2018-08-24T09:08:56","date_gmt":"2018-08-24T09:08:56","guid":{"rendered":"http:\/\/demo.acmethemes.com\/travel-way\/?page_id=131"},"modified":"2019-05-26T10:15:00","modified_gmt":"2019-05-26T09:15:00","slug":"jhon-doe","status":"publish","type":"page","link":"https:\/\/moroccoroads.com\/?page_id=394","title":{"rendered":"Manuel Robles"},"content":{"rendered":"\n\n\n<p>Un viaje fantastico con la familia. Volv\u00ed enamorado de Marruecos y sin duda volver\u00e9 y lo har\u00e9 con el mismo equipo. Algo que no te puedes venir sin probar: conducir un quad entre las dunas del desierto \u00a1una pasada!<\/p>\n","protected":false},"excerpt":{"rendered":"<p>Un viaje fantastico con la familia. Volv\u00ed enamorado de Marruecos y sin duda volver\u00e9 y lo har\u00e9 con el mismo equipo. Algo que no te puedes venir sin probar: conducir un quad entre las dunas del desierto \u00a1una pasada!<\/p>\n","protected":false},"author":1,"featured_media":664,"parent":0,"menu_order":0,"comment_status":"closed","ping_status":"closed","template":"","meta":{"footnotes":""},"class_list":["post-394","page","type-page","status-publish","has-post-thumbnail","hentry"],"_links":{"self":[{"href":"https:\/\/moroccoroads.com\/index.php?rest_route=\/wp\/v2\/pages\/394","targetHints":{"allow":["GET"]}}],"collection":[{"href":"https:\/\/moroccoroads.com\/index.php?rest_route=\/wp\/v2\/pages"}],"about":[{"href":"https:\/\/moroccoroads.com\/index.php?rest_route=\/wp\/v2\/types\/page"}],"author":[{"embeddable":true,"href":"https:\/\/moroccoroads.com\/index.php?rest_route=\/wp\/v2\/users\/1"}],"replies":[{"embeddable":true,"href":"https:\/\/moroccoroads.com\/index.php?rest_route=%2Fwp%2Fv2%2Fcomments&post=394"}],"version-history":[{"count":1,"href":"https:\/\/moroccoroads.com\/index.php?rest_route=\/wp\/v2\/pages\/394\/revisions"}],"predecessor-version":[{"id":665,"href":"https:\/\/moroccoroads.com\/index.php?rest_route=\/wp\/v2\/pages\/394\/revisions\/665"}],"wp:featuredmedia":[{"embeddable":true,"href":"https:\/\/moroccoroads.com\/index.php?rest_route=\/wp\/v2\/media\/664"}],"wp:attachment":[{"href":"https:\/\/moroccoroads.com\/index.php?rest_route=%2Fwp%2Fv2%2Fmedia&parent=394"}],"curies":[{"name":"wp","href":"https:\/\/api.w.org\/{rel}","templated":true}]}}