{"id":70,"date":"2019-03-23T09:31:08","date_gmt":"2019-03-23T08:31:08","guid":{"rendered":"http:\/\/moroccoroads.com\/?page_id=70"},"modified":"2019-05-26T13:44:46","modified_gmt":"2019-05-26T12:44:46","slug":"nosotros","status":"publish","type":"page","link":"https:\/\/moroccoroads.com\/?page_id=70","title":{"rendered":"NOSOTROS"},"content":{"rendered":"\n<p class=\"has-medium-font-size\"><strong>Especialistas en viajes a medida por Marruecos.<\/strong><\/p>\n\n\n\n<div class=\"wp-block-image\"><figure class=\"aligncenter\"><img loading=\"lazy\" decoding=\"async\" width=\"660\" height=\"330\" src=\"https:\/\/moroccoroads.com\/wp-content\/uploads\/2019\/05\/Bereber-1.jpg\" alt=\"\" class=\"wp-image-745\" srcset=\"https:\/\/moroccoroads.com\/wp-content\/uploads\/2019\/05\/Bereber-1.jpg 660w, https:\/\/moroccoroads.com\/wp-content\/uploads\/2019\/05\/Bereber-1-300x150.jpg 300w\" sizes=\"auto, (max-width: 660px) 100vw, 660px\" \/><\/figure><\/div>\n\n\n\n<p>Somos una empresa especializada en ofrecer tours creados a medida del cliente. Nos basamos en una larga experiencia gestionando tours por Marruecos y ofrecemos al cliente un an\u00e1lisis del viaje que m\u00e1s se adapta a sus necesidades, gustos, econom\u00eda y preferencias. <\/p>\n\n\n\n<p>Nuestros responsables en Espa\u00f1a son agentes expertos acreditados por la C\u00e1mara de Turismo Marroqu\u00ed.  Adem\u00e1s, por nuestra dilatada experiencia podemos recomendarle los sitios que no debe perderse, as\u00ed como otros no tan tur\u00edsticos que no pueden dejar de visitar.<\/p>\n\n\n\n<p>Organizamos todo tipo de tours, vacacionales, tem\u00e1ticos, de empresa, etc. Cualquier tipo de viaje que tengas pensado, podemos hacerlo realidad. Y si no tienes una idea clara pero lo que si sabes es que quieres visitar el pa\u00eds, nosotros te haremos una propuesta con la que podr\u00e1s descubrir rincones especiales y vivir una fascinante aventura.<\/p>\n\n\n\n<p><\/p>\n","protected":false},"excerpt":{"rendered":"<p>Especialistas en viajes a medida por Marruecos. Somos una empresa especializada en ofrecer tours creados a medida del cliente. Nos basamos en una larga experiencia gestionando tours por Marruecos y ofrecemos al cliente un an\u00e1lisis del viaje que m\u00e1s se adapta a sus necesidades, gustos, econom\u00eda y preferencias. Nuestros responsables en Espa\u00f1a son agentes expertos [&hellip;]<\/p>\n","protected":false},"author":1,"featured_media":0,"parent":0,"menu_order":0,"comment_status":"closed","ping_status":"closed","template":"","meta":{"footnotes":""},"class_list":["post-70","page","type-page","status-publish","hentry"],"_links":{"self":[{"href":"https:\/\/moroccoroads.com\/index.php?rest_route=\/wp\/v2\/pages\/70","targetHints":{"allow":["GET"]}}],"collection":[{"href":"https:\/\/moroccoroads.com\/index.php?rest_route=\/wp\/v2\/pages"}],"about":[{"href":"https:\/\/moroccoroads.com\/index.php?rest_route=\/wp\/v2\/types\/page"}],"author":[{"embeddable":true,"href":"https:\/\/moroccoroads.com\/index.php?rest_route=\/wp\/v2\/users\/1"}],"replies":[{"embeddable":true,"href":"https:\/\/moroccoroads.com\/index.php?rest_route=%2Fwp%2Fv2%2Fcomments&post=70"}],"version-history":[{"count":12,"href":"https:\/\/moroccoroads.com\/index.php?rest_route=\/wp\/v2\/pages\/70\/revisions"}],"predecessor-version":[{"id":978,"href":"https:\/\/moroccoroads.com\/index.php?rest_route=\/wp\/v2\/pages\/70\/revisions\/978"}],"wp:attachment":[{"href":"https:\/\/moroccoroads.com\/index.php?rest_route=%2Fwp%2Fv2%2Fmedia&parent=70"}],"curies":[{"name":"wp","href":"https:\/\/api.w.org\/{rel}","templated":true}]}}