{"id":72,"date":"2019-03-23T09:33:11","date_gmt":"2019-03-23T08:33:11","guid":{"rendered":"http:\/\/moroccoroads.com\/?page_id=72"},"modified":"2019-05-26T20:42:58","modified_gmt":"2019-05-26T19:42:58","slug":"que-te-ofrecemos","status":"publish","type":"page","link":"https:\/\/moroccoroads.com\/?page_id=72","title":{"rendered":"\u00bfQu\u00e9 te ofrecemos?"},"content":{"rendered":"\n<div class=\"wp-block-image\"><figure class=\"aligncenter\"><img loading=\"lazy\" decoding=\"async\" width=\"897\" height=\"573\" src=\"https:\/\/moroccoroads.com\/wp-content\/uploads\/2019\/05\/8.jpg\" alt=\"\" class=\"wp-image-758\" srcset=\"https:\/\/moroccoroads.com\/wp-content\/uploads\/2019\/05\/8.jpg 897w, https:\/\/moroccoroads.com\/wp-content\/uploads\/2019\/05\/8-300x192.jpg 300w, https:\/\/moroccoroads.com\/wp-content\/uploads\/2019\/05\/8-768x491.jpg 768w\" sizes=\"auto, (max-width: 897px) 100vw, 897px\" \/><\/figure><\/div>\n\n\n\n<p>En Morocco Roads estamos especializados en dise\u00f1ar <strong>tours a medida del cliente<\/strong> tras a\u00f1os de experiencia gestionando <strong>rutas por Marruecos.<\/strong><\/p>\n\n\n\n<p> Nuestros tours tratan de ofrecer al cliente una visi\u00f3n del<strong> Marruecos m\u00e1s aut\u00e9ntico<\/strong>, con <strong>profesionales nativos<\/strong> que conocen toda la cultura, tradiciones del pa\u00eds, alejados de mostrar solo la visi\u00f3n tur\u00edstica. Ellos te acompa\u00f1aran en todo tu viaje para que te sientas integrado en su cultura y puedas disfrutar de la vida marroqu\u00ed. <\/p>\n\n\n\n<p>Todo ello, <strong>respetando el medio ambiente<\/strong> y las <strong>culturas locales<\/strong>, mejorando los medios de vida de las comunidades, buscando un <strong>turismo sostenible<\/strong>. Porque nuestro objetivo es permitir a la poblaci\u00f3n local vivir del turismo gestionando por si misma sus ofertas sin pasar por intermediarios, aplicando los principios que exigen la <strong>Carta marroqu\u00ed deturismo responsable<\/strong><\/p>\n\n\n\n<ul class=\"wp-block-gallery columns-3 is-cropped wp-block-gallery-1 is-layout-flex wp-block-gallery-is-layout-flex\"><li class=\"blocks-gallery-item\"><figure><img loading=\"lazy\" decoding=\"async\" width=\"700\" height=\"526\" src=\"https:\/\/moroccoroads.com\/wp-content\/uploads\/2019\/03\/9.jpg\" alt=\"\" data-id=\"73\" data-link=\"https:\/\/moroccoroads.com\/?attachment_id=73\" class=\"wp-image-73\" srcset=\"https:\/\/moroccoroads.com\/wp-content\/uploads\/2019\/03\/9.jpg 700w, https:\/\/moroccoroads.com\/wp-content\/uploads\/2019\/03\/9-300x225.jpg 300w, https:\/\/moroccoroads.com\/wp-content\/uploads\/2019\/03\/9-510x382.jpg 510w\" sizes=\"auto, (max-width: 700px) 100vw, 700px\" \/><\/figure><\/li><li class=\"blocks-gallery-item\"><figure><img loading=\"lazy\" decoding=\"async\" width=\"1024\" height=\"728\" src=\"https:\/\/moroccoroads.com\/wp-content\/uploads\/2019\/03\/10-1024x728.jpg\" alt=\"\" data-id=\"74\" data-link=\"https:\/\/moroccoroads.com\/?attachment_id=74\" class=\"wp-image-74\" srcset=\"https:\/\/moroccoroads.com\/wp-content\/uploads\/2019\/03\/10-1024x728.jpg 1024w, https:\/\/moroccoroads.com\/wp-content\/uploads\/2019\/03\/10-300x213.jpg 300w, https:\/\/moroccoroads.com\/wp-content\/uploads\/2019\/03\/10-768x546.jpg 768w, https:\/\/moroccoroads.com\/wp-content\/uploads\/2019\/03\/10-400x284.jpg 400w, https:\/\/moroccoroads.com\/wp-content\/uploads\/2019\/03\/10-1080x768.jpg 1080w\" sizes=\"auto, (max-width: 1024px) 100vw, 1024px\" \/><\/figure><\/li><li class=\"blocks-gallery-item\"><figure><img loading=\"lazy\" decoding=\"async\" width=\"1024\" height=\"768\" src=\"https:\/\/moroccoroads.com\/wp-content\/uploads\/2019\/03\/11-1-1024x768.jpg\" alt=\"\" data-id=\"77\" data-link=\"https:\/\/moroccoroads.com\/?attachment_id=77\" class=\"wp-image-77\" srcset=\"https:\/\/moroccoroads.com\/wp-content\/uploads\/2019\/03\/11-1.jpg 1024w, https:\/\/moroccoroads.com\/wp-content\/uploads\/2019\/03\/11-1-300x225.jpg 300w, https:\/\/moroccoroads.com\/wp-content\/uploads\/2019\/03\/11-1-768x576.jpg 768w, https:\/\/moroccoroads.com\/wp-content\/uploads\/2019\/03\/11-1-510x382.jpg 510w\" sizes=\"auto, (max-width: 1024px) 100vw, 1024px\" \/><\/figure><\/li><\/ul>\n","protected":false},"excerpt":{"rendered":"<p>En Morocco Roads estamos especializados en dise\u00f1ar tours a medida del cliente tras a\u00f1os de experiencia gestionando rutas por Marruecos. Nuestros tours tratan de ofrecer al cliente una visi\u00f3n del Marruecos m\u00e1s aut\u00e9ntico, con profesionales nativos que conocen toda la cultura, tradiciones del pa\u00eds, alejados de mostrar solo la visi\u00f3n tur\u00edstica. Ellos te acompa\u00f1aran en [&hellip;]<\/p>\n","protected":false},"author":1,"featured_media":0,"parent":70,"menu_order":1,"comment_status":"closed","ping_status":"closed","template":"","meta":{"footnotes":""},"class_list":["post-72","page","type-page","status-publish","hentry"],"_links":{"self":[{"href":"https:\/\/moroccoroads.com\/index.php?rest_route=\/wp\/v2\/pages\/72","targetHints":{"allow":["GET"]}}],"collection":[{"href":"https:\/\/moroccoroads.com\/index.php?rest_route=\/wp\/v2\/pages"}],"about":[{"href":"https:\/\/moroccoroads.com\/index.php?rest_route=\/wp\/v2\/types\/page"}],"author":[{"embeddable":true,"href":"https:\/\/moroccoroads.com\/index.php?rest_route=\/wp\/v2\/users\/1"}],"replies":[{"embeddable":true,"href":"https:\/\/moroccoroads.com\/index.php?rest_route=%2Fwp%2Fv2%2Fcomments&post=72"}],"version-history":[{"count":9,"href":"https:\/\/moroccoroads.com\/index.php?rest_route=\/wp\/v2\/pages\/72\/revisions"}],"predecessor-version":[{"id":830,"href":"https:\/\/moroccoroads.com\/index.php?rest_route=\/wp\/v2\/pages\/72\/revisions\/830"}],"up":[{"embeddable":true,"href":"https:\/\/moroccoroads.com\/index.php?rest_route=\/wp\/v2\/pages\/70"}],"wp:attachment":[{"href":"https:\/\/moroccoroads.com\/index.php?rest_route=%2Fwp%2Fv2%2Fmedia&parent=72"}],"curies":[{"name":"wp","href":"https:\/\/api.w.org\/{rel}","templated":true}]}}