{"id":80,"date":"2019-03-23T09:35:41","date_gmt":"2019-03-23T08:35:41","guid":{"rendered":"http:\/\/moroccoroads.com\/?page_id=80"},"modified":"2019-09-15T22:46:32","modified_gmt":"2019-09-15T21:46:32","slug":"por-que-elegirnos","status":"publish","type":"page","link":"https:\/\/moroccoroads.com\/?page_id=80","title":{"rendered":"\u00bfPor qu\u00e9 elegirnos?"},"content":{"rendered":"\n<p class=\"has-medium-font-size\"><strong>Porque somos profesionales. <\/strong><\/p>\n\n\n\n<p>Nuestro equipo est\u00e1 formado por <strong>un grupo de j\u00f3venes amazigh <\/strong>(bereberes) de segunda generaci\u00f3n dedicada al turismo, nacidos en el Valle del <strong>A\u00eft Bouguemez,<\/strong> en el Alto Atlas Central de Marruecos y una espa\u00f1ola amante de Marruecos que es Agente de Turismo experta en Marruecos, acreditada por la <strong>C\u00e1mara de Turismo Marroqu\u00ed.<\/strong> <\/p>\n\n\n\n<p>Nuestros gu\u00edas de monta\u00f1a est\u00e1n autorizados por el <strong>Centro de Capacitaci\u00f3n para las Profesiones de Monta\u00f1a de Marruecos <\/strong>(CFFAM) y poseen el Diploma Federal de Instructores de la <strong>Federaci\u00f3n Francesa de Senderismo.<\/strong><\/p>\n\n\n\n<p>Con esta combinaci\u00f3n te garantizamos un <strong>profundo conocimiento<\/strong> del pa\u00eds vecino y a la vez, el asesoramiento y gesti\u00f3n de profesionales en Espa\u00f1a.<\/p>\n\n\n\n<p>De este modo, ofrecemos un servicio integral, seguro y de confianza que har\u00e1 que tu viaje sea un \u00e9xito y disfrutes cada d\u00eda de experiencias \u00fanicas. Cuidamos con detalle la<strong> atenci\u00f3n al cliente<\/strong> para hacer que tu viaje sea \u00fanico, garantiz\u00e1ndote una atenci\u00f3n personalizada desde el primer momento. Y si lo deseas, puedes disfrutar de la tranquilidad de<strong> viajar con gu\u00eda acompa\u00f1ante de Morocco Roads d<\/strong>e inicio a fin, que adem\u00e1s os aportar\u00e1 su experto conocimiento del pa\u00eds.<\/p>\n\n\n\n<figure class=\"wp-block-image\"><img loading=\"lazy\" decoding=\"async\" width=\"960\" height=\"720\" src=\"https:\/\/moroccoroads.com\/wp-content\/uploads\/2019\/03\/13.jpg\" alt=\"\" class=\"wp-image-81\" srcset=\"https:\/\/moroccoroads.com\/wp-content\/uploads\/2019\/03\/13.jpg 960w, https:\/\/moroccoroads.com\/wp-content\/uploads\/2019\/03\/13-300x225.jpg 300w, https:\/\/moroccoroads.com\/wp-content\/uploads\/2019\/03\/13-768x576.jpg 768w, https:\/\/moroccoroads.com\/wp-content\/uploads\/2019\/03\/13-510x382.jpg 510w\" sizes=\"auto, (max-width: 960px) 100vw, 960px\" \/><\/figure>\n\n\n","protected":false},"excerpt":{"rendered":"<p>Porque somos profesionales. Nuestro equipo est\u00e1 formado por un grupo de j\u00f3venes amazigh (bereberes) de segunda generaci\u00f3n dedicada al turismo, nacidos en el Valle del A\u00eft Bouguemez, en el Alto Atlas Central de Marruecos y una espa\u00f1ola amante de Marruecos que es Agente de Turismo experta en Marruecos, acreditada por la C\u00e1mara de Turismo Marroqu\u00ed. [&hellip;]<\/p>\n","protected":false},"author":1,"featured_media":82,"parent":70,"menu_order":2,"comment_status":"closed","ping_status":"closed","template":"","meta":{"footnotes":""},"class_list":["post-80","page","type-page","status-publish","has-post-thumbnail","hentry"],"_links":{"self":[{"href":"https:\/\/moroccoroads.com\/index.php?rest_route=\/wp\/v2\/pages\/80","targetHints":{"allow":["GET"]}}],"collection":[{"href":"https:\/\/moroccoroads.com\/index.php?rest_route=\/wp\/v2\/pages"}],"about":[{"href":"https:\/\/moroccoroads.com\/index.php?rest_route=\/wp\/v2\/types\/page"}],"author":[{"embeddable":true,"href":"https:\/\/moroccoroads.com\/index.php?rest_route=\/wp\/v2\/users\/1"}],"replies":[{"embeddable":true,"href":"https:\/\/moroccoroads.com\/index.php?rest_route=%2Fwp%2Fv2%2Fcomments&post=80"}],"version-history":[{"count":5,"href":"https:\/\/moroccoroads.com\/index.php?rest_route=\/wp\/v2\/pages\/80\/revisions"}],"predecessor-version":[{"id":852,"href":"https:\/\/moroccoroads.com\/index.php?rest_route=\/wp\/v2\/pages\/80\/revisions\/852"}],"up":[{"embeddable":true,"href":"https:\/\/moroccoroads.com\/index.php?rest_route=\/wp\/v2\/pages\/70"}],"wp:featuredmedia":[{"embeddable":true,"href":"https:\/\/moroccoroads.com\/index.php?rest_route=\/wp\/v2\/media\/82"}],"wp:attachment":[{"href":"https:\/\/moroccoroads.com\/index.php?rest_route=%2Fwp%2Fv2%2Fmedia&parent=80"}],"curies":[{"name":"wp","href":"https:\/\/api.w.org\/{rel}","templated":true}]}}