{"id":88,"date":"2018-08-24T08:36:48","date_gmt":"2018-08-24T08:36:48","guid":{"rendered":"http:\/\/demo.acmethemes.com\/travel-way\/?page_id=88"},"modified":"2021-03-20T09:12:02","modified_gmt":"2021-03-20T08:12:02","slug":"happy-clients","status":"publish","type":"page","link":"https:\/\/moroccoroads.com\/?page_id=88","title":{"rendered":"Clientes satisfechos"},"content":{"rendered":"<p>Los clientes satisfechos son nuestra mejor publicidad.<\/p>\n<p>A\u00f1o tras a\u00f1o, el grado de satisfacci\u00f3n y fidelidad de nuestros\u00a0 viajeros sigue aumentado. Este es, sin duda, el m\u00e1ximo factor de motivaci\u00f3n que nos lleva, cada d\u00eda,\u00a0 a renovar nuestro compromiso con la calidad y con todos ellos.<\/p>\n<p>Nos esforzamos en cumplir y mejorar sus espectativas y esperamos conseguirlo en cada viaje que nos confian.<\/p>\n","protected":false},"excerpt":{"rendered":"<p>Los clientes satisfechos son nuestra mejor publicidad. A\u00f1o tras a\u00f1o, el grado de satisfacci\u00f3n y fidelidad de nuestros\u00a0 viajeros sigue aumentado. Este es, sin duda, el m\u00e1ximo factor de motivaci\u00f3n que nos lleva, cada d\u00eda,\u00a0 a renovar nuestro compromiso con la calidad y con todos ellos. Nos esforzamos en cumplir y mejorar sus espectativas y [&hellip;]<\/p>\n","protected":false},"author":1,"featured_media":0,"parent":0,"menu_order":0,"comment_status":"closed","ping_status":"closed","template":"","meta":{"footnotes":""},"class_list":["post-88","page","type-page","status-publish","hentry"],"_links":{"self":[{"href":"https:\/\/moroccoroads.com\/index.php?rest_route=\/wp\/v2\/pages\/88","targetHints":{"allow":["GET"]}}],"collection":[{"href":"https:\/\/moroccoroads.com\/index.php?rest_route=\/wp\/v2\/pages"}],"about":[{"href":"https:\/\/moroccoroads.com\/index.php?rest_route=\/wp\/v2\/types\/page"}],"author":[{"embeddable":true,"href":"https:\/\/moroccoroads.com\/index.php?rest_route=\/wp\/v2\/users\/1"}],"replies":[{"embeddable":true,"href":"https:\/\/moroccoroads.com\/index.php?rest_route=%2Fwp%2Fv2%2Fcomments&post=88"}],"version-history":[{"count":2,"href":"https:\/\/moroccoroads.com\/index.php?rest_route=\/wp\/v2\/pages\/88\/revisions"}],"predecessor-version":[{"id":570,"href":"https:\/\/moroccoroads.com\/index.php?rest_route=\/wp\/v2\/pages\/88\/revisions\/570"}],"wp:attachment":[{"href":"https:\/\/moroccoroads.com\/index.php?rest_route=%2Fwp%2Fv2%2Fmedia&parent=88"}],"curies":[{"name":"wp","href":"https:\/\/api.w.org\/{rel}","templated":true}]}}