{"id":92,"date":"2018-08-24T08:37:35","date_gmt":"2018-08-24T08:37:35","guid":{"rendered":"http:\/\/demo.acmethemes.com\/travel-way\/?page_id=92"},"modified":"2021-03-20T09:12:02","modified_gmt":"2021-03-20T08:12:02","slug":"handpicked-hotels","status":"publish","type":"page","link":"https:\/\/moroccoroads.com\/?page_id=92","title":{"rendered":"Alojamiento"},"content":{"rendered":"<div class=\"row row-title\">\n<div class=\"col-xs-12 text-center\">\n<p class=\"lead\">\n<\/div>\n<\/div>\n<div class=\"row\">\n<div class=\"col-xs-12 text-center\">\n<p><span style=\"font-size: inherit;\">Te ofrecemos los mejores alojamientos en Marruecos: los riads. Si est\u00e1s deseando disfrutar de unas vacaciones de ensue\u00f1o, nosotros te aportamos la mejor soluci\u00f3n. Una cuidadosa selecci\u00f3n de riads con encanto que te brindar\u00e1n la mejor experiencia en tu viaje. <\/span><\/p>\n<p>Riad en \u00e1rabe significa \u00ab<em>jard\u00edn\u00bb,\u00a0 <\/em>se trata de una construcci\u00f3n que se define por <strong>un patio interior<\/strong>,\u00a0<strong>alrededor del cual se distribuyen las habitaciones y algunas zonas comunes<\/strong>. Es precisamente este patio interior el que suele caracterizar el alojamiento, y suele estar decorado con\u00a0<strong>mosaicos y plantas<\/strong>\u00a0e, incluso en alguna ocasi\u00f3n, referencias al agua, como una\u00a0<strong>fuente<\/strong>\u00a0o incluso una\u00a0<strong>piscina<\/strong>. Suelen tener dos o tres plantas como mucho, y disponen de un reducido n\u00famero de habitaciones.<\/p>\n<p>Con respecto a lo que pueden ofrecer, si bien por su tama\u00f1o no tienen un gran n\u00famero de espacios comunes, no faltar\u00e1n las comodidades de las que puede llegar a disponer, por ejemplo,\u00a0<strong>un hotel con encanto espa\u00f1ol<\/strong>: recepci\u00f3n, habitaciones con ba\u00f1o incluido, desayuno, media pensi\u00f3n, etc., a lo que adem\u00e1s hay que a\u00f1adir una decoraci\u00f3n exquisita.<\/p>\n<p>Otra diferencia b\u00e1sica a tener en cuenta est\u00e1 basada en su tama\u00f1o: al tener una capacidad media de 5 habitaciones, posibilita que el trato con el cliente sea <strong>mucho m\u00e1s cercano y personalizado<\/strong>, lo que provoca la sensaci\u00f3n de estar en casa de un amigo o familiar.<\/p>\n<p>Esa intimidad que transmite y el trato cercano con el personal hace que mejore la sensaci\u00f3n de estar viviendo el <strong>estilo de vida marroqu\u00ed.\u00a0<\/strong><\/p>\n<\/div>\n<\/div>\n","protected":false},"excerpt":{"rendered":"<p>Te ofrecemos los mejores alojamientos en Marruecos: los riads. Si est\u00e1s deseando disfrutar de unas vacaciones de ensue\u00f1o, nosotros te aportamos la mejor soluci\u00f3n. Una cuidadosa selecci\u00f3n de riads con encanto que te brindar\u00e1n la mejor experiencia en tu viaje. Riad en \u00e1rabe significa \u00abjard\u00edn\u00bb,\u00a0 se trata de una construcci\u00f3n que se define por un [&hellip;]<\/p>\n","protected":false},"author":1,"featured_media":0,"parent":0,"menu_order":0,"comment_status":"closed","ping_status":"closed","template":"","meta":{"footnotes":""},"class_list":["post-92","page","type-page","status-publish","hentry"],"_links":{"self":[{"href":"https:\/\/moroccoroads.com\/index.php?rest_route=\/wp\/v2\/pages\/92","targetHints":{"allow":["GET"]}}],"collection":[{"href":"https:\/\/moroccoroads.com\/index.php?rest_route=\/wp\/v2\/pages"}],"about":[{"href":"https:\/\/moroccoroads.com\/index.php?rest_route=\/wp\/v2\/types\/page"}],"author":[{"embeddable":true,"href":"https:\/\/moroccoroads.com\/index.php?rest_route=\/wp\/v2\/users\/1"}],"replies":[{"embeddable":true,"href":"https:\/\/moroccoroads.com\/index.php?rest_route=%2Fwp%2Fv2%2Fcomments&post=92"}],"version-history":[{"count":7,"href":"https:\/\/moroccoroads.com\/index.php?rest_route=\/wp\/v2\/pages\/92\/revisions"}],"predecessor-version":[{"id":638,"href":"https:\/\/moroccoroads.com\/index.php?rest_route=\/wp\/v2\/pages\/92\/revisions\/638"}],"wp:attachment":[{"href":"https:\/\/moroccoroads.com\/index.php?rest_route=%2Fwp%2Fv2%2Fmedia&parent=92"}],"curies":[{"name":"wp","href":"https:\/\/api.w.org\/{rel}","templated":true}]}}